{"id":114,"date":"2020-11-01T16:40:13","date_gmt":"2020-11-01T15:40:13","guid":{"rendered":"http:\/\/coquetiers.com\/WPCoquetie\/?page_id=114"},"modified":"2020-12-30T17:33:41","modified_gmt":"2020-12-30T16:33:41","slug":"la-passerelle","status":"publish","type":"page","link":"https:\/\/coquetiers.com\/WPCoquetie\/?page_id=114","title":{"rendered":"Passerelle de la ligne Paris-Est"},"content":{"rendered":"\n<div class=\"wp-block-group\"><div class=\"wp-block-group__inner-container is-layout-flow wp-block-group-is-layout-flow\">\n<div class=\"wp-block-group\"><div class=\"wp-block-group__inner-container is-layout-flow wp-block-group-is-layout-flow\">\n<div class=\"wp-block-columns is-layout-flex wp-container-core-columns-layout-1 wp-block-columns-is-layout-flex\">\n<div class=\"wp-block-column is-layout-flow wp-block-column-is-layout-flow\" style=\"flex-basis:33.33%\">\n<figure class=\"wp-block-image size-large\"><img loading=\"lazy\" decoding=\"async\" width=\"300\" height=\"245\" src=\"https:\/\/coquetiers.com\/WPCoquetie\/wp-content\/uploads\/2020\/11\/Passerelle.gif\" alt=\"\" class=\"wp-image-158\"\/><\/figure>\n<\/div>\n\n\n\n<div class=\"wp-block-column is-layout-flow wp-block-column-is-layout-flow\" style=\"flex-basis:66.66%\">\n<p>Cette passerelle pi\u00e9tons existe encore aujourd&rsquo;hui bien que reconstruite avec l&rsquo;\u00e9largissement des la voie ferr\u00e9e. Tr\u00e8s utilis\u00e9e par les scolaires (Ecoles Foch, Montgolfier, Coll\u00e8ge Jean de Beaumont), cette passerelle marque depuis plus d&rsquo;un si\u00e9cle ce quartier.<\/p>\n<\/div>\n<\/div>\n<\/div><\/div>\n<\/div><\/div>\n\n\n<style>#jtg-123 .modula-item { box-shadow: #ffffff 0px 0px 6px; }#jtg-123 .modula-item .jtg-social a, .lightbox-socials.jtg-social a{ color: #ffffff }#jtg-123 .modula-item .jtg-social svg, .lightbox-socials.jtg-social svg { height: 16px; width: 16px }#jtg-123 .modula-item .jtg-social a:not(:last-child), .lightbox-socials.jtg-social a:not(:last-child) { margin-right: 10px }#jtg-123 .modula-item .figc {color:#ffffff;}#jtg-123 .modula-item .modula-item-content { transform: scale(1) }#jtg-123 .modula-items .figc p.description { font-size:14px; }#jtg-123 .modula-items .figc p.description { color:#ffffff;}#jtg-123.modula-gallery .modula-item > a, #jtg-123.modula-gallery .modula-item, #jtg-123.modula-gallery .modula-item-content > a:not(.modula-no-follow) { cursor:zoom-in; } #jtg-123.modula-gallery .modula-item-content .modula-no-follow { cursor: default; } @media screen and (max-width:480px){#jtg-123 .modula-item .figc .jtg-title {  font-size: 12px; }#jtg-123 .modula-items .figc p.description { color:#ffffff;font-size:10px; }}<\/style>\n<!-- Gallery Container -->\n<div  id=\"jtg-123\" class=\"modula modula-gallery modula-custom-grid\" data-config=\"{&quot;height&quot;:0,&quot;tabletHeight&quot;:0,&quot;mobileHeight&quot;:0,&quot;desktopHeight&quot;:0,&quot;enableTwitter&quot;:false,&quot;enableWhatsapp&quot;:false,&quot;enableFacebook&quot;:false,&quot;enablePinterest&quot;:false,&quot;enableLinkedin&quot;:false,&quot;enableEmail&quot;:false,&quot;randomFactor&quot;:0,&quot;type&quot;:&quot;custom-grid&quot;,&quot;columns&quot;:12,&quot;gutter&quot;:10,&quot;mobileGutter&quot;:10,&quot;tabletGutter&quot;:10,&quot;desktopGutter&quot;:10,&quot;enableResponsive&quot;:&quot;0&quot;,&quot;tabletColumns&quot;:&quot;2&quot;,&quot;mobileColumns&quot;:&quot;1&quot;,&quot;lazyLoad&quot;:&quot;0&quot;,&quot;lightboxOpts&quot;:{&quot;loop&quot;:false,&quot;arrows&quot;:true,&quot;toolbar&quot;:true,&quot;keyboard&quot;:true,&quot;wheel&quot;:false,&quot;buttons&quot;:[&quot;close&quot;],&quot;hash&quot;:false,&quot;lang&quot;:&quot;en&quot;,&quot;touch&quot;:false,&quot;protect&quot;:false,&quot;i18n&quot;:{&quot;en&quot;:{&quot;CLOSE&quot;:&quot;Close&quot;,&quot;NEXT&quot;:&quot;Next&quot;,&quot;PREV&quot;:&quot;Previous&quot;,&quot;Error&quot;:&quot;The requested content cannot be loaded. Please try again later.&quot;,&quot;PLAY_START&quot;:&quot;Start slideshow&quot;,&quot;PLAY_STOP&quot;:&quot;Pause slideshow&quot;,&quot;FULL_SCREEN&quot;:&quot;Full screen&quot;,&quot;THUMBS&quot;:&quot;Thumbnails&quot;,&quot;DOWNLOAD&quot;:&quot;Download&quot;,&quot;SHARE&quot;:&quot;Share&quot;,&quot;ZOOM&quot;:&quot;Zoom&quot;}},&quot;clickSlide&quot;:false,&quot;clickOutside&quot;:false,&quot;dblclickContent&quot;:false,&quot;dblclickSlide&quot;:false,&quot;dblclickOutside&quot;:false,&quot;clickContent&quot;:false,&quot;baseTpl&quot;:&quot;&lt;div class=\\&quot;modula-fancybox-container modula-lightbox-jtg-123\\&quot; role=\\&quot;dialog\\&quot; tabindex=\\&quot;-1\\&quot;&gt;&lt;div class=\\&quot;modula-fancybox-bg\\&quot;&gt;&lt;\\\/div&gt;&lt;div class=\\&quot;modula-fancybox-inner\\&quot;&gt;&lt;div class=\\&quot;modula-fancybox-infobar\\&quot;&gt;&lt;span data-fancybox-index&gt;&lt;\\\/span&gt;&nbsp;\\\/&nbsp;&lt;span data-fancybox-count&gt;&lt;\\\/span&gt;&lt;\\\/div&gt;&lt;div class=\\&quot;modula-fancybox-toolbar\\&quot;&gt;{{buttons}}&lt;\\\/div&gt;&lt;div class=\\&quot;modula-fancybox-navigation\\&quot;&gt;{{arrows}}&lt;\\\/div&gt;&lt;div class=\\&quot;modula-fancybox-stage\\&quot;&gt;&lt;\\\/div&gt;&lt;div class=\\&quot;modula-fancybox-caption\\&quot;&gt;&lt;div class=\\&quot;modula-fancybox-caption__body\\&quot;&gt;&lt;\\\/div&gt;&lt;\\\/div&gt;&lt;\\\/div&gt;&lt;\\\/div&gt;&quot;},&quot;inView&quot;:false,&quot;email_subject&quot;:&quot;Check out this awesome image !!&quot;,&quot;email_message&quot;:&quot;Here is the link to the image : %%image_link%% and this is the link to the gallery : %%gallery_link%%&quot;,&quot;lightbox&quot;:&quot;fancybox&quot;}\">\n\n\t\n\t<!-- Items Container -->\n\t<div  class=\"modula-items\">\n\t\t<div class=\"modula-item effect-pufrobo\" data-width=\"12\" data-height=\"9\" >\n\t<div class=\"modula-item-overlay\"><\/div>\n\n\t<div class=\"modula-item-content\">\n\n\t\t\t\t\n\t\t\t\t\t<a data-image-id=\"70\" rel=\"jtg-123\" data-caption=\"Les habitants du quartier, accompagn\u00e9s de leurs enfants, posent pour le photographe en cette belle journ\u00e9e de printemps. Les hommes \u00e0 droites, femmes et enfants \u00e0 gauche. La carte est coloris\u00e9e, et doit dater de 1910.\" aria-label=\"Open image in lightbox\" class=\"tile-inner modula-item-link\"><\/a>\n\t\t\n\t\t<img loading=\"lazy\" decoding=\"async\" class=\"pic wp-image-70\"  data-valign=\"middle\" data-halign=\"center\" alt=\"Passerelle Coquetiers\" data-full=\"https:\/\/coquetiers.com\/WPCoquetie\/wp-content\/uploads\/2020\/11\/passerelle_03.jpg\" title=\"Passerelle et habitants\" width=\"300\" height=\"197\" src=\"https:\/\/coquetiers.com\/WPCoquetie\/wp-content\/uploads\/2020\/11\/passerelle_03-300x197.jpg\" data-src=\"https:\/\/coquetiers.com\/WPCoquetie\/wp-content\/uploads\/2020\/11\/passerelle_03-300x197.jpg\" data-caption=\"Les habitants du quartier, accompagn\u00e9s de leurs enfants, posent pour le photographe en cette belle journ\u00e9e de printemps. Les hommes \u00e0 droites, femmes et enfants \u00e0 gauche. La carte est coloris\u00e9e, et doit dater de 1910.\"srcset=\"https:\/\/coquetiers.com\/WPCoquetie\/wp-content\/uploads\/2020\/11\/passerelle_03.jpg 1000w, https:\/\/coquetiers.com\/WPCoquetie\/wp-content\/uploads\/2020\/11\/passerelle_03-300x197.jpg 300w, https:\/\/coquetiers.com\/WPCoquetie\/wp-content\/uploads\/2020\/11\/passerelle_03-768x503.jpg 768w, https:\/\/coquetiers.com\/WPCoquetie\/wp-content\/uploads\/2020\/11\/passerelle_03-973x637.jpg 973w, https:\/\/coquetiers.com\/WPCoquetie\/wp-content\/uploads\/2020\/11\/passerelle_03-508x333.jpg 508w\" sizes=\"(max-width: 300px) 100vw, 300px\"\" srcset=\"https:\/\/coquetiers.com\/WPCoquetie\/wp-content\/uploads\/2020\/11\/passerelle_03-300x197.jpg 300w, https:\/\/coquetiers.com\/WPCoquetie\/wp-content\/uploads\/2020\/11\/passerelle_03-768x503.jpg 768w, https:\/\/coquetiers.com\/WPCoquetie\/wp-content\/uploads\/2020\/11\/passerelle_03-973x637.jpg 973w, https:\/\/coquetiers.com\/WPCoquetie\/wp-content\/uploads\/2020\/11\/passerelle_03-508x333.jpg 508w, https:\/\/coquetiers.com\/WPCoquetie\/wp-content\/uploads\/2020\/11\/passerelle_03.jpg 1000w\" \/>\n\t\t<div class=\"figc\">\n\t\t\t<div class=\"figc-inner\">\n\t\t\t\t\t\t\t\t\t<div class='jtg-title'>Passerelle et habitants<\/div>\n\t\t\t\t\t\t\t\t\t\t\t\t\t<p class=\"description\">Les habitants du quartier, accompagn\u00e9s de leurs enfants, posent pour le photographe en cette belle journ\u00e9e de printemps. Les hommes \u00e0 droites, femmes et enfants \u00e0 gauche. La carte est coloris\u00e9e, et doit dater de 1910.<\/p>\n\t\t\t\t\t\t\t\t\t\t\t<\/div>\n\t\t<\/div>\n\n\t<\/div>\n\n<\/div><div class=\"modula-item effect-pufrobo\" data-width=\"12\" data-height=\"8\" >\n\t<div class=\"modula-item-overlay\"><\/div>\n\n\t<div class=\"modula-item-content\">\n\n\t\t\t\t\n\t\t\t\t\t<a data-image-id=\"68\" rel=\"jtg-123\" data-caption=\"\nTrois enfants enchapeaut\u00e9s qui se donnent la main et un commis boucher posent pr\u00e8s de la passerelle. Deux ouvriers mara\u00eecher travaillent sur une parcelle qui n&#039;est pas encore construite.\" aria-label=\"Open image in lightbox\" class=\"tile-inner modula-item-link\"><\/a>\n\t\t\n\t\t<img loading=\"lazy\" decoding=\"async\" class=\"pic wp-image-68\"  data-valign=\"top\" data-halign=\"center\" alt=\"Passerelle Coquetiers\" data-full=\"https:\/\/coquetiers.com\/WPCoquetie\/wp-content\/uploads\/2020\/11\/passerelle_01.jpg\" title=\"Les trois enfants devant la passerelle\" width=\"300\" height=\"196\" src=\"https:\/\/coquetiers.com\/WPCoquetie\/wp-content\/uploads\/2020\/11\/passerelle_01-300x196.jpg\" data-src=\"https:\/\/coquetiers.com\/WPCoquetie\/wp-content\/uploads\/2020\/11\/passerelle_01-300x196.jpg\" data-caption=\"\nTrois enfants enchapeaut\u00e9s qui se donnent la main et un commis boucher posent pr\u00e8s de la passerelle. Deux ouvriers mara\u00eecher travaillent sur une parcelle qui n&#039;est pas encore construite.\"srcset=\"https:\/\/coquetiers.com\/WPCoquetie\/wp-content\/uploads\/2020\/11\/passerelle_01.jpg 1000w, https:\/\/coquetiers.com\/WPCoquetie\/wp-content\/uploads\/2020\/11\/passerelle_01-300x196.jpg 300w, https:\/\/coquetiers.com\/WPCoquetie\/wp-content\/uploads\/2020\/11\/passerelle_01-768x502.jpg 768w, https:\/\/coquetiers.com\/WPCoquetie\/wp-content\/uploads\/2020\/11\/passerelle_01-973x636.jpg 973w, https:\/\/coquetiers.com\/WPCoquetie\/wp-content\/uploads\/2020\/11\/passerelle_01-508x332.jpg 508w\" sizes=\"(max-width: 300px) 100vw, 300px\"\" srcset=\"https:\/\/coquetiers.com\/WPCoquetie\/wp-content\/uploads\/2020\/11\/passerelle_01-300x196.jpg 300w, https:\/\/coquetiers.com\/WPCoquetie\/wp-content\/uploads\/2020\/11\/passerelle_01-768x502.jpg 768w, https:\/\/coquetiers.com\/WPCoquetie\/wp-content\/uploads\/2020\/11\/passerelle_01-973x636.jpg 973w, https:\/\/coquetiers.com\/WPCoquetie\/wp-content\/uploads\/2020\/11\/passerelle_01-508x332.jpg 508w, https:\/\/coquetiers.com\/WPCoquetie\/wp-content\/uploads\/2020\/11\/passerelle_01.jpg 1000w\" \/>\n\t\t<div class=\"figc\">\n\t\t\t<div class=\"figc-inner\">\n\t\t\t\t\t\t\t\t\t<div class='jtg-title'>Les trois enfants devant la passerelle<\/div>\n\t\t\t\t\t\t\t\t\t\t\t\t\t<p class=\"description\">\nTrois enfants enchapeaut\u00e9s qui se donnent la main et un commis boucher posent pr\u00e8s de la passerelle. Deux ouvriers mara\u00eecher travaillent sur une parcelle qui n'est pas encore construite.<\/p>\n\t\t\t\t\t\t\t\t\t\t\t<\/div>\n\t\t<\/div>\n\n\t<\/div>\n\n<\/div><div class=\"modula-item effect-pufrobo\" data-width=\"12\" data-height=\"9\" >\n\t<div class=\"modula-item-overlay\"><\/div>\n\n\t<div class=\"modula-item-content\">\n\n\t\t\t\t\n\t\t\t\t\t<a data-image-id=\"71\" rel=\"jtg-123\" data-caption=\"Cette passerelle rejoint deux quartiers de Villemomble s\u00e9par\u00e9s par la ligne de l&#039;Est. Cette passerelle existe aujourd&#039;hui encore mais a \u00e9t\u00e9 transform\u00e9e suite \u00e0 l&#039;\u00e9largissement des voies ferr\u00e9es.\" aria-label=\"Open image in lightbox\" class=\"tile-inner modula-item-link\"><\/a>\n\t\t\n\t\t<img loading=\"lazy\" decoding=\"async\" class=\"pic wp-image-71\"  data-valign=\"middle\" data-halign=\"center\" alt=\"Passerelle Coquetiers\" data-full=\"https:\/\/coquetiers.com\/WPCoquetie\/wp-content\/uploads\/2020\/11\/passerelle_04.jpg\" title=\"La passerelle des Coquetiers\" width=\"300\" height=\"194\" src=\"https:\/\/coquetiers.com\/WPCoquetie\/wp-content\/uploads\/2020\/11\/passerelle_04-300x194.jpg\" data-src=\"https:\/\/coquetiers.com\/WPCoquetie\/wp-content\/uploads\/2020\/11\/passerelle_04-300x194.jpg\" data-caption=\"Cette passerelle rejoint deux quartiers de Villemomble s\u00e9par\u00e9s par la ligne de l&#039;Est. Cette passerelle existe aujourd&#039;hui encore mais a \u00e9t\u00e9 transform\u00e9e suite \u00e0 l&#039;\u00e9largissement des voies ferr\u00e9es.\"srcset=\"https:\/\/coquetiers.com\/WPCoquetie\/wp-content\/uploads\/2020\/11\/passerelle_04.jpg 1000w, https:\/\/coquetiers.com\/WPCoquetie\/wp-content\/uploads\/2020\/11\/passerelle_04-300x194.jpg 300w, https:\/\/coquetiers.com\/WPCoquetie\/wp-content\/uploads\/2020\/11\/passerelle_04-768x496.jpg 768w, https:\/\/coquetiers.com\/WPCoquetie\/wp-content\/uploads\/2020\/11\/passerelle_04-973x629.jpg 973w, https:\/\/coquetiers.com\/WPCoquetie\/wp-content\/uploads\/2020\/11\/passerelle_04-508x328.jpg 508w\" sizes=\"(max-width: 300px) 100vw, 300px\"\" srcset=\"https:\/\/coquetiers.com\/WPCoquetie\/wp-content\/uploads\/2020\/11\/passerelle_04-300x194.jpg 300w, https:\/\/coquetiers.com\/WPCoquetie\/wp-content\/uploads\/2020\/11\/passerelle_04-768x496.jpg 768w, https:\/\/coquetiers.com\/WPCoquetie\/wp-content\/uploads\/2020\/11\/passerelle_04-973x629.jpg 973w, https:\/\/coquetiers.com\/WPCoquetie\/wp-content\/uploads\/2020\/11\/passerelle_04-508x328.jpg 508w, https:\/\/coquetiers.com\/WPCoquetie\/wp-content\/uploads\/2020\/11\/passerelle_04.jpg 1000w\" \/>\n\t\t<div class=\"figc\">\n\t\t\t<div class=\"figc-inner\">\n\t\t\t\t\t\t\t\t\t<div class='jtg-title'>La passerelle des Coquetiers<\/div>\n\t\t\t\t\t\t\t\t\t\t\t\t\t<p class=\"description\">Cette passerelle rejoint deux quartiers de Villemomble s\u00e9par\u00e9s par la ligne de l'Est. Cette passerelle existe aujourd'hui encore mais a \u00e9t\u00e9 transform\u00e9e suite \u00e0 l'\u00e9largissement des voies ferr\u00e9es.<\/p>\n\t\t\t\t\t\t\t\t\t\t\t<\/div>\n\t\t<\/div>\n\n\t<\/div>\n\n<\/div><div class=\"modula-item effect-pufrobo\" data-width=\"8\" data-height=\"13\" >\n\t<div class=\"modula-item-overlay\"><\/div>\n\n\t<div class=\"modula-item-content\">\n\n\t\t\t\t\n\t\t\t\t\t<a data-image-id=\"69\" rel=\"jtg-123\" data-caption=\"Deux hommes posent en haut de la passerelle. Un ouvrier et un facteur \u00e0 grandes moustaches.\" aria-label=\"Open image in lightbox\" class=\"tile-inner modula-item-link\"><\/a>\n\t\t\n\t\t<img loading=\"lazy\" decoding=\"async\" class=\"pic wp-image-69\"  data-valign=\"middle\" data-halign=\"center\" alt=\"Passerelle Coquetiers\" data-full=\"https:\/\/coquetiers.com\/WPCoquetie\/wp-content\/uploads\/2020\/11\/passerelle_02.jpg\" title=\"Passerelle Anim\u00e9e\" width=\"189\" height=\"300\" src=\"https:\/\/coquetiers.com\/WPCoquetie\/wp-content\/uploads\/2020\/11\/passerelle_02-189x300.jpg\" data-src=\"https:\/\/coquetiers.com\/WPCoquetie\/wp-content\/uploads\/2020\/11\/passerelle_02-189x300.jpg\" data-caption=\"Deux hommes posent en haut de la passerelle. Un ouvrier et un facteur \u00e0 grandes moustaches.\"srcset=\"https:\/\/coquetiers.com\/WPCoquetie\/wp-content\/uploads\/2020\/11\/passerelle_02.jpg 631w, https:\/\/coquetiers.com\/WPCoquetie\/wp-content\/uploads\/2020\/11\/passerelle_02-189x300.jpg 189w, https:\/\/coquetiers.com\/WPCoquetie\/wp-content\/uploads\/2020\/11\/passerelle_02-508x805.jpg 508w\" sizes=\"(max-width: 189px) 100vw, 189px\"\" srcset=\"https:\/\/coquetiers.com\/WPCoquetie\/wp-content\/uploads\/2020\/11\/passerelle_02-189x300.jpg 189w, https:\/\/coquetiers.com\/WPCoquetie\/wp-content\/uploads\/2020\/11\/passerelle_02-508x805.jpg 508w, https:\/\/coquetiers.com\/WPCoquetie\/wp-content\/uploads\/2020\/11\/passerelle_02.jpg 631w\" \/>\n\t\t<div class=\"figc\">\n\t\t\t<div class=\"figc-inner\">\n\t\t\t\t\t\t\t\t\t<div class='jtg-title'>Passerelle Anim\u00e9e<\/div>\n\t\t\t\t\t\t\t\t\t\t\t\t\t<p class=\"description\">Deux hommes posent en haut de la passerelle. Un ouvrier et un facteur \u00e0 grandes moustaches.<\/p>\n\t\t\t\t\t\t\t\t\t\t\t<\/div>\n\t\t<\/div>\n\n\t<\/div>\n\n<\/div><div class=\"modula-item effect-pufrobo\" data-width=\"8\" data-height=\"10\" >\n\t<div class=\"modula-item-overlay\"><\/div>\n\n\t<div class=\"modula-item-content\">\n\n\t\t\t\t\n\t\t\t\t\t<a data-image-id=\"367\" rel=\"jtg-123\" data-caption=\"La passerelle des Coquetiers existe toujours aujourd&#039;hui, elle reste tr\u00e8s fr\u00e9quent\u00e9e.\" aria-label=\"Open image in lightbox\" class=\"tile-inner modula-item-link\"><\/a>\n\t\t\n\t\t<img loading=\"lazy\" decoding=\"async\" class=\"pic wp-image-367\"  data-valign=\"middle\" data-halign=\"center\" alt=\"Passerelle Coquetiers\" data-full=\"https:\/\/coquetiers.com\/WPCoquetie\/wp-content\/uploads\/2020\/12\/passerelle_02.jpg\" title=\"Passerelle, ann\u00e9es 2000\" width=\"225\" height=\"300\" src=\"https:\/\/coquetiers.com\/WPCoquetie\/wp-content\/uploads\/2020\/12\/passerelle_02-225x300.jpg\" data-src=\"https:\/\/coquetiers.com\/WPCoquetie\/wp-content\/uploads\/2020\/12\/passerelle_02-225x300.jpg\" data-caption=\"La passerelle des Coquetiers existe toujours aujourd&#039;hui, elle reste tr\u00e8s fr\u00e9quent\u00e9e.\"srcset=\"https:\/\/coquetiers.com\/WPCoquetie\/wp-content\/uploads\/2020\/12\/passerelle_02.jpg 450w, https:\/\/coquetiers.com\/WPCoquetie\/wp-content\/uploads\/2020\/12\/passerelle_02-225x300.jpg 225w\" sizes=\"(max-width: 225px) 100vw, 225px\"\" srcset=\"https:\/\/coquetiers.com\/WPCoquetie\/wp-content\/uploads\/2020\/12\/passerelle_02-225x300.jpg 225w, https:\/\/coquetiers.com\/WPCoquetie\/wp-content\/uploads\/2020\/12\/passerelle_02.jpg 450w\" \/>\n\t\t<div class=\"figc\">\n\t\t\t<div class=\"figc-inner\">\n\t\t\t\t\t\t\t\t\t<div class='jtg-title'>Passerelle, ann\u00e9es 2000<\/div>\n\t\t\t\t\t\t\t\t\t\t\t\t\t<p class=\"description\">La passerelle des Coquetiers existe toujours aujourd'hui, elle reste tr\u00e8s fr\u00e9quent\u00e9e.<\/p>\n\t\t\t\t\t\t\t\t\t\t\t<\/div>\n\t\t<\/div>\n\n\t<\/div>\n\n<\/div>\t\t\n\t<\/div>\n\n\t\n\t\n\t<script type=\"application\/ld+json\">\n\t{\n\t\t\"@context\": \"http:\/\/schema.org\",\n\t\t\"@type\"   : \"ImageGallery\",\n\t\t\"id\"      : \"https:\/\/coquetiers.com\/WPCoquetie\",\n\t\t\"url\"     : \"https:\/\/coquetiers.com\/WPCoquetie\"\n\t}\n\n    <\/script>\n\n\t\n<\/div>","protected":false},"excerpt":{"rendered":"<p>Cette passerelle pi\u00e9tons existe encore aujourd&rsquo;hui bien que reconstruite avec l&rsquo;\u00e9largissement des la voie ferr\u00e9e. Tr\u00e8s utilis\u00e9e par les scolaires (Ecoles Foch, Montgolfier, Coll\u00e8ge Jean de Beaumont), cette passerelle marque depuis plus d&rsquo;un si\u00e9cle ce quartier.<\/p>\n","protected":false},"author":1,"featured_media":0,"parent":0,"menu_order":4,"comment_status":"open","ping_status":"closed","template":"","meta":{"footnotes":""},"_links":{"self":[{"href":"https:\/\/coquetiers.com\/WPCoquetie\/index.php?rest_route=\/wp\/v2\/pages\/114"}],"collection":[{"href":"https:\/\/coquetiers.com\/WPCoquetie\/index.php?rest_route=\/wp\/v2\/pages"}],"about":[{"href":"https:\/\/coquetiers.com\/WPCoquetie\/index.php?rest_route=\/wp\/v2\/types\/page"}],"author":[{"embeddable":true,"href":"https:\/\/coquetiers.com\/WPCoquetie\/index.php?rest_route=\/wp\/v2\/users\/1"}],"replies":[{"embeddable":true,"href":"https:\/\/coquetiers.com\/WPCoquetie\/index.php?rest_route=%2Fwp%2Fv2%2Fcomments&post=114"}],"version-history":[{"count":8,"href":"https:\/\/coquetiers.com\/WPCoquetie\/index.php?rest_route=\/wp\/v2\/pages\/114\/revisions"}],"predecessor-version":[{"id":383,"href":"https:\/\/coquetiers.com\/WPCoquetie\/index.php?rest_route=\/wp\/v2\/pages\/114\/revisions\/383"}],"wp:attachment":[{"href":"https:\/\/coquetiers.com\/WPCoquetie\/index.php?rest_route=%2Fwp%2Fv2%2Fmedia&parent=114"}],"curies":[{"name":"wp","href":"https:\/\/api.w.org\/{rel}","templated":true}]}}