{"id":166,"date":"2020-11-05T12:35:09","date_gmt":"2020-11-05T11:35:09","guid":{"rendered":"https:\/\/coquetiers.com\/WPCoquetie\/?page_id=166"},"modified":"2020-12-29T18:27:27","modified_gmt":"2020-12-29T17:27:27","slug":"hotel-au-souvenir-de-la-foret","status":"publish","type":"page","link":"https:\/\/coquetiers.com\/WPCoquetie\/?page_id=166","title":{"rendered":"H\u00f4tel \u00ab\u00a0Au Souvenir de la For\u00eat\u00a0\u00bb"},"content":{"rendered":"\n<p><\/p>\n\n\n\n<div class=\"wp-block-columns is-layout-flex wp-container-core-columns-layout-1 wp-block-columns-is-layout-flex\">\n<div class=\"wp-block-column is-layout-flow wp-block-column-is-layout-flow\" style=\"flex-basis:33.33%\">\n<figure class=\"wp-block-image size-large\"><img loading=\"lazy\" decoding=\"async\" width=\"300\" height=\"318\" src=\"https:\/\/coquetiers.com\/WPCoquetie\/wp-content\/uploads\/2020\/11\/carrefour_franklin_04.gif\" alt=\"\" class=\"wp-image-167\"\/><\/figure>\n<\/div>\n\n\n\n<div class=\"wp-block-column is-layout-flow wp-block-column-is-layout-flow\" style=\"flex-basis:66.66%\">\n<p>Les Coquetiers, comme de nombreuses banlieues autour de Paris, \u00e9taient des lieux de vill\u00e9giature, de cong\u00e9s. Les \u00e9tablissements de loisirs \u00e9taient nombreux. H\u00f4tel, Guinguettes,&#8230; parmi ces lieux, l&rsquo;H\u00f4tel Au Souvenir de la For\u00eat se dresse pr\u00e8s du passage \u00e0 niveau des Coquetiers. Le nom de cet h\u00f4tel fait r\u00e9f\u00e9rence \u00e0 la For\u00eat de Bondy qui s&rsquo;\u00e9tendait encore \u00e0 quelques encablures dans les ann\u00e9es 1900-1920.<\/p>\n<\/div>\n<\/div>\n\n\n<style>#jtg-170 .modula-item { box-shadow: #ffffff 0px 0px 6px; }#jtg-170 .modula-item .jtg-social a, .lightbox-socials.jtg-social a{ color: #ffffff }#jtg-170 .modula-item .jtg-social svg, .lightbox-socials.jtg-social svg { height: 16px; width: 16px }#jtg-170 .modula-item .jtg-social a:not(:last-child), .lightbox-socials.jtg-social a:not(:last-child) { margin-right: 10px }#jtg-170 .modula-item .figc {color:#ffffff;}#jtg-170 .modula-item .modula-item-content { transform: scale(1) }#jtg-170 .modula-items .figc p.description { font-size:14px; }#jtg-170 .modula-items .figc p.description { color:#ffffff;}#jtg-170.modula-gallery .modula-item > a, #jtg-170.modula-gallery .modula-item, #jtg-170.modula-gallery .modula-item-content > a:not(.modula-no-follow) { cursor:zoom-in; } #jtg-170.modula-gallery .modula-item-content .modula-no-follow { cursor: default; } @media screen and (max-width:480px){#jtg-170 .modula-item .figc .jtg-title {  font-size: 12px; }#jtg-170 .modula-items .figc p.description { color:#ffffff;font-size:10px; }}<\/style>\n<!-- Gallery Container -->\n<div  id=\"jtg-170\" class=\"modula modula-gallery modula-custom-grid\" data-config=\"{&quot;height&quot;:0,&quot;tabletHeight&quot;:0,&quot;mobileHeight&quot;:0,&quot;desktopHeight&quot;:0,&quot;enableTwitter&quot;:false,&quot;enableWhatsapp&quot;:false,&quot;enableFacebook&quot;:false,&quot;enablePinterest&quot;:false,&quot;enableLinkedin&quot;:false,&quot;enableEmail&quot;:false,&quot;randomFactor&quot;:0,&quot;type&quot;:&quot;custom-grid&quot;,&quot;columns&quot;:12,&quot;gutter&quot;:10,&quot;mobileGutter&quot;:10,&quot;tabletGutter&quot;:10,&quot;desktopGutter&quot;:10,&quot;enableResponsive&quot;:&quot;0&quot;,&quot;tabletColumns&quot;:&quot;2&quot;,&quot;mobileColumns&quot;:&quot;1&quot;,&quot;lazyLoad&quot;:&quot;0&quot;,&quot;lightboxOpts&quot;:{&quot;loop&quot;:false,&quot;arrows&quot;:true,&quot;toolbar&quot;:true,&quot;keyboard&quot;:true,&quot;wheel&quot;:false,&quot;buttons&quot;:[&quot;close&quot;],&quot;hash&quot;:false,&quot;lang&quot;:&quot;en&quot;,&quot;touch&quot;:false,&quot;protect&quot;:false,&quot;i18n&quot;:{&quot;en&quot;:{&quot;CLOSE&quot;:&quot;Close&quot;,&quot;NEXT&quot;:&quot;Next&quot;,&quot;PREV&quot;:&quot;Previous&quot;,&quot;Error&quot;:&quot;The requested content cannot be loaded. Please try again later.&quot;,&quot;PLAY_START&quot;:&quot;Start slideshow&quot;,&quot;PLAY_STOP&quot;:&quot;Pause slideshow&quot;,&quot;FULL_SCREEN&quot;:&quot;Full screen&quot;,&quot;THUMBS&quot;:&quot;Thumbnails&quot;,&quot;DOWNLOAD&quot;:&quot;Download&quot;,&quot;SHARE&quot;:&quot;Share&quot;,&quot;ZOOM&quot;:&quot;Zoom&quot;}},&quot;clickSlide&quot;:false,&quot;clickOutside&quot;:false,&quot;dblclickContent&quot;:false,&quot;dblclickSlide&quot;:false,&quot;dblclickOutside&quot;:false,&quot;clickContent&quot;:false,&quot;baseTpl&quot;:&quot;&lt;div class=\\&quot;modula-fancybox-container modula-lightbox-jtg-170\\&quot; role=\\&quot;dialog\\&quot; tabindex=\\&quot;-1\\&quot;&gt;&lt;div class=\\&quot;modula-fancybox-bg\\&quot;&gt;&lt;\\\/div&gt;&lt;div class=\\&quot;modula-fancybox-inner\\&quot;&gt;&lt;div class=\\&quot;modula-fancybox-infobar\\&quot;&gt;&lt;span data-fancybox-index&gt;&lt;\\\/span&gt;&nbsp;\\\/&nbsp;&lt;span data-fancybox-count&gt;&lt;\\\/span&gt;&lt;\\\/div&gt;&lt;div class=\\&quot;modula-fancybox-toolbar\\&quot;&gt;{{buttons}}&lt;\\\/div&gt;&lt;div class=\\&quot;modula-fancybox-navigation\\&quot;&gt;{{arrows}}&lt;\\\/div&gt;&lt;div class=\\&quot;modula-fancybox-stage\\&quot;&gt;&lt;\\\/div&gt;&lt;div class=\\&quot;modula-fancybox-caption\\&quot;&gt;&lt;div class=\\&quot;modula-fancybox-caption__body\\&quot;&gt;&lt;\\\/div&gt;&lt;\\\/div&gt;&lt;\\\/div&gt;&lt;\\\/div&gt;&quot;},&quot;inView&quot;:false,&quot;email_subject&quot;:&quot;Check out this awesome image !!&quot;,&quot;email_message&quot;:&quot;Here is the link to the image : %%image_link%% and this is the link to the gallery : %%gallery_link%%&quot;,&quot;lightbox&quot;:&quot;fancybox&quot;}\">\n\n\t\n\t<!-- Items Container -->\n\t<div  class=\"modula-items\">\n\t\t<div class=\"modula-item effect-pufrobo\" data-width=\"12\" data-height=\"7\" >\n\t<div class=\"modula-item-overlay\"><\/div>\n\n\t<div class=\"modula-item-content\">\n\n\t\t\t\t\n\t\t\t\t\t<a data-image-id=\"87\" rel=\"jtg-170\" data-caption=\"Le printemps, les enfants jouent dans la rue. Le patron de l&#039;h\u00f4tel pose devant l&#039;entr\u00e9e de sa terrasse. Deux jeunes cyclistes posent sym\u00e9triquement (pr\u00e9sents sur beaucoup d&#039;autres cartes du quartier). A noter la voiture \u00e0 bras pr\u00e9sente dans l&#039;all\u00e9e des Coquetiers (Anatole France) qui dispose maintenant de trottoirs. Les arbres viennent d&#039;\u00eatre plant\u00e9s dans l&#039;All\u00e9e Franklin, \u00e0 droite.\" aria-label=\"Open image in lightbox\" class=\"tile-inner modula-item-link\"><\/a>\n\t\t\n\t\t<img loading=\"lazy\" decoding=\"async\" class=\"pic wp-image-87\"  data-valign=\"middle\" data-halign=\"center\" alt=\"\" data-full=\"https:\/\/coquetiers.com\/WPCoquetie\/wp-content\/uploads\/2020\/11\/souvenir_foret01.jpg\" title=\"Au Souvenir de la For\u00eat, sc\u00e8ne anim\u00e9e\" width=\"300\" height=\"185\" src=\"https:\/\/coquetiers.com\/WPCoquetie\/wp-content\/uploads\/2020\/11\/souvenir_foret01-300x185.jpg\" data-src=\"https:\/\/coquetiers.com\/WPCoquetie\/wp-content\/uploads\/2020\/11\/souvenir_foret01-300x185.jpg\" data-caption=\"Le printemps, les enfants jouent dans la rue. Le patron de l&#039;h\u00f4tel pose devant l&#039;entr\u00e9e de sa terrasse. Deux jeunes cyclistes posent sym\u00e9triquement (pr\u00e9sents sur beaucoup d&#039;autres cartes du quartier). A noter la voiture \u00e0 bras pr\u00e9sente dans l&#039;all\u00e9e des Coquetiers (Anatole France) qui dispose maintenant de trottoirs. Les arbres viennent d&#039;\u00eatre plant\u00e9s dans l&#039;All\u00e9e Franklin, \u00e0 droite.\"srcset=\"https:\/\/coquetiers.com\/WPCoquetie\/wp-content\/uploads\/2020\/11\/souvenir_foret01.jpg 1000w, https:\/\/coquetiers.com\/WPCoquetie\/wp-content\/uploads\/2020\/11\/souvenir_foret01-300x185.jpg 300w, https:\/\/coquetiers.com\/WPCoquetie\/wp-content\/uploads\/2020\/11\/souvenir_foret01-768x474.jpg 768w, https:\/\/coquetiers.com\/WPCoquetie\/wp-content\/uploads\/2020\/11\/souvenir_foret01-973x600.jpg 973w, https:\/\/coquetiers.com\/WPCoquetie\/wp-content\/uploads\/2020\/11\/souvenir_foret01-508x313.jpg 508w\" sizes=\"(max-width: 300px) 100vw, 300px\"\" srcset=\"https:\/\/coquetiers.com\/WPCoquetie\/wp-content\/uploads\/2020\/11\/souvenir_foret01-300x185.jpg 300w, https:\/\/coquetiers.com\/WPCoquetie\/wp-content\/uploads\/2020\/11\/souvenir_foret01-768x474.jpg 768w, https:\/\/coquetiers.com\/WPCoquetie\/wp-content\/uploads\/2020\/11\/souvenir_foret01-973x600.jpg 973w, https:\/\/coquetiers.com\/WPCoquetie\/wp-content\/uploads\/2020\/11\/souvenir_foret01-508x313.jpg 508w, https:\/\/coquetiers.com\/WPCoquetie\/wp-content\/uploads\/2020\/11\/souvenir_foret01.jpg 1000w\" \/>\n\t\t<div class=\"figc\">\n\t\t\t<div class=\"figc-inner\">\n\t\t\t\t\t\t\t\t\t<div class='jtg-title'>Au Souvenir de la For\u00eat, sc\u00e8ne anim\u00e9e<\/div>\n\t\t\t\t\t\t\t\t\t\t\t\t\t<p class=\"description\">Le printemps, les enfants jouent dans la rue. Le patron de l'h\u00f4tel pose devant l'entr\u00e9e de sa terrasse. Deux jeunes cyclistes posent sym\u00e9triquement (pr\u00e9sents sur beaucoup d'autres cartes du quartier). A noter la voiture \u00e0 bras pr\u00e9sente dans l'all\u00e9e des Coquetiers (Anatole France) qui dispose maintenant de trottoirs. Les arbres viennent d'\u00eatre plant\u00e9s dans l'All\u00e9e Franklin, \u00e0 droite.<\/p>\n\t\t\t\t\t\t\t\t\t\t\t<\/div>\n\t\t<\/div>\n\n\t<\/div>\n\n<\/div><div class=\"modula-item effect-pufrobo\" data-width=\"12\" data-height=\"9\" >\n\t<div class=\"modula-item-overlay\"><\/div>\n\n\t<div class=\"modula-item-content\">\n\n\t\t\t\t\n\t\t\t\t\t<a data-image-id=\"24\" rel=\"jtg-170\" data-caption=\"C&#039;est l&#039;heure du d\u00e9jeuner, l&#039;h\u00f4tel du Souvenir de la For\u00eat a dress\u00e9 une table sur sa terrasse. Il fait bon, les vestes sont tomb\u00e9es, un chien est au pieds de son ma\u00eetre. A noter que la rue Anatole France (All\u00e9e des Coquetiers) est \u00e0 peine dessin\u00e9e (il manque les trottoirs...). L&#039;avenue Franklin (All\u00e9e Franklin) n&#039;est pas encore plant\u00e9e d&#039;arbres. Datation vers 1900.\" aria-label=\"Open image in lightbox\" class=\"tile-inner modula-item-link\"><\/a>\n\t\t\n\t\t<img loading=\"lazy\" decoding=\"async\" class=\"pic wp-image-24\"  data-valign=\"middle\" data-halign=\"center\" alt=\"Au Souvenir de la For\u00eat\" data-full=\"https:\/\/coquetiers.com\/WPCoquetie\/wp-content\/uploads\/2020\/11\/avenue_franklin_02.jpg\" title=\"Au Souvenir de la For\u00eat, l&#039;heure du casse-croute\" width=\"300\" height=\"198\" src=\"https:\/\/coquetiers.com\/WPCoquetie\/wp-content\/uploads\/2020\/11\/avenue_franklin_02-300x198.jpg\" data-src=\"https:\/\/coquetiers.com\/WPCoquetie\/wp-content\/uploads\/2020\/11\/avenue_franklin_02-300x198.jpg\" data-caption=\"C&#039;est l&#039;heure du d\u00e9jeuner, l&#039;h\u00f4tel du Souvenir de la For\u00eat a dress\u00e9 une table sur sa terrasse. Il fait bon, les vestes sont tomb\u00e9es, un chien est au pieds de son ma\u00eetre. A noter que la rue Anatole France (All\u00e9e des Coquetiers) est \u00e0 peine dessin\u00e9e (il manque les trottoirs...). L&#039;avenue Franklin (All\u00e9e Franklin) n&#039;est pas encore plant\u00e9e d&#039;arbres. Datation vers 1900.\"srcset=\"https:\/\/coquetiers.com\/WPCoquetie\/wp-content\/uploads\/2020\/11\/avenue_franklin_02.jpg 1000w, https:\/\/coquetiers.com\/WPCoquetie\/wp-content\/uploads\/2020\/11\/avenue_franklin_02-300x198.jpg 300w, https:\/\/coquetiers.com\/WPCoquetie\/wp-content\/uploads\/2020\/11\/avenue_franklin_02-768x506.jpg 768w, https:\/\/coquetiers.com\/WPCoquetie\/wp-content\/uploads\/2020\/11\/avenue_franklin_02-973x641.jpg 973w, https:\/\/coquetiers.com\/WPCoquetie\/wp-content\/uploads\/2020\/11\/avenue_franklin_02-508x335.jpg 508w\" sizes=\"(max-width: 300px) 100vw, 300px\"\" srcset=\"https:\/\/coquetiers.com\/WPCoquetie\/wp-content\/uploads\/2020\/11\/avenue_franklin_02-300x198.jpg 300w, https:\/\/coquetiers.com\/WPCoquetie\/wp-content\/uploads\/2020\/11\/avenue_franklin_02-768x506.jpg 768w, https:\/\/coquetiers.com\/WPCoquetie\/wp-content\/uploads\/2020\/11\/avenue_franklin_02-973x641.jpg 973w, https:\/\/coquetiers.com\/WPCoquetie\/wp-content\/uploads\/2020\/11\/avenue_franklin_02-508x335.jpg 508w, https:\/\/coquetiers.com\/WPCoquetie\/wp-content\/uploads\/2020\/11\/avenue_franklin_02.jpg 1000w\" \/>\n\t\t<div class=\"figc\">\n\t\t\t<div class=\"figc-inner\">\n\t\t\t\t\t\t\t\t\t<div class='jtg-title'>Au Souvenir de la For\u00eat, l'heure du casse-croute<\/div>\n\t\t\t\t\t\t\t\t\t\t\t\t\t<p class=\"description\">C'est l'heure du d\u00e9jeuner, l'h\u00f4tel du Souvenir de la For\u00eat a dress\u00e9 une table sur sa terrasse. Il fait bon, les vestes sont tomb\u00e9es, un chien est au pieds de son ma\u00eetre. A noter que la rue Anatole France (All\u00e9e des Coquetiers) est \u00e0 peine dessin\u00e9e (il manque les trottoirs...). L'avenue Franklin (All\u00e9e Franklin) n'est pas encore plant\u00e9e d'arbres. Datation vers 1900.<\/p>\n\t\t\t\t\t\t\t\t\t\t\t<\/div>\n\t\t<\/div>\n\n\t<\/div>\n\n<\/div><div class=\"modula-item effect-pufrobo\" data-width=\"12\" data-height=\"8\" >\n\t<div class=\"modula-item-overlay\"><\/div>\n\n\t<div class=\"modula-item-content\">\n\n\t\t\t\t\n\t\t\t\t\t<a data-image-id=\"194\" rel=\"jtg-170\" data-caption=\"Le garde barri\u00e8re, le patron, un caviste et un client posent devant l&#039;h\u00f4tel meubl\u00e9 Au Souvenir de la For\u00eat. C&#039;est Monsieur DEVILLE, le patron de cet \u00e9tablissement \u00e0 cette \u00e9poque. A noter le Boucher est sorti de sa boutique pour poser \u00e9galement sur la photo.\" aria-label=\"Open image in lightbox\" class=\"tile-inner modula-item-link\"><\/a>\n\t\t\n\t\t<img loading=\"lazy\" decoding=\"async\" class=\"pic wp-image-194\"  data-valign=\"middle\" data-halign=\"center\" alt=\"Au Souvenir de la For\u00eat\" data-full=\"https:\/\/coquetiers.com\/WPCoquetie\/wp-content\/uploads\/2020\/11\/SouvenirForet_1000.jpg\" title=\"Au Souvenir de la For\u00eat, Maison DEVILLE\" width=\"300\" height=\"191\" src=\"https:\/\/coquetiers.com\/WPCoquetie\/wp-content\/uploads\/2020\/11\/SouvenirForet_1000-300x191.jpg\" data-src=\"https:\/\/coquetiers.com\/WPCoquetie\/wp-content\/uploads\/2020\/11\/SouvenirForet_1000-300x191.jpg\" data-caption=\"Le garde barri\u00e8re, le patron, un caviste et un client posent devant l&#039;h\u00f4tel meubl\u00e9 Au Souvenir de la For\u00eat. C&#039;est Monsieur DEVILLE, le patron de cet \u00e9tablissement \u00e0 cette \u00e9poque. A noter le Boucher est sorti de sa boutique pour poser \u00e9galement sur la photo.\"srcset=\"https:\/\/coquetiers.com\/WPCoquetie\/wp-content\/uploads\/2020\/11\/SouvenirForet_1000.jpg 1000w, https:\/\/coquetiers.com\/WPCoquetie\/wp-content\/uploads\/2020\/11\/SouvenirForet_1000-300x191.jpg 300w, https:\/\/coquetiers.com\/WPCoquetie\/wp-content\/uploads\/2020\/11\/SouvenirForet_1000-768x488.jpg 768w, https:\/\/coquetiers.com\/WPCoquetie\/wp-content\/uploads\/2020\/11\/SouvenirForet_1000-973x618.jpg 973w, https:\/\/coquetiers.com\/WPCoquetie\/wp-content\/uploads\/2020\/11\/SouvenirForet_1000-508x323.jpg 508w\" sizes=\"(max-width: 300px) 100vw, 300px\"\" srcset=\"https:\/\/coquetiers.com\/WPCoquetie\/wp-content\/uploads\/2020\/11\/SouvenirForet_1000-300x191.jpg 300w, https:\/\/coquetiers.com\/WPCoquetie\/wp-content\/uploads\/2020\/11\/SouvenirForet_1000-768x488.jpg 768w, https:\/\/coquetiers.com\/WPCoquetie\/wp-content\/uploads\/2020\/11\/SouvenirForet_1000-973x618.jpg 973w, https:\/\/coquetiers.com\/WPCoquetie\/wp-content\/uploads\/2020\/11\/SouvenirForet_1000-508x323.jpg 508w, https:\/\/coquetiers.com\/WPCoquetie\/wp-content\/uploads\/2020\/11\/SouvenirForet_1000.jpg 1000w\" \/>\n\t\t<div class=\"figc\">\n\t\t\t<div class=\"figc-inner\">\n\t\t\t\t\t\t\t\t\t<div class='jtg-title'>Au Souvenir de la For\u00eat, Maison DEVILLE<\/div>\n\t\t\t\t\t\t\t\t\t\t\t\t\t<p class=\"description\">Le garde barri\u00e8re, le patron, un caviste et un client posent devant l'h\u00f4tel meubl\u00e9 Au Souvenir de la For\u00eat. C'est Monsieur DEVILLE, le patron de cet \u00e9tablissement \u00e0 cette \u00e9poque. A noter le Boucher est sorti de sa boutique pour poser \u00e9galement sur la photo.<\/p>\n\t\t\t\t\t\t\t\t\t\t\t<\/div>\n\t\t<\/div>\n\n\t<\/div>\n\n<\/div><div class=\"modula-item effect-pufrobo\" data-width=\"12\" data-height=\"8\" >\n\t<div class=\"modula-item-overlay\"><\/div>\n\n\t<div class=\"modula-item-content\">\n\n\t\t\t\t\n\t\t\t\t\t<a data-image-id=\"195\" rel=\"jtg-170\" data-caption=\"C&#039;est \u00e0 peu pr\u00e8s la m\u00eame \u00e9poque, 1910. Le Plat du Jour est mis en avant sur l&#039;enseigne. A noter que les personnes regardent un autre point de focus que le photographe.\" aria-label=\"Open image in lightbox\" class=\"tile-inner modula-item-link\"><\/a>\n\t\t\n\t\t<img loading=\"lazy\" decoding=\"async\" class=\"pic wp-image-195\"  data-valign=\"middle\" data-halign=\"center\" alt=\"Au Souvenir de la For\u00eat\" data-full=\"https:\/\/coquetiers.com\/WPCoquetie\/wp-content\/uploads\/2020\/11\/SouvenirForet_MR.jpg\" title=\"Au Souvenir de la For\u00eat, Plat du jour\" width=\"300\" height=\"188\" src=\"https:\/\/coquetiers.com\/WPCoquetie\/wp-content\/uploads\/2020\/11\/SouvenirForet_MR-300x188.jpg\" data-src=\"https:\/\/coquetiers.com\/WPCoquetie\/wp-content\/uploads\/2020\/11\/SouvenirForet_MR-300x188.jpg\" data-caption=\"C&#039;est \u00e0 peu pr\u00e8s la m\u00eame \u00e9poque, 1910. Le Plat du Jour est mis en avant sur l&#039;enseigne. A noter que les personnes regardent un autre point de focus que le photographe.\"srcset=\"https:\/\/coquetiers.com\/WPCoquetie\/wp-content\/uploads\/2020\/11\/SouvenirForet_MR.jpg 1000w, https:\/\/coquetiers.com\/WPCoquetie\/wp-content\/uploads\/2020\/11\/SouvenirForet_MR-300x188.jpg 300w, https:\/\/coquetiers.com\/WPCoquetie\/wp-content\/uploads\/2020\/11\/SouvenirForet_MR-768x482.jpg 768w, https:\/\/coquetiers.com\/WPCoquetie\/wp-content\/uploads\/2020\/11\/SouvenirForet_MR-973x611.jpg 973w, https:\/\/coquetiers.com\/WPCoquetie\/wp-content\/uploads\/2020\/11\/SouvenirForet_MR-508x319.jpg 508w\" sizes=\"(max-width: 300px) 100vw, 300px\"\" srcset=\"https:\/\/coquetiers.com\/WPCoquetie\/wp-content\/uploads\/2020\/11\/SouvenirForet_MR-300x188.jpg 300w, https:\/\/coquetiers.com\/WPCoquetie\/wp-content\/uploads\/2020\/11\/SouvenirForet_MR-768x482.jpg 768w, https:\/\/coquetiers.com\/WPCoquetie\/wp-content\/uploads\/2020\/11\/SouvenirForet_MR-973x611.jpg 973w, https:\/\/coquetiers.com\/WPCoquetie\/wp-content\/uploads\/2020\/11\/SouvenirForet_MR-508x319.jpg 508w, https:\/\/coquetiers.com\/WPCoquetie\/wp-content\/uploads\/2020\/11\/SouvenirForet_MR.jpg 1000w\" \/>\n\t\t<div class=\"figc\">\n\t\t\t<div class=\"figc-inner\">\n\t\t\t\t\t\t\t\t\t<div class='jtg-title'>Au Souvenir de la For\u00eat, Plat du jour<\/div>\n\t\t\t\t\t\t\t\t\t\t\t\t\t<p class=\"description\">C'est \u00e0 peu pr\u00e8s la m\u00eame \u00e9poque, 1910. Le Plat du Jour est mis en avant sur l'enseigne. A noter que les personnes regardent un autre point de focus que le photographe.<\/p>\n\t\t\t\t\t\t\t\t\t\t\t<\/div>\n\t\t<\/div>\n\n\t<\/div>\n\n<\/div><div class=\"modula-item effect-pufrobo\" data-width=\"12\" data-height=\"8\" >\n\t<div class=\"modula-item-overlay\"><\/div>\n\n\t<div class=\"modula-item-content\">\n\n\t\t\t\t\n\t\t\t\t\t<a data-image-id=\"447\" rel=\"jtg-170\" data-caption=\"Superbe photo d&#039;une sc\u00e8ne de d\u00e9tente devant l&#039;H\u00f4tel du Souvenir de la For\u00eat qui vient de changer de propri\u00e9taire. Il fait bon, la bouteille de rouge est sortie. Femmes, enfants et un papi qui prom\u00e8ne sont chien noir.\" aria-label=\"Open image in lightbox\" class=\"tile-inner modula-item-link\"><\/a>\n\t\t\n\t\t<img loading=\"lazy\" decoding=\"async\" class=\"pic wp-image-447\"  data-valign=\"middle\" data-halign=\"center\" alt=\"Au Souvenir de la Foret, l&#039;heure de l&#039;ap\u00e9ritif\" data-full=\"https:\/\/coquetiers.com\/WPCoquetie\/wp-content\/uploads\/2021\/02\/HotelSouvenirForet06Low.jpg\" title=\"Au Souvenir de la Foret, l&#039;heure de l&#039;ap\u00e9ritif\" width=\"300\" height=\"188\" src=\"https:\/\/coquetiers.com\/WPCoquetie\/wp-content\/uploads\/2021\/02\/HotelSouvenirForet06Low-300x188.jpg\" data-src=\"https:\/\/coquetiers.com\/WPCoquetie\/wp-content\/uploads\/2021\/02\/HotelSouvenirForet06Low-300x188.jpg\" data-caption=\"Superbe photo d&#039;une sc\u00e8ne de d\u00e9tente devant l&#039;H\u00f4tel du Souvenir de la For\u00eat qui vient de changer de propri\u00e9taire. Il fait bon, la bouteille de rouge est sortie. Femmes, enfants et un papi qui prom\u00e8ne sont chien noir.\"srcset=\"https:\/\/coquetiers.com\/WPCoquetie\/wp-content\/uploads\/2021\/02\/HotelSouvenirForet06Low.jpg 1963w, https:\/\/coquetiers.com\/WPCoquetie\/wp-content\/uploads\/2021\/02\/HotelSouvenirForet06Low-300x188.jpg 300w, https:\/\/coquetiers.com\/WPCoquetie\/wp-content\/uploads\/2021\/02\/HotelSouvenirForet06Low-1024x641.jpg 1024w, https:\/\/coquetiers.com\/WPCoquetie\/wp-content\/uploads\/2021\/02\/HotelSouvenirForet06Low-768x481.jpg 768w, https:\/\/coquetiers.com\/WPCoquetie\/wp-content\/uploads\/2021\/02\/HotelSouvenirForet06Low-1536x962.jpg 1536w, https:\/\/coquetiers.com\/WPCoquetie\/wp-content\/uploads\/2021\/02\/HotelSouvenirForet06Low-1568x982.jpg 1568w\" sizes=\"(max-width: 300px) 100vw, 300px\"\" srcset=\"https:\/\/coquetiers.com\/WPCoquetie\/wp-content\/uploads\/2021\/02\/HotelSouvenirForet06Low-300x188.jpg 300w, https:\/\/coquetiers.com\/WPCoquetie\/wp-content\/uploads\/2021\/02\/HotelSouvenirForet06Low-1024x641.jpg 1024w, https:\/\/coquetiers.com\/WPCoquetie\/wp-content\/uploads\/2021\/02\/HotelSouvenirForet06Low-768x481.jpg 768w, https:\/\/coquetiers.com\/WPCoquetie\/wp-content\/uploads\/2021\/02\/HotelSouvenirForet06Low-1536x962.jpg 1536w, https:\/\/coquetiers.com\/WPCoquetie\/wp-content\/uploads\/2021\/02\/HotelSouvenirForet06Low-1568x982.jpg 1568w, https:\/\/coquetiers.com\/WPCoquetie\/wp-content\/uploads\/2021\/02\/HotelSouvenirForet06Low.jpg 1963w\" \/>\n\t\t<div class=\"figc\">\n\t\t\t<div class=\"figc-inner\">\n\t\t\t\t\t\t\t\t\t<div class='jtg-title'>Au Souvenir de la Foret, l'heure de l'ap\u00e9ritif<\/div>\n\t\t\t\t\t\t\t\t\t\t\t\t\t<p class=\"description\">Superbe photo d'une sc\u00e8ne de d\u00e9tente devant l'H\u00f4tel du Souvenir de la For\u00eat qui vient de changer de propri\u00e9taire. Il fait bon, la bouteille de rouge est sortie. Femmes, enfants et un papi qui prom\u00e8ne sont chien noir.<\/p>\n\t\t\t\t\t\t\t\t\t\t\t<\/div>\n\t\t<\/div>\n\n\t<\/div>\n\n<\/div><div class=\"modula-item effect-pufrobo\" data-width=\"12\" data-height=\"7\" >\n\t<div class=\"modula-item-overlay\"><\/div>\n\n\t<div class=\"modula-item-content\">\n\n\t\t\t\t\n\t\t\t\t\t<a data-image-id=\"172\" rel=\"jtg-170\" data-caption=\"Dans les ann\u00e9es 1930, la terrasse verdoyante de l&#039;H\u00f4tel Au Souvenir de la For\u00eat a \u00e9t\u00e9 abandonn\u00e9e au profit d&#039;un immeuble triangulaire. Cette construction a occult\u00e9 le b\u00e2timent d&#039;origine, ce qui a n\u00e9cessit\u00e9 d&#039;emmurer les ouvertures de la fa\u00e7ade de l&#039;h\u00f4tel.\" aria-label=\"Open image in lightbox\" class=\"tile-inner modula-item-link\"><\/a>\n\t\t\n\t\t<img loading=\"lazy\" decoding=\"async\" class=\"pic wp-image-172\"  data-valign=\"middle\" data-halign=\"center\" alt=\"\" data-full=\"https:\/\/coquetiers.com\/WPCoquetie\/wp-content\/uploads\/2020\/11\/avenue_franklin_02-1.jpg\" title=\"Adieu je jardin de l&#039;h\u00f4tel !\" width=\"300\" height=\"194\" src=\"https:\/\/coquetiers.com\/WPCoquetie\/wp-content\/uploads\/2020\/11\/avenue_franklin_02-1-300x194.jpg\" data-src=\"https:\/\/coquetiers.com\/WPCoquetie\/wp-content\/uploads\/2020\/11\/avenue_franklin_02-1-300x194.jpg\" data-caption=\"Dans les ann\u00e9es 1930, la terrasse verdoyante de l&#039;H\u00f4tel Au Souvenir de la For\u00eat a \u00e9t\u00e9 abandonn\u00e9e au profit d&#039;un immeuble triangulaire. Cette construction a occult\u00e9 le b\u00e2timent d&#039;origine, ce qui a n\u00e9cessit\u00e9 d&#039;emmurer les ouvertures de la fa\u00e7ade de l&#039;h\u00f4tel.\"srcset=\"https:\/\/coquetiers.com\/WPCoquetie\/wp-content\/uploads\/2020\/11\/avenue_franklin_02-1.jpg 600w, https:\/\/coquetiers.com\/WPCoquetie\/wp-content\/uploads\/2020\/11\/avenue_franklin_02-1-300x194.jpg 300w, https:\/\/coquetiers.com\/WPCoquetie\/wp-content\/uploads\/2020\/11\/avenue_franklin_02-1-508x328.jpg 508w\" sizes=\"(max-width: 300px) 100vw, 300px\"\" srcset=\"https:\/\/coquetiers.com\/WPCoquetie\/wp-content\/uploads\/2020\/11\/avenue_franklin_02-1-300x194.jpg 300w, https:\/\/coquetiers.com\/WPCoquetie\/wp-content\/uploads\/2020\/11\/avenue_franklin_02-1-508x328.jpg 508w, https:\/\/coquetiers.com\/WPCoquetie\/wp-content\/uploads\/2020\/11\/avenue_franklin_02-1.jpg 600w\" \/>\n\t\t<div class=\"figc\">\n\t\t\t<div class=\"figc-inner\">\n\t\t\t\t\t\t\t\t\t<div class='jtg-title'>Adieu je jardin de l'h\u00f4tel !<\/div>\n\t\t\t\t\t\t\t\t\t\t\t\t\t<p class=\"description\">Dans les ann\u00e9es 1930, la terrasse verdoyante de l'H\u00f4tel Au Souvenir de la For\u00eat a \u00e9t\u00e9 abandonn\u00e9e au profit d'un immeuble triangulaire. Cette construction a occult\u00e9 le b\u00e2timent d'origine, ce qui a n\u00e9cessit\u00e9 d'emmurer les ouvertures de la fa\u00e7ade de l'h\u00f4tel.<\/p>\n\t\t\t\t\t\t\t\t\t\t\t<\/div>\n\t\t<\/div>\n\n\t<\/div>\n\n<\/div>\t\t\n\t<\/div>\n\n\t\n\t\n\t<script type=\"application\/ld+json\">\n\t{\n\t\t\"@context\": \"http:\/\/schema.org\",\n\t\t\"@type\"   : \"ImageGallery\",\n\t\t\"id\"      : \"https:\/\/coquetiers.com\/WPCoquetie\",\n\t\t\"url\"     : \"https:\/\/coquetiers.com\/WPCoquetie\"\n\t}\n\n    <\/script>\n\n\t\n<\/div>\n\n\n<p><\/p>\n","protected":false},"excerpt":{"rendered":"<p>Les Coquetiers, comme de nombreuses banlieues autour de Paris, \u00e9taient des lieux de vill\u00e9giature, de cong\u00e9s. Les \u00e9tablissements de loisirs \u00e9taient nombreux. H\u00f4tel, Guinguettes,&#8230; parmi ces lieux, l&rsquo;H\u00f4tel Au Souvenir de la For\u00eat se dresse pr\u00e8s du passage \u00e0 niveau des Coquetiers. Le nom de cet h\u00f4tel fait r\u00e9f\u00e9rence \u00e0 la For\u00eat de Bondy qui&hellip; <a class=\"more-link\" href=\"https:\/\/coquetiers.com\/WPCoquetie\/?page_id=166\">Poursuivre la lecture <span class=\"screen-reader-text\">H\u00f4tel \u00ab\u00a0Au Souvenir de la For\u00eat\u00a0\u00bb<\/span><\/a><\/p>\n","protected":false},"author":1,"featured_media":0,"parent":0,"menu_order":0,"comment_status":"open","ping_status":"closed","template":"","meta":{"footnotes":""},"_links":{"self":[{"href":"https:\/\/coquetiers.com\/WPCoquetie\/index.php?rest_route=\/wp\/v2\/pages\/166"}],"collection":[{"href":"https:\/\/coquetiers.com\/WPCoquetie\/index.php?rest_route=\/wp\/v2\/pages"}],"about":[{"href":"https:\/\/coquetiers.com\/WPCoquetie\/index.php?rest_route=\/wp\/v2\/types\/page"}],"author":[{"embeddable":true,"href":"https:\/\/coquetiers.com\/WPCoquetie\/index.php?rest_route=\/wp\/v2\/users\/1"}],"replies":[{"embeddable":true,"href":"https:\/\/coquetiers.com\/WPCoquetie\/index.php?rest_route=%2Fwp%2Fv2%2Fcomments&post=166"}],"version-history":[{"count":8,"href":"https:\/\/coquetiers.com\/WPCoquetie\/index.php?rest_route=\/wp\/v2\/pages\/166\/revisions"}],"predecessor-version":[{"id":514,"href":"https:\/\/coquetiers.com\/WPCoquetie\/index.php?rest_route=\/wp\/v2\/pages\/166\/revisions\/514"}],"wp:attachment":[{"href":"https:\/\/coquetiers.com\/WPCoquetie\/index.php?rest_route=%2Fwp%2Fv2%2Fmedia&parent=166"}],"curies":[{"name":"wp","href":"https:\/\/api.w.org\/{rel}","templated":true}]}}