{"id":224,"date":"2020-11-11T18:49:09","date_gmt":"2020-11-11T17:49:09","guid":{"rendered":"https:\/\/coquetiers.com\/WPCoquetie\/?page_id=224"},"modified":"2023-12-28T09:12:41","modified_gmt":"2023-12-28T08:12:41","slug":"les-points-dinterets-du-quartier-des-coquetiers","status":"publish","type":"page","link":"https:\/\/coquetiers.com\/WPCoquetie\/?page_id=224","title":{"rendered":"P\u00e9pites des Coquetiers"},"content":{"rendered":"\n<p>En commen\u00e7ant cette collection de cartes postales, je ne pensais pas en trouver autant&#8230; Dans les ann\u00e9es 1900-1930, de nombreuses cartes postales ont \u00e9t\u00e9 \u00e9dit\u00e9es, c&rsquo;\u00e9tait le moyen de communication le plus simple et le plus efficace. Ces cartes permettent aujourd&rsquo;hui de t\u00e9moigner des \u00e9volutions de l&rsquo;urbanisation de ce quartier des Coquetiers.<br><strong>Cliquez sur une des miniatures ci-dessous pour afficher les diff\u00e9rents points d&rsquo;int\u00e9r\u00eat de ce quartier.<\/strong><\/p>\n\n\n\n<div class=\"wp-block-columns is-layout-flex wp-container-core-columns-layout-2 wp-block-columns-is-layout-flex\">\n<div class=\"wp-block-column is-layout-flow wp-block-column-is-layout-flow\">\n<figure class=\"wp-block-image size-large is-resized\"><a href=\"https:\/\/coquetiers.com\/WPCoquetie\/?page_id=181\"><img loading=\"lazy\" decoding=\"async\" src=\"https:\/\/coquetiers.com\/WPCoquetie\/wp-content\/uploads\/2020\/11\/pont_coquetiers_01.jpg\" alt=\"\" class=\"wp-image-72\" width=\"250\" height=\"162\"\/><\/a><figcaption class=\"wp-element-caption\">Pont Paris-Est des Coquetiers<\/figcaption><\/figure>\n\n\n\n<figure class=\"wp-block-image size-large is-resized is-style-default\"><a href=\"https:\/\/coquetiers.com\/WPCoquetie\/?page_id=500\"><img loading=\"lazy\" decoding=\"async\" src=\"https:\/\/coquetiers.com\/WPCoquetie\/wp-content\/uploads\/2021\/02\/AvenueFranklin03BDEF-1024x639.jpg\" alt=\"\" class=\"wp-image-446\" width=\"250\" height=\"162\"\/><\/a><figcaption class=\"wp-element-caption\">All\u00e9e Franklin et des Coquetiers<\/figcaption><\/figure>\n\n\n\n<figure class=\"wp-block-image size-large is-resized is-style-default\"><a href=\"https:\/\/coquetiers.com\/WPCoquetie\/?page_id=231\"><img loading=\"lazy\" decoding=\"async\" src=\"https:\/\/coquetiers.com\/WPCoquetie\/wp-content\/uploads\/2020\/11\/Boulangerie_1000.jpg\" alt=\"\" class=\"wp-image-237\" width=\"250\" height=\"162\"\/><\/a><figcaption class=\"wp-element-caption\">Boulangerie de l&rsquo;All\u00e9e des Sciences<\/figcaption><\/figure>\n\n\n\n<figure class=\"wp-block-image size-large is-resized is-style-default\"><a href=\"https:\/\/coquetiers.com\/WPCoquetie\/?page_id=266\"><img loading=\"lazy\" decoding=\"async\" src=\"https:\/\/coquetiers.com\/WPCoquetie\/wp-content\/uploads\/2020\/12\/bd_aulnay4.jpg\" alt=\"\" class=\"wp-image-258\" width=\"250\" height=\"157\" srcset=\"https:\/\/coquetiers.com\/WPCoquetie\/wp-content\/uploads\/2020\/12\/bd_aulnay4.jpg 1000w, https:\/\/coquetiers.com\/WPCoquetie\/wp-content\/uploads\/2020\/12\/bd_aulnay4-300x189.jpg 300w, https:\/\/coquetiers.com\/WPCoquetie\/wp-content\/uploads\/2020\/12\/bd_aulnay4-768x483.jpg 768w\" sizes=\"(max-width: 250px) 100vw, 250px\" \/><\/a><figcaption class=\"wp-element-caption\">Belles Villas des Coquetiers<\/figcaption><\/figure>\n\n\n\n<figure class=\"wp-block-image size-large is-resized is-style-default\"><a href=\"https:\/\/coquetiers.com\/WPCoquetie\/?page_id=147\"><img loading=\"lazy\" decoding=\"async\" src=\"https:\/\/coquetiers.com\/WPCoquetie\/wp-content\/uploads\/2020\/11\/carrefour_gallieni_01.jpg\" alt=\"\" class=\"wp-image-45\" width=\"250\" height=\"162\"\/><\/a><figcaption class=\"wp-element-caption\">Passage \u00e0 niveau Magne<br><\/figcaption><\/figure>\n\n\n\n<p><\/p>\n\n\n\n<p><\/p>\n<\/div>\n\n\n\n<div class=\"wp-block-column is-layout-flow wp-block-column-is-layout-flow\">\n<figure class=\"wp-block-image size-large is-resized\"><a href=\"https:\/\/coquetiers.com\/WPCoquetie\/?page_id=133\"><img loading=\"lazy\" decoding=\"async\" src=\"https:\/\/coquetiers.com\/WPCoquetie\/wp-content\/uploads\/2020\/11\/carrefour_franklin_02.jpg\" alt=\"\" class=\"wp-image-41\" width=\"250\" height=\"162\" srcset=\"https:\/\/coquetiers.com\/WPCoquetie\/wp-content\/uploads\/2020\/11\/carrefour_franklin_02.jpg 1000w, https:\/\/coquetiers.com\/WPCoquetie\/wp-content\/uploads\/2020\/11\/carrefour_franklin_02-300x194.jpg 300w, https:\/\/coquetiers.com\/WPCoquetie\/wp-content\/uploads\/2020\/11\/carrefour_franklin_02-768x498.jpg 768w, https:\/\/coquetiers.com\/WPCoquetie\/wp-content\/uploads\/2020\/11\/carrefour_franklin_02-973x631.jpg 973w, https:\/\/coquetiers.com\/WPCoquetie\/wp-content\/uploads\/2020\/11\/carrefour_franklin_02-508x329.jpg 508w\" sizes=\"(max-width: 250px) 100vw, 250px\" \/><\/a><figcaption class=\"wp-element-caption\">Passage \u00e0 niveau des Coquetiers<\/figcaption><\/figure>\n\n\n\n<figure class=\"wp-block-image size-large is-resized is-style-default\"><a href=\"https:\/\/coquetiers.com\/WPCoquetie\/?page_id=166\"><img loading=\"lazy\" decoding=\"async\" src=\"https:\/\/coquetiers.com\/WPCoquetie\/wp-content\/uploads\/2020\/11\/avenue_franklin_02.jpg\" alt=\"\" class=\"wp-image-24\" width=\"250\" height=\"162\"\/><\/a><figcaption class=\"wp-element-caption\">H\u00f4tel au Souvenir de la For\u00eat<\/figcaption><\/figure>\n\n\n\n<figure class=\"wp-block-image size-large is-resized is-style-default\"><a href=\"https:\/\/coquetiers.com\/WPCoquetie\/?page_id=275\"><img loading=\"lazy\" decoding=\"async\" src=\"https:\/\/coquetiers.com\/WPCoquetie\/wp-content\/uploads\/2020\/12\/carrefour_gambetta_05.jpg\" alt=\"\" class=\"wp-image-284\" width=\"250\" height=\"163\" srcset=\"https:\/\/coquetiers.com\/WPCoquetie\/wp-content\/uploads\/2020\/12\/carrefour_gambetta_05.jpg 1000w, https:\/\/coquetiers.com\/WPCoquetie\/wp-content\/uploads\/2020\/12\/carrefour_gambetta_05-300x195.jpg 300w, https:\/\/coquetiers.com\/WPCoquetie\/wp-content\/uploads\/2020\/12\/carrefour_gambetta_05-768x500.jpg 768w\" sizes=\"(max-width: 250px) 100vw, 250px\" \/><\/a><figcaption class=\"wp-element-caption\">All\u00e9e Gambetta, son immeuble<\/figcaption><\/figure>\n\n\n\n<figure class=\"wp-block-image size-large is-resized is-style-default\"><a href=\"https:\/\/coquetiers.com\/WPCoquetie\/?page_id=392\"><img loading=\"lazy\" decoding=\"async\" src=\"https:\/\/coquetiers.com\/WPCoquetie\/wp-content\/uploads\/2020\/12\/Allee-de-la-tour-1-1024x658.jpg\" alt=\"\" class=\"wp-image-407\" width=\"250\" height=\"162\" srcset=\"https:\/\/coquetiers.com\/WPCoquetie\/wp-content\/uploads\/2020\/12\/Allee-de-la-tour-1-1024x658.jpg 1024w, https:\/\/coquetiers.com\/WPCoquetie\/wp-content\/uploads\/2020\/12\/Allee-de-la-tour-1-300x193.jpg 300w, https:\/\/coquetiers.com\/WPCoquetie\/wp-content\/uploads\/2020\/12\/Allee-de-la-tour-1-768x494.jpg 768w, https:\/\/coquetiers.com\/WPCoquetie\/wp-content\/uploads\/2020\/12\/Allee-de-la-tour-1-1536x987.jpg 1536w, https:\/\/coquetiers.com\/WPCoquetie\/wp-content\/uploads\/2020\/12\/Allee-de-la-tour-1-1568x1008.jpg 1568w, https:\/\/coquetiers.com\/WPCoquetie\/wp-content\/uploads\/2020\/12\/Allee-de-la-tour-1.jpg 1963w\" sizes=\"(max-width: 250px) 100vw, 250px\" \/><\/a><figcaption class=\"wp-element-caption\">All\u00e9e de la Tour<\/figcaption><\/figure>\n\n\n\n<div class=\"wp-block-columns is-layout-flex wp-container-core-columns-layout-1 wp-block-columns-is-layout-flex\">\n<div class=\"wp-block-column is-layout-flow wp-block-column-is-layout-flow\">\n<figure class=\"wp-block-image size-full is-resized\"><a href=\"https:\/\/coquetiers.com\/WPCoquetie\/?page_id=555\"><img loading=\"lazy\" decoding=\"async\" src=\"https:\/\/coquetiers.com\/WPCoquetie\/wp-content\/uploads\/2023\/12\/Allee_Rendez-vous_02_bdef.jpg\" alt=\"\" class=\"wp-image-549\" width=\"244\" height=\"158\"\/><\/a><figcaption class=\"wp-element-caption\">All\u00e9e du Rendez-vous<\/figcaption><\/figure>\n<\/div>\n<\/div>\n<\/div>\n\n\n\n<div class=\"wp-block-column is-layout-flow wp-block-column-is-layout-flow\">\n<figure class=\"wp-block-image size-large is-resized is-style-default\"><a href=\"https:\/\/coquetiers.com\/WPCoquetie\/?page_id=220\"><img loading=\"lazy\" decoding=\"async\" src=\"https:\/\/coquetiers.com\/WPCoquetie\/wp-content\/uploads\/2020\/11\/gare_coquetiers_01.jpg\" alt=\"\" class=\"wp-image-55\" width=\"250\" height=\"162\"\/><\/a><figcaption class=\"wp-element-caption\">Halte et la Gare des Coquetiers<\/figcaption><\/figure>\n\n\n\n<figure class=\"wp-block-image size-large is-resized is-style-default\"><a href=\"https:\/\/coquetiers.com\/WPCoquetie\/?page_id=198\"><img loading=\"lazy\" decoding=\"async\" src=\"https:\/\/coquetiers.com\/WPCoquetie\/wp-content\/uploads\/2020\/11\/carrefour_franklin_04.jpg\" alt=\"\" class=\"wp-image-43\" width=\"250\" height=\"162\" srcset=\"https:\/\/coquetiers.com\/WPCoquetie\/wp-content\/uploads\/2020\/11\/carrefour_franklin_04.jpg 1000w, https:\/\/coquetiers.com\/WPCoquetie\/wp-content\/uploads\/2020\/11\/carrefour_franklin_04-300x196.jpg 300w, https:\/\/coquetiers.com\/WPCoquetie\/wp-content\/uploads\/2020\/11\/carrefour_franklin_04-768x502.jpg 768w, https:\/\/coquetiers.com\/WPCoquetie\/wp-content\/uploads\/2020\/11\/carrefour_franklin_04-973x635.jpg 973w, https:\/\/coquetiers.com\/WPCoquetie\/wp-content\/uploads\/2020\/11\/carrefour_franklin_04-508x332.jpg 508w\" sizes=\"(max-width: 250px) 100vw, 250px\" \/><\/a><figcaption class=\"wp-element-caption\">Restaurant le Chalet des Coquetiers<\/figcaption><\/figure>\n\n\n\n<figure class=\"wp-block-image size-large is-resized is-style-default\"><a href=\"https:\/\/coquetiers.com\/WPCoquetie\/?page_id=114\"><img loading=\"lazy\" decoding=\"async\" src=\"https:\/\/coquetiers.com\/WPCoquetie\/wp-content\/uploads\/2020\/11\/passerelle_03.jpg\" alt=\"\" class=\"wp-image-70\" width=\"250\" height=\"164\" srcset=\"https:\/\/coquetiers.com\/WPCoquetie\/wp-content\/uploads\/2020\/11\/passerelle_03.jpg 1000w, https:\/\/coquetiers.com\/WPCoquetie\/wp-content\/uploads\/2020\/11\/passerelle_03-300x197.jpg 300w, https:\/\/coquetiers.com\/WPCoquetie\/wp-content\/uploads\/2020\/11\/passerelle_03-768x503.jpg 768w, https:\/\/coquetiers.com\/WPCoquetie\/wp-content\/uploads\/2020\/11\/passerelle_03-973x637.jpg 973w, https:\/\/coquetiers.com\/WPCoquetie\/wp-content\/uploads\/2020\/11\/passerelle_03-508x333.jpg 508w\" sizes=\"(max-width: 250px) 100vw, 250px\" \/><\/a><figcaption class=\"wp-element-caption\">Passerelle en fin d&rsquo;All\u00e9e Gambetta<\/figcaption><\/figure>\n\n\n\n<figure class=\"wp-block-image size-large is-resized is-style-default\"><a href=\"https:\/\/coquetiers.com\/WPCoquetie\/?page_id=308\"><img loading=\"lazy\" decoding=\"async\" src=\"https:\/\/coquetiers.com\/WPCoquetie\/wp-content\/uploads\/2020\/11\/rond_point_galieni_2.jpg\" alt=\"\" class=\"wp-image-78\" width=\"250\" height=\"162\" srcset=\"https:\/\/coquetiers.com\/WPCoquetie\/wp-content\/uploads\/2020\/11\/rond_point_galieni_2.jpg 1000w, https:\/\/coquetiers.com\/WPCoquetie\/wp-content\/uploads\/2020\/11\/rond_point_galieni_2-300x194.jpg 300w, https:\/\/coquetiers.com\/WPCoquetie\/wp-content\/uploads\/2020\/11\/rond_point_galieni_2-768x498.jpg 768w, https:\/\/coquetiers.com\/WPCoquetie\/wp-content\/uploads\/2020\/11\/rond_point_galieni_2-973x631.jpg 973w, https:\/\/coquetiers.com\/WPCoquetie\/wp-content\/uploads\/2020\/11\/rond_point_galieni_2-508x329.jpg 508w\" sizes=\"(max-width: 250px) 100vw, 250px\" \/><\/a><figcaption class=\"wp-element-caption\">Les maisons Gottin et Piette<\/figcaption><\/figure>\n\n\n\n<figure class=\"wp-block-image size-full is-resized\"><a href=\"https:\/\/coquetiers.com\/WPCoquetie\/?page_id=582\"><img loading=\"lazy\" decoding=\"async\" src=\"https:\/\/coquetiers.com\/WPCoquetie\/wp-content\/uploads\/2020\/11\/rond_point_galieni_1.jpg\" alt=\"\" class=\"wp-image-77\" width=\"242\" height=\"159\" srcset=\"https:\/\/coquetiers.com\/WPCoquetie\/wp-content\/uploads\/2020\/11\/rond_point_galieni_1.jpg 1000w, https:\/\/coquetiers.com\/WPCoquetie\/wp-content\/uploads\/2020\/11\/rond_point_galieni_1-300x197.jpg 300w, https:\/\/coquetiers.com\/WPCoquetie\/wp-content\/uploads\/2020\/11\/rond_point_galieni_1-768x504.jpg 768w, https:\/\/coquetiers.com\/WPCoquetie\/wp-content\/uploads\/2020\/11\/rond_point_galieni_1-973x638.jpg 973w, https:\/\/coquetiers.com\/WPCoquetie\/wp-content\/uploads\/2020\/11\/rond_point_galieni_1-508x333.jpg 508w\" sizes=\"(max-width: 242px) 100vw, 242px\" \/><\/a><figcaption class=\"wp-element-caption\">Halte Magne et Maison Piette<\/figcaption><\/figure>\n<\/div>\n<\/div>\n","protected":false},"excerpt":{"rendered":"<p>En commen\u00e7ant cette collection de cartes postales, je ne pensais pas en trouver autant&#8230; Dans les ann\u00e9es 1900-1930, de nombreuses cartes postales ont \u00e9t\u00e9 \u00e9dit\u00e9es, c&rsquo;\u00e9tait le moyen de communication le plus simple et le plus efficace. Ces cartes permettent aujourd&rsquo;hui de t\u00e9moigner des \u00e9volutions de l&rsquo;urbanisation de ce quartier des Coquetiers.Cliquez sur une des&hellip; <a class=\"more-link\" href=\"https:\/\/coquetiers.com\/WPCoquetie\/?page_id=224\">Poursuivre la lecture <span class=\"screen-reader-text\">P\u00e9pites des Coquetiers<\/span><\/a><\/p>\n","protected":false},"author":1,"featured_media":0,"parent":0,"menu_order":0,"comment_status":"open","ping_status":"closed","template":"","meta":{"footnotes":""},"_links":{"self":[{"href":"https:\/\/coquetiers.com\/WPCoquetie\/index.php?rest_route=\/wp\/v2\/pages\/224"}],"collection":[{"href":"https:\/\/coquetiers.com\/WPCoquetie\/index.php?rest_route=\/wp\/v2\/pages"}],"about":[{"href":"https:\/\/coquetiers.com\/WPCoquetie\/index.php?rest_route=\/wp\/v2\/types\/page"}],"author":[{"embeddable":true,"href":"https:\/\/coquetiers.com\/WPCoquetie\/index.php?rest_route=\/wp\/v2\/users\/1"}],"replies":[{"embeddable":true,"href":"https:\/\/coquetiers.com\/WPCoquetie\/index.php?rest_route=%2Fwp%2Fv2%2Fcomments&post=224"}],"version-history":[{"count":64,"href":"https:\/\/coquetiers.com\/WPCoquetie\/index.php?rest_route=\/wp\/v2\/pages\/224\/revisions"}],"predecessor-version":[{"id":592,"href":"https:\/\/coquetiers.com\/WPCoquetie\/index.php?rest_route=\/wp\/v2\/pages\/224\/revisions\/592"}],"wp:attachment":[{"href":"https:\/\/coquetiers.com\/WPCoquetie\/index.php?rest_route=%2Fwp%2Fv2%2Fmedia&parent=224"}],"curies":[{"name":"wp","href":"https:\/\/api.w.org\/{rel}","templated":true}]}}