{"id":275,"date":"2020-12-27T18:33:17","date_gmt":"2020-12-27T17:33:17","guid":{"rendered":"https:\/\/coquetiers.com\/WPCoquetie\/?page_id=275"},"modified":"2021-01-01T19:20:51","modified_gmt":"2021-01-01T18:20:51","slug":"allee-gambetta-avant-le-passage-a-niveau","status":"publish","type":"page","link":"https:\/\/coquetiers.com\/WPCoquetie\/?page_id=275","title":{"rendered":"Entr\u00e9e de l&rsquo;all\u00e9e Gambetta"},"content":{"rendered":"\n<div class=\"wp-block-group\"><div class=\"wp-block-group__inner-container is-layout-flow wp-block-group-is-layout-flow\">\n<div class=\"wp-block-group\"><div class=\"wp-block-group__inner-container is-layout-flow wp-block-group-is-layout-flow\">\n<div class=\"wp-block-columns is-layout-flex wp-container-core-columns-layout-1 wp-block-columns-is-layout-flex\">\n<div class=\"wp-block-column is-layout-flow wp-block-column-is-layout-flow\" style=\"flex-basis:33.33%\">\n<figure class=\"wp-block-image size-large\"><img loading=\"lazy\" decoding=\"async\" width=\"300\" height=\"318\" src=\"https:\/\/coquetiers.com\/WPCoquetie\/wp-content\/uploads\/2020\/12\/carrefour_gambetta_02.gif\" alt=\"\" class=\"wp-image-276\"\/><\/figure>\n<\/div>\n\n\n\n<div class=\"wp-block-column is-layout-flow wp-block-column-is-layout-flow\" style=\"flex-basis:66.66%\">\n<p>L&rsquo;all\u00e9e Gambetta est la premi\u00e8re rue \u00e0 droite apr\u00e8s le pont des Coquetiers, avant le passage \u00e0 niveau. Cette rue s&rsquo;ouvrait sur un sous-bois et s&rsquo;est urbanis\u00e9e de 1900 \u00e0 1930. Une agence immobili\u00e8re a vendu les diff\u00e9rents lots qui se sont construits.<\/p>\n<\/div>\n<\/div>\n<\/div><\/div>\n<\/div><\/div>\n\n\n<style>#jtg-279 .modula-item { box-shadow: #ffffff 0px 0px 6px; }#jtg-279 .modula-item .jtg-social a, .lightbox-socials.jtg-social a{ color: #ffffff }#jtg-279 .modula-item .jtg-social svg, .lightbox-socials.jtg-social svg { height: 16px; width: 16px }#jtg-279 .modula-item .jtg-social a:not(:last-child), .lightbox-socials.jtg-social a:not(:last-child) { margin-right: 10px }#jtg-279 .modula-item .figc {color:#ffffff;}#jtg-279 .modula-item .figc .jtg-title {  font-size: 36px; }#jtg-279 .modula-item .modula-item-content { transform: scale(1) }#jtg-279 .modula-items .figc p.description { font-size:16px; }#jtg-279 .modula-items .figc p.description { color:#ffffff;}#jtg-279 .modula-items .figc .jtg-title { color:#ffffff; }#jtg-279.modula-gallery .modula-item > a, #jtg-279.modula-gallery .modula-item, #jtg-279.modula-gallery .modula-item-content > a:not(.modula-no-follow) { cursor:zoom-in; } #jtg-279.modula-gallery .modula-item-content .modula-no-follow { cursor: default; } @media screen and (max-width:480px){#jtg-279 .modula-item .figc .jtg-title {  font-size: 13px; }#jtg-279 .modula-items .figc p.description { color:#ffffff;font-size:10px; }}<\/style>\n<!-- Gallery Container -->\n<div  id=\"jtg-279\" class=\"modula modula-gallery modula-custom-grid\" data-config=\"{&quot;height&quot;:0,&quot;tabletHeight&quot;:0,&quot;mobileHeight&quot;:0,&quot;desktopHeight&quot;:0,&quot;enableTwitter&quot;:false,&quot;enableWhatsapp&quot;:false,&quot;enableFacebook&quot;:false,&quot;enablePinterest&quot;:false,&quot;enableLinkedin&quot;:false,&quot;enableEmail&quot;:false,&quot;randomFactor&quot;:0,&quot;type&quot;:&quot;custom-grid&quot;,&quot;columns&quot;:12,&quot;gutter&quot;:10,&quot;mobileGutter&quot;:10,&quot;tabletGutter&quot;:10,&quot;desktopGutter&quot;:10,&quot;enableResponsive&quot;:&quot;0&quot;,&quot;tabletColumns&quot;:&quot;2&quot;,&quot;mobileColumns&quot;:&quot;1&quot;,&quot;lazyLoad&quot;:&quot;0&quot;,&quot;lightboxOpts&quot;:{&quot;loop&quot;:false,&quot;arrows&quot;:true,&quot;toolbar&quot;:true,&quot;keyboard&quot;:true,&quot;wheel&quot;:false,&quot;buttons&quot;:[&quot;close&quot;],&quot;hash&quot;:false,&quot;lang&quot;:&quot;en&quot;,&quot;touch&quot;:false,&quot;protect&quot;:false,&quot;i18n&quot;:{&quot;en&quot;:{&quot;CLOSE&quot;:&quot;Close&quot;,&quot;NEXT&quot;:&quot;Next&quot;,&quot;PREV&quot;:&quot;Previous&quot;,&quot;Error&quot;:&quot;The requested content cannot be loaded. Please try again later.&quot;,&quot;PLAY_START&quot;:&quot;Start slideshow&quot;,&quot;PLAY_STOP&quot;:&quot;Pause slideshow&quot;,&quot;FULL_SCREEN&quot;:&quot;Full screen&quot;,&quot;THUMBS&quot;:&quot;Thumbnails&quot;,&quot;DOWNLOAD&quot;:&quot;Download&quot;,&quot;SHARE&quot;:&quot;Share&quot;,&quot;ZOOM&quot;:&quot;Zoom&quot;}},&quot;clickSlide&quot;:false,&quot;clickOutside&quot;:false,&quot;dblclickContent&quot;:false,&quot;dblclickSlide&quot;:false,&quot;dblclickOutside&quot;:false,&quot;clickContent&quot;:false,&quot;baseTpl&quot;:&quot;&lt;div class=\\&quot;modula-fancybox-container modula-lightbox-jtg-279\\&quot; role=\\&quot;dialog\\&quot; tabindex=\\&quot;-1\\&quot;&gt;&lt;div class=\\&quot;modula-fancybox-bg\\&quot;&gt;&lt;\\\/div&gt;&lt;div class=\\&quot;modula-fancybox-inner\\&quot;&gt;&lt;div class=\\&quot;modula-fancybox-infobar\\&quot;&gt;&lt;span data-fancybox-index&gt;&lt;\\\/span&gt;&nbsp;\\\/&nbsp;&lt;span data-fancybox-count&gt;&lt;\\\/span&gt;&lt;\\\/div&gt;&lt;div class=\\&quot;modula-fancybox-toolbar\\&quot;&gt;{{buttons}}&lt;\\\/div&gt;&lt;div class=\\&quot;modula-fancybox-navigation\\&quot;&gt;{{arrows}}&lt;\\\/div&gt;&lt;div class=\\&quot;modula-fancybox-stage\\&quot;&gt;&lt;\\\/div&gt;&lt;div class=\\&quot;modula-fancybox-caption\\&quot;&gt;&lt;div class=\\&quot;modula-fancybox-caption__body\\&quot;&gt;&lt;\\\/div&gt;&lt;\\\/div&gt;&lt;\\\/div&gt;&lt;\\\/div&gt;&quot;},&quot;inView&quot;:false,&quot;email_subject&quot;:&quot;Check out this awesome image !!&quot;,&quot;email_message&quot;:&quot;Here is the link to the image : %%image_link%% and this is the link to the gallery : %%gallery_link%%&quot;,&quot;lightbox&quot;:&quot;fancybox&quot;}\">\n\n\t\n\t<!-- Items Container -->\n\t<div  class=\"modula-items\">\n\t\t<div class=\"modula-item effect-pufrobo\" data-width=\"12\" data-height=\"8\" >\n\t<div class=\"modula-item-overlay\"><\/div>\n\n\t<div class=\"modula-item-content\">\n\n\t\t\t\t\n\t\t\t\t\t<a data-image-id=\"282\" rel=\"jtg-279\" data-caption=\"L&#039;all\u00e9e Gambetta n&#039;existe pas encore dans les ann\u00e9es 1900, un sous-bois bloque le d\u00e9but de la rue. Une petite cahutte d&#039;agent immobilier offre un panneau qui affiche les lots \u00e0 vendre. Les deux immeubles sont bien pr\u00e9sents, les deux boutiques (mercerie et caf\u00e9) ont d\u00e9j\u00e0 pignon sur rue.\" aria-label=\"Open image in lightbox\" class=\"tile-inner modula-item-link\"><\/a>\n\t\t\n\t\t<img loading=\"lazy\" decoding=\"async\" class=\"pic wp-image-282\"  data-valign=\"middle\" data-halign=\"center\" alt=\"Villemomble All\u00e9e Gambetta\" data-full=\"https:\/\/coquetiers.com\/WPCoquetie\/wp-content\/uploads\/2020\/12\/carrefour_gambetta_03.jpg\" title=\"All\u00e9e Gambetta, l&#039;entr\u00e9e du sous-bois\" width=\"300\" height=\"198\" src=\"https:\/\/coquetiers.com\/WPCoquetie\/wp-content\/uploads\/2020\/12\/carrefour_gambetta_03-300x198.jpg\" data-src=\"https:\/\/coquetiers.com\/WPCoquetie\/wp-content\/uploads\/2020\/12\/carrefour_gambetta_03-300x198.jpg\" data-caption=\"L&#039;all\u00e9e Gambetta n&#039;existe pas encore dans les ann\u00e9es 1900, un sous-bois bloque le d\u00e9but de la rue. Une petite cahutte d&#039;agent immobilier offre un panneau qui affiche les lots \u00e0 vendre. Les deux immeubles sont bien pr\u00e9sents, les deux boutiques (mercerie et caf\u00e9) ont d\u00e9j\u00e0 pignon sur rue.\"srcset=\"https:\/\/coquetiers.com\/WPCoquetie\/wp-content\/uploads\/2020\/12\/carrefour_gambetta_03.jpg 1000w, https:\/\/coquetiers.com\/WPCoquetie\/wp-content\/uploads\/2020\/12\/carrefour_gambetta_03-300x198.jpg 300w, https:\/\/coquetiers.com\/WPCoquetie\/wp-content\/uploads\/2020\/12\/carrefour_gambetta_03-768x506.jpg 768w\" sizes=\"(max-width: 300px) 100vw, 300px\"\" srcset=\"https:\/\/coquetiers.com\/WPCoquetie\/wp-content\/uploads\/2020\/12\/carrefour_gambetta_03-300x198.jpg 300w, https:\/\/coquetiers.com\/WPCoquetie\/wp-content\/uploads\/2020\/12\/carrefour_gambetta_03-768x506.jpg 768w, https:\/\/coquetiers.com\/WPCoquetie\/wp-content\/uploads\/2020\/12\/carrefour_gambetta_03.jpg 1000w\" \/>\n\t\t<div class=\"figc\">\n\t\t\t<div class=\"figc-inner\">\n\t\t\t\t\t\t\t\t\t<div class='jtg-title'>All\u00e9e Gambetta, l'entr\u00e9e du sous-bois<\/div>\n\t\t\t\t\t\t\t\t\t\t\t\t\t<p class=\"description\">L'all\u00e9e Gambetta n'existe pas encore dans les ann\u00e9es 1900, un sous-bois bloque le d\u00e9but de la rue. Une petite cahutte d'agent immobilier offre un panneau qui affiche les lots \u00e0 vendre. Les deux immeubles sont bien pr\u00e9sents, les deux boutiques (mercerie et caf\u00e9) ont d\u00e9j\u00e0 pignon sur rue.<\/p>\n\t\t\t\t\t\t\t\t\t\t\t<\/div>\n\t\t<\/div>\n\n\t<\/div>\n\n<\/div><div class=\"modula-item effect-pufrobo\" data-width=\"12\" data-height=\"8\" >\n\t<div class=\"modula-item-overlay\"><\/div>\n\n\t<div class=\"modula-item-content\">\n\n\t\t\t\t\n\t\t\t\t\t<a data-image-id=\"284\" rel=\"jtg-279\" data-caption=\"Dans les ann\u00e9es 1920, un immeuble a \u00e9t\u00e9 construit \u00e0 l&#039;angle et la cahutte a laiss\u00e9 place \u00e0 une agence immobili\u00e8re appel\u00e9e l&#039;Interm\u00e9diaire. Le sous-bois se d\u00e9cime, il est moins denses. Les clients du caf\u00e9 et de la mercerie posent pour photo.\" aria-label=\"Open image in lightbox\" class=\"tile-inner modula-item-link\"><\/a>\n\t\t\n\t\t<img loading=\"lazy\" decoding=\"async\" class=\"pic wp-image-284\"  data-valign=\"middle\" data-halign=\"center\" alt=\"Villemomble All\u00e9e Gambetta\" data-full=\"https:\/\/coquetiers.com\/WPCoquetie\/wp-content\/uploads\/2020\/12\/carrefour_gambetta_05.jpg\" title=\"All\u00e9e Gambetta, l&#039;agence immobili\u00e8re est construite\" width=\"300\" height=\"195\" src=\"https:\/\/coquetiers.com\/WPCoquetie\/wp-content\/uploads\/2020\/12\/carrefour_gambetta_05-300x195.jpg\" data-src=\"https:\/\/coquetiers.com\/WPCoquetie\/wp-content\/uploads\/2020\/12\/carrefour_gambetta_05-300x195.jpg\" data-caption=\"Dans les ann\u00e9es 1920, un immeuble a \u00e9t\u00e9 construit \u00e0 l&#039;angle et la cahutte a laiss\u00e9 place \u00e0 une agence immobili\u00e8re appel\u00e9e l&#039;Interm\u00e9diaire. Le sous-bois se d\u00e9cime, il est moins denses. Les clients du caf\u00e9 et de la mercerie posent pour photo.\"srcset=\"https:\/\/coquetiers.com\/WPCoquetie\/wp-content\/uploads\/2020\/12\/carrefour_gambetta_05.jpg 1000w, https:\/\/coquetiers.com\/WPCoquetie\/wp-content\/uploads\/2020\/12\/carrefour_gambetta_05-300x195.jpg 300w, https:\/\/coquetiers.com\/WPCoquetie\/wp-content\/uploads\/2020\/12\/carrefour_gambetta_05-768x500.jpg 768w\" sizes=\"(max-width: 300px) 100vw, 300px\"\" srcset=\"https:\/\/coquetiers.com\/WPCoquetie\/wp-content\/uploads\/2020\/12\/carrefour_gambetta_05-300x195.jpg 300w, https:\/\/coquetiers.com\/WPCoquetie\/wp-content\/uploads\/2020\/12\/carrefour_gambetta_05-768x500.jpg 768w, https:\/\/coquetiers.com\/WPCoquetie\/wp-content\/uploads\/2020\/12\/carrefour_gambetta_05.jpg 1000w\" \/>\n\t\t<div class=\"figc\">\n\t\t\t<div class=\"figc-inner\">\n\t\t\t\t\t\t\t\t\t<div class='jtg-title'>All\u00e9e Gambetta, l'agence immobili\u00e8re est construite<\/div>\n\t\t\t\t\t\t\t\t\t\t\t\t\t<p class=\"description\">Dans les ann\u00e9es 1920, un immeuble a \u00e9t\u00e9 construit \u00e0 l'angle et la cahutte a laiss\u00e9 place \u00e0 une agence immobili\u00e8re appel\u00e9e l'Interm\u00e9diaire. Le sous-bois se d\u00e9cime, il est moins denses. Les clients du caf\u00e9 et de la mercerie posent pour photo.<\/p>\n\t\t\t\t\t\t\t\t\t\t\t<\/div>\n\t\t<\/div>\n\n\t<\/div>\n\n<\/div><div class=\"modula-item effect-pufrobo\" data-width=\"12\" data-height=\"8\" >\n\t<div class=\"modula-item-overlay\"><\/div>\n\n\t<div class=\"modula-item-content\">\n\n\t\t\t\t\n\t\t\t\t\t<a data-image-id=\"280\" rel=\"jtg-279\" data-caption=\"Le sous-bois n&#039;existe plus, les lots ont \u00e9t\u00e9 vendus et de nombreux pavillons se sont construits. Ce sont des pavillons plus modestes que les villas qui bordent la voie ferr\u00e9e, les parcelles sont petites. Monsieur SANCIER est le propri\u00e9taire de l&#039;Agence des Coquetiers, les affaires sont florissantes (de nombreux panneaux publicitaires en font la promotion). A noter que les personnes photographi\u00e9es devant la mercerie sont les exp\u00e9diteurs de la carte (Bibi et Robert...) !\" aria-label=\"Open image in lightbox\" class=\"tile-inner modula-item-link\"><\/a>\n\t\t\n\t\t<img loading=\"lazy\" decoding=\"async\" class=\"pic wp-image-280\"  data-valign=\"middle\" data-halign=\"center\" alt=\"Villemomble All\u00e9e Gambetta\" data-full=\"https:\/\/coquetiers.com\/WPCoquetie\/wp-content\/uploads\/2020\/12\/carrefour_gambetta_01.jpg\" title=\"All\u00e9e Gambetta, la rue d\u00e9finitive est trac\u00e9e\" width=\"300\" height=\"194\" src=\"https:\/\/coquetiers.com\/WPCoquetie\/wp-content\/uploads\/2020\/12\/carrefour_gambetta_01-300x194.jpg\" data-src=\"https:\/\/coquetiers.com\/WPCoquetie\/wp-content\/uploads\/2020\/12\/carrefour_gambetta_01-300x194.jpg\" data-caption=\"Le sous-bois n&#039;existe plus, les lots ont \u00e9t\u00e9 vendus et de nombreux pavillons se sont construits. Ce sont des pavillons plus modestes que les villas qui bordent la voie ferr\u00e9e, les parcelles sont petites. Monsieur SANCIER est le propri\u00e9taire de l&#039;Agence des Coquetiers, les affaires sont florissantes (de nombreux panneaux publicitaires en font la promotion). A noter que les personnes photographi\u00e9es devant la mercerie sont les exp\u00e9diteurs de la carte (Bibi et Robert...) !\"srcset=\"https:\/\/coquetiers.com\/WPCoquetie\/wp-content\/uploads\/2020\/12\/carrefour_gambetta_01.jpg 1000w, https:\/\/coquetiers.com\/WPCoquetie\/wp-content\/uploads\/2020\/12\/carrefour_gambetta_01-300x194.jpg 300w, https:\/\/coquetiers.com\/WPCoquetie\/wp-content\/uploads\/2020\/12\/carrefour_gambetta_01-768x498.jpg 768w\" sizes=\"(max-width: 300px) 100vw, 300px\"\" srcset=\"https:\/\/coquetiers.com\/WPCoquetie\/wp-content\/uploads\/2020\/12\/carrefour_gambetta_01-300x194.jpg 300w, https:\/\/coquetiers.com\/WPCoquetie\/wp-content\/uploads\/2020\/12\/carrefour_gambetta_01-768x498.jpg 768w, https:\/\/coquetiers.com\/WPCoquetie\/wp-content\/uploads\/2020\/12\/carrefour_gambetta_01.jpg 1000w\" \/>\n\t\t<div class=\"figc\">\n\t\t\t<div class=\"figc-inner\">\n\t\t\t\t\t\t\t\t\t<div class='jtg-title'>All\u00e9e Gambetta, la rue d\u00e9finitive est trac\u00e9e<\/div>\n\t\t\t\t\t\t\t\t\t\t\t\t\t<p class=\"description\">Le sous-bois n'existe plus, les lots ont \u00e9t\u00e9 vendus et de nombreux pavillons se sont construits. Ce sont des pavillons plus modestes que les villas qui bordent la voie ferr\u00e9e, les parcelles sont petites. Monsieur SANCIER est le propri\u00e9taire de l'Agence des Coquetiers, les affaires sont florissantes (de nombreux panneaux publicitaires en font la promotion). A noter que les personnes photographi\u00e9es devant la mercerie sont les exp\u00e9diteurs de la carte (Bibi et Robert...) !<\/p>\n\t\t\t\t\t\t\t\t\t\t\t<\/div>\n\t\t<\/div>\n\n\t<\/div>\n\n<\/div><div class=\"modula-item effect-pufrobo\" data-width=\"12\" data-height=\"8\" >\n\t<div class=\"modula-item-overlay\"><\/div>\n\n\t<div class=\"modula-item-content\">\n\n\t\t\t\t\n\t\t\t\t\t<a data-image-id=\"285\" rel=\"jtg-279\" data-caption=\"Dans les ann\u00e9e 30, la Gare des Coquetiers a remplac\u00e9 la Halte du Pont. La maison Sancier est l&#039;agence immobili\u00e8re du quartier. La vitrine est riche en annonces. A noter la belle berline gar\u00e9e devant l&#039;agence et les villas du boulevard d&#039;Aulnay d\u00e9j\u00e0 bien pr\u00e9sentes.\" aria-label=\"Open image in lightbox\" class=\"tile-inner modula-item-link\"><\/a>\n\t\t\n\t\t<img loading=\"lazy\" decoding=\"async\" class=\"pic wp-image-285\"  data-valign=\"middle\" data-halign=\"center\" alt=\"Villemomble Carrefour Gambetta\" data-full=\"https:\/\/coquetiers.com\/WPCoquetie\/wp-content\/uploads\/2020\/12\/carrefour_gambetta_06.jpg\" title=\"Angle de l&#039;all\u00e9e Gambetta, Maison Sancier et Gare des Coquetiers\" width=\"300\" height=\"189\" src=\"https:\/\/coquetiers.com\/WPCoquetie\/wp-content\/uploads\/2020\/12\/carrefour_gambetta_06-300x189.jpg\" data-src=\"https:\/\/coquetiers.com\/WPCoquetie\/wp-content\/uploads\/2020\/12\/carrefour_gambetta_06-300x189.jpg\" data-caption=\"Dans les ann\u00e9e 30, la Gare des Coquetiers a remplac\u00e9 la Halte du Pont. La maison Sancier est l&#039;agence immobili\u00e8re du quartier. La vitrine est riche en annonces. A noter la belle berline gar\u00e9e devant l&#039;agence et les villas du boulevard d&#039;Aulnay d\u00e9j\u00e0 bien pr\u00e9sentes.\"srcset=\"https:\/\/coquetiers.com\/WPCoquetie\/wp-content\/uploads\/2020\/12\/carrefour_gambetta_06.jpg 1000w, https:\/\/coquetiers.com\/WPCoquetie\/wp-content\/uploads\/2020\/12\/carrefour_gambetta_06-300x189.jpg 300w, https:\/\/coquetiers.com\/WPCoquetie\/wp-content\/uploads\/2020\/12\/carrefour_gambetta_06-768x485.jpg 768w\" sizes=\"(max-width: 300px) 100vw, 300px\"\" srcset=\"https:\/\/coquetiers.com\/WPCoquetie\/wp-content\/uploads\/2020\/12\/carrefour_gambetta_06-300x189.jpg 300w, https:\/\/coquetiers.com\/WPCoquetie\/wp-content\/uploads\/2020\/12\/carrefour_gambetta_06-768x485.jpg 768w, https:\/\/coquetiers.com\/WPCoquetie\/wp-content\/uploads\/2020\/12\/carrefour_gambetta_06.jpg 1000w\" \/>\n\t\t<div class=\"figc\">\n\t\t\t<div class=\"figc-inner\">\n\t\t\t\t\t\t\t\t\t<div class='jtg-title'>Angle de l'all\u00e9e Gambetta, Maison Sancier et Gare des Coquetiers<\/div>\n\t\t\t\t\t\t\t\t\t\t\t\t\t<p class=\"description\">Dans les ann\u00e9e 30, la Gare des Coquetiers a remplac\u00e9 la Halte du Pont. La maison Sancier est l'agence immobili\u00e8re du quartier. La vitrine est riche en annonces. A noter la belle berline gar\u00e9e devant l'agence et les villas du boulevard d'Aulnay d\u00e9j\u00e0 bien pr\u00e9sentes.<\/p>\n\t\t\t\t\t\t\t\t\t\t\t<\/div>\n\t\t<\/div>\n\n\t<\/div>\n\n<\/div><div class=\"modula-item effect-pufrobo\" data-width=\"12\" data-height=\"8\" >\n\t<div class=\"modula-item-overlay\"><\/div>\n\n\t<div class=\"modula-item-content\">\n\n\t\t\t\t\n\t\t\t\t\t<a data-image-id=\"283\" rel=\"jtg-279\" data-caption=\"Vue large du Carrefour Gambetta, en descendant du Pont des Coquetiers. A gauche, le passage \u00e0 niveau, \u00e0 droite l&#039;all\u00e9e Gambetta. L&#039;agence immobili\u00e8re Sancier est en concurrence avec l&#039;agence Leducq qui affiche bien en visibilit\u00e9 un panneau o\u00f9 figurent diff\u00e9rentes offres qu&#039;ils proposent. Cette carte postale date des ann\u00e9es 30.\" aria-label=\"Open image in lightbox\" class=\"tile-inner modula-item-link\"><\/a>\n\t\t\n\t\t<img loading=\"lazy\" decoding=\"async\" class=\"pic wp-image-283\"  data-valign=\"middle\" data-halign=\"center\" alt=\"Villemomble Carrefour Gambetta\" data-full=\"https:\/\/coquetiers.com\/WPCoquetie\/wp-content\/uploads\/2020\/12\/carrefour_gambetta_04.jpg\" title=\"Carrefour Gambetta, en descendant du Pont\" width=\"300\" height=\"198\" src=\"https:\/\/coquetiers.com\/WPCoquetie\/wp-content\/uploads\/2020\/12\/carrefour_gambetta_04-300x198.jpg\" data-src=\"https:\/\/coquetiers.com\/WPCoquetie\/wp-content\/uploads\/2020\/12\/carrefour_gambetta_04-300x198.jpg\" data-caption=\"Vue large du Carrefour Gambetta, en descendant du Pont des Coquetiers. A gauche, le passage \u00e0 niveau, \u00e0 droite l&#039;all\u00e9e Gambetta. L&#039;agence immobili\u00e8re Sancier est en concurrence avec l&#039;agence Leducq qui affiche bien en visibilit\u00e9 un panneau o\u00f9 figurent diff\u00e9rentes offres qu&#039;ils proposent. Cette carte postale date des ann\u00e9es 30.\"srcset=\"https:\/\/coquetiers.com\/WPCoquetie\/wp-content\/uploads\/2020\/12\/carrefour_gambetta_04.jpg 1000w, https:\/\/coquetiers.com\/WPCoquetie\/wp-content\/uploads\/2020\/12\/carrefour_gambetta_04-300x198.jpg 300w, https:\/\/coquetiers.com\/WPCoquetie\/wp-content\/uploads\/2020\/12\/carrefour_gambetta_04-768x507.jpg 768w\" sizes=\"(max-width: 300px) 100vw, 300px\"\" srcset=\"https:\/\/coquetiers.com\/WPCoquetie\/wp-content\/uploads\/2020\/12\/carrefour_gambetta_04-300x198.jpg 300w, https:\/\/coquetiers.com\/WPCoquetie\/wp-content\/uploads\/2020\/12\/carrefour_gambetta_04-768x507.jpg 768w, https:\/\/coquetiers.com\/WPCoquetie\/wp-content\/uploads\/2020\/12\/carrefour_gambetta_04.jpg 1000w\" \/>\n\t\t<div class=\"figc\">\n\t\t\t<div class=\"figc-inner\">\n\t\t\t\t\t\t\t\t\t<div class='jtg-title'>Carrefour Gambetta, en descendant du Pont<\/div>\n\t\t\t\t\t\t\t\t\t\t\t\t\t<p class=\"description\">Vue large du Carrefour Gambetta, en descendant du Pont des Coquetiers. A gauche, le passage \u00e0 niveau, \u00e0 droite l'all\u00e9e Gambetta. L'agence immobili\u00e8re Sancier est en concurrence avec l'agence Leducq qui affiche bien en visibilit\u00e9 un panneau o\u00f9 figurent diff\u00e9rentes offres qu'ils proposent. Cette carte postale date des ann\u00e9es 30.<\/p>\n\t\t\t\t\t\t\t\t\t\t\t<\/div>\n\t\t<\/div>\n\n\t<\/div>\n\n<\/div><div class=\"modula-item effect-pufrobo\" data-width=\"12\" data-height=\"8\" >\n\t<div class=\"modula-item-overlay\"><\/div>\n\n\t<div class=\"modula-item-content\">\n\n\t\t\t\t\n\t\t\t\t\t<a data-image-id=\"281\" rel=\"jtg-279\" data-caption=\"Carte postale semi-moderne noir et blanc des ann\u00e9es 50. Le quartier est bien urbanis\u00e9, mais le bas-c\u00f4t\u00e9s du pont sont encore en terrains vagues. A noter le collecteur de foss\u00e9 ouvrag\u00e9, le jardin potager \u00e0 droite.\" aria-label=\"Open image in lightbox\" class=\"tile-inner modula-item-link\"><\/a>\n\t\t\n\t\t<img loading=\"lazy\" decoding=\"async\" class=\"pic wp-image-281\"  data-valign=\"middle\" data-halign=\"center\" alt=\"Villemomble Carrefour Gambetta\" data-full=\"https:\/\/coquetiers.com\/WPCoquetie\/wp-content\/uploads\/2020\/12\/carrefour_gambetta_02.jpg\" title=\"Carrefour Gambetta, en descendant du pont\" width=\"300\" height=\"196\" src=\"https:\/\/coquetiers.com\/WPCoquetie\/wp-content\/uploads\/2020\/12\/carrefour_gambetta_02-300x196.jpg\" data-src=\"https:\/\/coquetiers.com\/WPCoquetie\/wp-content\/uploads\/2020\/12\/carrefour_gambetta_02-300x196.jpg\" data-caption=\"Carte postale semi-moderne noir et blanc des ann\u00e9es 50. Le quartier est bien urbanis\u00e9, mais le bas-c\u00f4t\u00e9s du pont sont encore en terrains vagues. A noter le collecteur de foss\u00e9 ouvrag\u00e9, le jardin potager \u00e0 droite.\"srcset=\"https:\/\/coquetiers.com\/WPCoquetie\/wp-content\/uploads\/2020\/12\/carrefour_gambetta_02.jpg 1000w, https:\/\/coquetiers.com\/WPCoquetie\/wp-content\/uploads\/2020\/12\/carrefour_gambetta_02-300x196.jpg 300w, https:\/\/coquetiers.com\/WPCoquetie\/wp-content\/uploads\/2020\/12\/carrefour_gambetta_02-768x501.jpg 768w\" sizes=\"(max-width: 300px) 100vw, 300px\"\" srcset=\"https:\/\/coquetiers.com\/WPCoquetie\/wp-content\/uploads\/2020\/12\/carrefour_gambetta_02-300x196.jpg 300w, https:\/\/coquetiers.com\/WPCoquetie\/wp-content\/uploads\/2020\/12\/carrefour_gambetta_02-768x501.jpg 768w, https:\/\/coquetiers.com\/WPCoquetie\/wp-content\/uploads\/2020\/12\/carrefour_gambetta_02.jpg 1000w\" \/>\n\t\t<div class=\"figc\">\n\t\t\t<div class=\"figc-inner\">\n\t\t\t\t\t\t\t\t\t<div class='jtg-title'>Carrefour Gambetta, en descendant du pont<\/div>\n\t\t\t\t\t\t\t\t\t\t\t\t\t<p class=\"description\">Carte postale semi-moderne noir et blanc des ann\u00e9es 50. Le quartier est bien urbanis\u00e9, mais le bas-c\u00f4t\u00e9s du pont sont encore en terrains vagues. A noter le collecteur de foss\u00e9 ouvrag\u00e9, le jardin potager \u00e0 droite.<\/p>\n\t\t\t\t\t\t\t\t\t\t\t<\/div>\n\t\t<\/div>\n\n\t<\/div>\n\n<\/div>\t\t\n\t<\/div>\n\n\t\n\t\n\t<script type=\"application\/ld+json\">\n\t{\n\t\t\"@context\": \"http:\/\/schema.org\",\n\t\t\"@type\"   : \"ImageGallery\",\n\t\t\"id\"      : \"https:\/\/coquetiers.com\/WPCoquetie\",\n\t\t\"url\"     : \"https:\/\/coquetiers.com\/WPCoquetie\"\n\t}\n\n    <\/script>\n\n\t\n<\/div>","protected":false},"excerpt":{"rendered":"<p>L&rsquo;all\u00e9e Gambetta est la premi\u00e8re rue \u00e0 droite apr\u00e8s le pont des Coquetiers, avant le passage \u00e0 niveau. Cette rue s&rsquo;ouvrait sur un sous-bois et s&rsquo;est urbanis\u00e9e de 1900 \u00e0 1930. Une agence immobili\u00e8re a vendu les diff\u00e9rents lots qui se sont construits.<\/p>\n","protected":false},"author":1,"featured_media":0,"parent":0,"menu_order":0,"comment_status":"open","ping_status":"closed","template":"","meta":{"footnotes":""},"_links":{"self":[{"href":"https:\/\/coquetiers.com\/WPCoquetie\/index.php?rest_route=\/wp\/v2\/pages\/275"}],"collection":[{"href":"https:\/\/coquetiers.com\/WPCoquetie\/index.php?rest_route=\/wp\/v2\/pages"}],"about":[{"href":"https:\/\/coquetiers.com\/WPCoquetie\/index.php?rest_route=\/wp\/v2\/types\/page"}],"author":[{"embeddable":true,"href":"https:\/\/coquetiers.com\/WPCoquetie\/index.php?rest_route=\/wp\/v2\/users\/1"}],"replies":[{"embeddable":true,"href":"https:\/\/coquetiers.com\/WPCoquetie\/index.php?rest_route=%2Fwp%2Fv2%2Fcomments&post=275"}],"version-history":[{"count":5,"href":"https:\/\/coquetiers.com\/WPCoquetie\/index.php?rest_route=\/wp\/v2\/pages\/275\/revisions"}],"predecessor-version":[{"id":425,"href":"https:\/\/coquetiers.com\/WPCoquetie\/index.php?rest_route=\/wp\/v2\/pages\/275\/revisions\/425"}],"wp:attachment":[{"href":"https:\/\/coquetiers.com\/WPCoquetie\/index.php?rest_route=%2Fwp%2Fv2%2Fmedia&parent=275"}],"curies":[{"name":"wp","href":"https:\/\/api.w.org\/{rel}","templated":true}]}}