{"id":392,"date":"2020-12-30T20:08:39","date_gmt":"2020-12-30T19:08:39","guid":{"rendered":"https:\/\/coquetiers.com\/WPCoquetie\/?page_id=392"},"modified":"2023-12-27T20:24:45","modified_gmt":"2023-12-27T19:24:45","slug":"allee-de-la-tour-3","status":"publish","type":"page","link":"https:\/\/coquetiers.com\/WPCoquetie\/?page_id=392","title":{"rendered":"All\u00e9e de la Tour"},"content":{"rendered":"\n<div class=\"wp-block-group is-layout-flow wp-block-group-is-layout-flow\"><div class=\"wp-block-group__inner-container\">\n<div class=\"wp-block-group is-layout-flow wp-block-group-is-layout-flow\"><div class=\"wp-block-group__inner-container\">\n<div class=\"wp-block-columns is-layout-flex wp-container-core-columns-layout-1 wp-block-columns-is-layout-flex\">\n<div class=\"wp-block-column is-layout-flow wp-block-column-is-layout-flow\" style=\"flex-basis:33.33%\">\n<figure class=\"wp-block-image size-large is-resized\"><img loading=\"lazy\" decoding=\"async\" src=\"https:\/\/coquetiers.com\/WPCoquetie\/wp-content\/uploads\/2020\/12\/Plan-Alleedelatour.gif\" alt=\"\" class=\"wp-image-397\" width=\"228\" height=\"248\"\/><\/figure>\n<\/div>\n\n\n\n<div class=\"wp-block-column is-layout-flow wp-block-column-is-layout-flow\" style=\"flex-basis:66.66%\">\n<p>L&rsquo;All\u00e9e de la Tour est la limite du quartier des Coquetiers de Villemomble avec Pavillons sous Bois. Cette All\u00e9e est bord\u00e9e de grandes parcelles, de villas bourgeoises. Elle s&rsquo;\u00e9tend des deux c\u00f4t\u00e9s de la voie ferr\u00e9e.<\/p>\n<\/div>\n<\/div>\n<\/div><\/div>\n<\/div><\/div>\n\n\n<style>#jtg-399 .modula-item { box-shadow: #ffffff 0px 0px 6px; }#jtg-399 .modula-item .jtg-social a, .lightbox-socials.jtg-social a{ color: #ffffff }#jtg-399 .modula-item .jtg-social svg, .lightbox-socials.jtg-social svg { height: 16px; width: 16px }#jtg-399 .modula-item .jtg-social a:not(:last-child), .lightbox-socials.jtg-social a:not(:last-child) { margin-right: 10px }#jtg-399 .modula-item .figc {color:#ffffff;}#jtg-399 .modula-item .figc .jtg-title {  font-size: 36px; }#jtg-399 .modula-item .modula-item-content { transform: scale(1) }#jtg-399 .modula-items .figc p.description { font-size:16px; }#jtg-399 .modula-items .figc p.description { color:#ffffff;}#jtg-399 .modula-items .figc .jtg-title { color:#ffffff; }#jtg-399.modula-gallery .modula-item > a, #jtg-399.modula-gallery .modula-item, #jtg-399.modula-gallery .modula-item-content > a:not(.modula-no-follow) { cursor:zoom-in; } #jtg-399.modula-gallery .modula-item-content .modula-no-follow { cursor: default; } @media screen and (max-width:480px){#jtg-399 .modula-item .figc .jtg-title {  font-size: 13px; }#jtg-399 .modula-items .figc p.description { color:#ffffff;font-size:10px; }}<\/style>\n<!-- Gallery Container -->\n<div  id=\"jtg-399\" class=\"modula modula-gallery modula-custom-grid\" data-config=\"{&quot;height&quot;:0,&quot;tabletHeight&quot;:0,&quot;mobileHeight&quot;:0,&quot;desktopHeight&quot;:0,&quot;enableTwitter&quot;:false,&quot;enableWhatsapp&quot;:false,&quot;enableFacebook&quot;:false,&quot;enablePinterest&quot;:false,&quot;enableLinkedin&quot;:false,&quot;enableEmail&quot;:false,&quot;randomFactor&quot;:0,&quot;type&quot;:&quot;custom-grid&quot;,&quot;columns&quot;:12,&quot;gutter&quot;:10,&quot;mobileGutter&quot;:10,&quot;tabletGutter&quot;:10,&quot;desktopGutter&quot;:10,&quot;enableResponsive&quot;:&quot;0&quot;,&quot;tabletColumns&quot;:&quot;2&quot;,&quot;mobileColumns&quot;:&quot;1&quot;,&quot;lazyLoad&quot;:&quot;0&quot;,&quot;lightboxOpts&quot;:{&quot;loop&quot;:false,&quot;arrows&quot;:true,&quot;toolbar&quot;:true,&quot;keyboard&quot;:true,&quot;wheel&quot;:false,&quot;buttons&quot;:[&quot;close&quot;],&quot;hash&quot;:false,&quot;lang&quot;:&quot;en&quot;,&quot;touch&quot;:false,&quot;protect&quot;:false,&quot;i18n&quot;:{&quot;en&quot;:{&quot;CLOSE&quot;:&quot;Close&quot;,&quot;NEXT&quot;:&quot;Next&quot;,&quot;PREV&quot;:&quot;Previous&quot;,&quot;Error&quot;:&quot;The requested content cannot be loaded. Please try again later.&quot;,&quot;PLAY_START&quot;:&quot;Start slideshow&quot;,&quot;PLAY_STOP&quot;:&quot;Pause slideshow&quot;,&quot;FULL_SCREEN&quot;:&quot;Full screen&quot;,&quot;THUMBS&quot;:&quot;Thumbnails&quot;,&quot;DOWNLOAD&quot;:&quot;Download&quot;,&quot;SHARE&quot;:&quot;Share&quot;,&quot;ZOOM&quot;:&quot;Zoom&quot;}},&quot;clickSlide&quot;:false,&quot;clickOutside&quot;:false,&quot;dblclickContent&quot;:false,&quot;dblclickSlide&quot;:false,&quot;dblclickOutside&quot;:false,&quot;clickContent&quot;:false,&quot;baseTpl&quot;:&quot;&lt;div class=\\&quot;modula-fancybox-container modula-lightbox-jtg-399\\&quot; role=\\&quot;dialog\\&quot; tabindex=\\&quot;-1\\&quot;&gt;&lt;div class=\\&quot;modula-fancybox-bg\\&quot;&gt;&lt;\\\/div&gt;&lt;div class=\\&quot;modula-fancybox-inner\\&quot;&gt;&lt;div class=\\&quot;modula-fancybox-infobar\\&quot;&gt;&lt;span data-fancybox-index&gt;&lt;\\\/span&gt;&nbsp;\\\/&nbsp;&lt;span data-fancybox-count&gt;&lt;\\\/span&gt;&lt;\\\/div&gt;&lt;div class=\\&quot;modula-fancybox-toolbar\\&quot;&gt;{{buttons}}&lt;\\\/div&gt;&lt;div class=\\&quot;modula-fancybox-navigation\\&quot;&gt;{{arrows}}&lt;\\\/div&gt;&lt;div class=\\&quot;modula-fancybox-stage\\&quot;&gt;&lt;\\\/div&gt;&lt;div class=\\&quot;modula-fancybox-caption\\&quot;&gt;&lt;div class=\\&quot;modula-fancybox-caption__body\\&quot;&gt;&lt;\\\/div&gt;&lt;\\\/div&gt;&lt;\\\/div&gt;&lt;\\\/div&gt;&quot;},&quot;inView&quot;:false,&quot;email_subject&quot;:&quot;Check out this awesome image !!&quot;,&quot;email_message&quot;:&quot;Here is the link to the image : %%image_link%% and this is the link to the gallery : %%gallery_link%%&quot;,&quot;lightbox&quot;:&quot;fancybox&quot;}\">\n\n\t\n\t<!-- Items Container -->\n\t<div  class=\"modula-items\">\n\t\t<div class=\"modula-item effect-pufrobo\" data-width=\"12\" data-height=\"8\" >\n\t<div class=\"modula-item-overlay\"><\/div>\n\n\t<div class=\"modula-item-content\">\n\n\t\t\t\t\n\t\t\t\t\t<a data-image-id=\"405\" rel=\"jtg-399\" data-caption=\"Un caf\u00e9 se tenait \u00e0 l&#039;angle de l&#039;all\u00e9e de la Tour et de l&#039;all\u00e9e Franklin, aujourd&#039;hui ce rez-de-chauss\u00e9e est r\u00e9habilit\u00e9 en habitation. Les meuli\u00e8res et maisons bourgeoises bordent cette all\u00e9e. Date approximative 1910.\" aria-label=\"Open image in lightbox\" class=\"tile-inner modula-item-link\"><\/a>\n\t\t\n\t\t<img loading=\"lazy\" decoding=\"async\" class=\"pic wp-image-405\"  data-valign=\"middle\" data-halign=\"center\" alt=\"All\u00e9e de la Tour\" data-full=\"https:\/\/coquetiers.com\/WPCoquetie\/wp-content\/uploads\/2020\/12\/alleedelatour5.jpg\" title=\"All\u00e9e de la Tour, de l&#039;all\u00e9e Franklin\" width=\"300\" height=\"191\" src=\"https:\/\/coquetiers.com\/WPCoquetie\/wp-content\/uploads\/2020\/12\/alleedelatour5-300x191.jpg\" data-src=\"https:\/\/coquetiers.com\/WPCoquetie\/wp-content\/uploads\/2020\/12\/alleedelatour5-300x191.jpg\" data-caption=\"Un caf\u00e9 se tenait \u00e0 l&#039;angle de l&#039;all\u00e9e de la Tour et de l&#039;all\u00e9e Franklin, aujourd&#039;hui ce rez-de-chauss\u00e9e est r\u00e9habilit\u00e9 en habitation. Les meuli\u00e8res et maisons bourgeoises bordent cette all\u00e9e. Date approximative 1910.\"srcset=\"https:\/\/coquetiers.com\/WPCoquetie\/wp-content\/uploads\/2020\/12\/alleedelatour5.jpg 1000w, https:\/\/coquetiers.com\/WPCoquetie\/wp-content\/uploads\/2020\/12\/alleedelatour5-300x191.jpg 300w, https:\/\/coquetiers.com\/WPCoquetie\/wp-content\/uploads\/2020\/12\/alleedelatour5-768x488.jpg 768w\" sizes=\"(max-width: 300px) 100vw, 300px\"\" srcset=\"https:\/\/coquetiers.com\/WPCoquetie\/wp-content\/uploads\/2020\/12\/alleedelatour5-300x191.jpg 300w, https:\/\/coquetiers.com\/WPCoquetie\/wp-content\/uploads\/2020\/12\/alleedelatour5-768x488.jpg 768w, https:\/\/coquetiers.com\/WPCoquetie\/wp-content\/uploads\/2020\/12\/alleedelatour5.jpg 1000w\" \/>\n\t\t<div class=\"figc\">\n\t\t\t<div class=\"figc-inner\">\n\t\t\t\t\t\t\t\t\t<div class='jtg-title'>All\u00e9e de la Tour, de l'all\u00e9e Franklin<\/div>\n\t\t\t\t\t\t\t\t\t\t\t\t\t<p class=\"description\">Un caf\u00e9 se tenait \u00e0 l'angle de l'all\u00e9e de la Tour et de l'all\u00e9e Franklin, aujourd'hui ce rez-de-chauss\u00e9e est r\u00e9habilit\u00e9 en habitation. Les meuli\u00e8res et maisons bourgeoises bordent cette all\u00e9e. Date approximative 1910.<\/p>\n\t\t\t\t\t\t\t\t\t\t\t<\/div>\n\t\t<\/div>\n\n\t<\/div>\n\n<\/div><div class=\"modula-item effect-pufrobo\" data-width=\"12\" data-height=\"8\" >\n\t<div class=\"modula-item-overlay\"><\/div>\n\n\t<div class=\"modula-item-content\">\n\n\t\t\t\t\n\t\t\t\t\t<a data-image-id=\"402\" rel=\"jtg-399\" data-caption=\"La cabane caract\u00e9ristique du garde barri\u00e8re est visible \u00e0 gauche de la photo.  A droite, un couple prom\u00e8ne son chien. L&#039;All\u00e9e de la Tour en direction du Raincy de dresse en arri\u00e8re plan. Est-ce la tour qu&#039;on distingue au loin qui a donn\u00e9 son nom \u00e0 cette all\u00e9e ?\" aria-label=\"Open image in lightbox\" class=\"tile-inner modula-item-link\"><\/a>\n\t\t\n\t\t<img loading=\"lazy\" decoding=\"async\" class=\"pic wp-image-402\"  data-valign=\"middle\" data-halign=\"center\" alt=\"Passage \u00e0 niveau All\u00e9e de la Tour\" data-full=\"https:\/\/coquetiers.com\/WPCoquetie\/wp-content\/uploads\/2020\/12\/allee_de_la_tour3.jpg\" title=\"Passage \u00e0 niveau All\u00e9e de la Tour\" width=\"300\" height=\"191\" src=\"https:\/\/coquetiers.com\/WPCoquetie\/wp-content\/uploads\/2020\/12\/allee_de_la_tour3-300x191.jpg\" data-src=\"https:\/\/coquetiers.com\/WPCoquetie\/wp-content\/uploads\/2020\/12\/allee_de_la_tour3-300x191.jpg\" data-caption=\"La cabane caract\u00e9ristique du garde barri\u00e8re est visible \u00e0 gauche de la photo.  A droite, un couple prom\u00e8ne son chien. L&#039;All\u00e9e de la Tour en direction du Raincy de dresse en arri\u00e8re plan. Est-ce la tour qu&#039;on distingue au loin qui a donn\u00e9 son nom \u00e0 cette all\u00e9e ?\"srcset=\"https:\/\/coquetiers.com\/WPCoquetie\/wp-content\/uploads\/2020\/12\/allee_de_la_tour3.jpg 1000w, https:\/\/coquetiers.com\/WPCoquetie\/wp-content\/uploads\/2020\/12\/allee_de_la_tour3-300x191.jpg 300w, https:\/\/coquetiers.com\/WPCoquetie\/wp-content\/uploads\/2020\/12\/allee_de_la_tour3-768x488.jpg 768w\" sizes=\"(max-width: 300px) 100vw, 300px\"\" srcset=\"https:\/\/coquetiers.com\/WPCoquetie\/wp-content\/uploads\/2020\/12\/allee_de_la_tour3-300x191.jpg 300w, https:\/\/coquetiers.com\/WPCoquetie\/wp-content\/uploads\/2020\/12\/allee_de_la_tour3-768x488.jpg 768w, https:\/\/coquetiers.com\/WPCoquetie\/wp-content\/uploads\/2020\/12\/allee_de_la_tour3.jpg 1000w\" \/>\n\t\t<div class=\"figc\">\n\t\t\t<div class=\"figc-inner\">\n\t\t\t\t\t\t\t\t\t<div class='jtg-title'>Passage \u00e0 niveau All\u00e9e de la Tour<\/div>\n\t\t\t\t\t\t\t\t\t\t\t\t\t<p class=\"description\">La cabane caract\u00e9ristique du garde barri\u00e8re est visible \u00e0 gauche de la photo.  A droite, un couple prom\u00e8ne son chien. L'All\u00e9e de la Tour en direction du Raincy de dresse en arri\u00e8re plan. Est-ce la tour qu'on distingue au loin qui a donn\u00e9 son nom \u00e0 cette all\u00e9e ?<\/p>\n\t\t\t\t\t\t\t\t\t\t\t<\/div>\n\t\t<\/div>\n\n\t<\/div>\n\n<\/div><div class=\"modula-item effect-pufrobo\" data-width=\"12\" data-height=\"8\" >\n\t<div class=\"modula-item-overlay\"><\/div>\n\n\t<div class=\"modula-item-content\">\n\n\t\t\t\t\n\t\t\t\t\t<a data-image-id=\"442\" rel=\"jtg-399\" data-caption=\"Situ\u00e9e vers le Raincy, cette prise de vue de l&#039;All\u00e9e de la Tour montre en arri\u00e8re plan la ligne de train des Coquetiers. La tour origine qui a donn\u00e9 le nom \u00e0 cette rue a \u00e9t\u00e9 supprim\u00e9e mais aujourd&#039;hui cette maison existe toujours.\" aria-label=\"Open image in lightbox\" class=\"tile-inner modula-item-link\"><\/a>\n\t\t\n\t\t<img loading=\"lazy\" decoding=\"async\" class=\"pic wp-image-442\"  data-valign=\"middle\" data-halign=\"center\" alt=\"\" data-full=\"https:\/\/coquetiers.com\/WPCoquetie\/wp-content\/uploads\/2021\/01\/Alleedelatour06_red.jpg\" title=\"All\u00e9e de la Tour, la tour \u00e9ponyme\" width=\"300\" height=\"189\" src=\"https:\/\/coquetiers.com\/WPCoquetie\/wp-content\/uploads\/2021\/01\/Alleedelatour06_red-300x189.jpg\" data-src=\"https:\/\/coquetiers.com\/WPCoquetie\/wp-content\/uploads\/2021\/01\/Alleedelatour06_red-300x189.jpg\" data-caption=\"Situ\u00e9e vers le Raincy, cette prise de vue de l&#039;All\u00e9e de la Tour montre en arri\u00e8re plan la ligne de train des Coquetiers. La tour origine qui a donn\u00e9 le nom \u00e0 cette rue a \u00e9t\u00e9 supprim\u00e9e mais aujourd&#039;hui cette maison existe toujours.\"srcset=\"https:\/\/coquetiers.com\/WPCoquetie\/wp-content\/uploads\/2021\/01\/Alleedelatour06_red.jpg 2127w, https:\/\/coquetiers.com\/WPCoquetie\/wp-content\/uploads\/2021\/01\/Alleedelatour06_red-300x189.jpg 300w, https:\/\/coquetiers.com\/WPCoquetie\/wp-content\/uploads\/2021\/01\/Alleedelatour06_red-1024x646.jpg 1024w, https:\/\/coquetiers.com\/WPCoquetie\/wp-content\/uploads\/2021\/01\/Alleedelatour06_red-768x485.jpg 768w, https:\/\/coquetiers.com\/WPCoquetie\/wp-content\/uploads\/2021\/01\/Alleedelatour06_red-1536x969.jpg 1536w, https:\/\/coquetiers.com\/WPCoquetie\/wp-content\/uploads\/2021\/01\/Alleedelatour06_red-2048x1292.jpg 2048w, https:\/\/coquetiers.com\/WPCoquetie\/wp-content\/uploads\/2021\/01\/Alleedelatour06_red-1568x989.jpg 1568w\" sizes=\"(max-width: 300px) 100vw, 300px\"\" srcset=\"https:\/\/coquetiers.com\/WPCoquetie\/wp-content\/uploads\/2021\/01\/Alleedelatour06_red-300x189.jpg 300w, https:\/\/coquetiers.com\/WPCoquetie\/wp-content\/uploads\/2021\/01\/Alleedelatour06_red-1024x646.jpg 1024w, https:\/\/coquetiers.com\/WPCoquetie\/wp-content\/uploads\/2021\/01\/Alleedelatour06_red-768x485.jpg 768w, https:\/\/coquetiers.com\/WPCoquetie\/wp-content\/uploads\/2021\/01\/Alleedelatour06_red-1536x969.jpg 1536w, https:\/\/coquetiers.com\/WPCoquetie\/wp-content\/uploads\/2021\/01\/Alleedelatour06_red-2048x1292.jpg 2048w, https:\/\/coquetiers.com\/WPCoquetie\/wp-content\/uploads\/2021\/01\/Alleedelatour06_red-1568x989.jpg 1568w\" \/>\n\t\t<div class=\"figc\">\n\t\t\t<div class=\"figc-inner\">\n\t\t\t\t\t\t\t\t\t<div class='jtg-title'>All\u00e9e de la Tour, la tour \u00e9ponyme<\/div>\n\t\t\t\t\t\t\t\t\t\t\t\t\t<p class=\"description\">Situ\u00e9e vers le Raincy, cette prise de vue de l'All\u00e9e de la Tour montre en arri\u00e8re plan la ligne de train des Coquetiers. La tour origine qui a donn\u00e9 le nom \u00e0 cette rue a \u00e9t\u00e9 supprim\u00e9e mais aujourd'hui cette maison existe toujours.<\/p>\n\t\t\t\t\t\t\t\t\t\t\t<\/div>\n\t\t<\/div>\n\n\t<\/div>\n\n<\/div><div class=\"modula-item effect-pufrobo\" data-width=\"12\" data-height=\"8\" >\n\t<div class=\"modula-item-overlay\"><\/div>\n\n\t<div class=\"modula-item-content\">\n\n\t\t\t\t\n\t\t\t\t\t<a data-image-id=\"403\" rel=\"jtg-399\" data-caption=\"Un \u00e9tablissement d&#039;aviculture (\u00e9levage de volailles) se trouvait au 3 de l&#039;all\u00e9e de la Tour. L&#039;histoire ne dit pas si cette \u00e9levage avait un lien avec le nom du quartier des Coquetiers :-). A noter \u00e9galement la faute d&#039;orthographe tr\u00e8s fr\u00e9quente sur &quot;Villemonble&quot;...\" aria-label=\"Open image in lightbox\" class=\"tile-inner modula-item-link\"><\/a>\n\t\t\n\t\t<img loading=\"lazy\" decoding=\"async\" class=\"pic wp-image-403\"  data-valign=\"middle\" data-halign=\"center\" alt=\"\" data-full=\"https:\/\/coquetiers.com\/WPCoquetie\/wp-content\/uploads\/2020\/12\/allee_de_la_tour4.jpg\" title=\"Etablissement d&#039;Aviculture, 3 all\u00e9e de la Tour\" width=\"300\" height=\"193\" src=\"https:\/\/coquetiers.com\/WPCoquetie\/wp-content\/uploads\/2020\/12\/allee_de_la_tour4-300x193.jpg\" data-src=\"https:\/\/coquetiers.com\/WPCoquetie\/wp-content\/uploads\/2020\/12\/allee_de_la_tour4-300x193.jpg\" data-caption=\"Un \u00e9tablissement d&#039;aviculture (\u00e9levage de volailles) se trouvait au 3 de l&#039;all\u00e9e de la Tour. L&#039;histoire ne dit pas si cette \u00e9levage avait un lien avec le nom du quartier des Coquetiers :-). A noter \u00e9galement la faute d&#039;orthographe tr\u00e8s fr\u00e9quente sur &quot;Villemonble&quot;...\"srcset=\"https:\/\/coquetiers.com\/WPCoquetie\/wp-content\/uploads\/2020\/12\/allee_de_la_tour4.jpg 1000w, https:\/\/coquetiers.com\/WPCoquetie\/wp-content\/uploads\/2020\/12\/allee_de_la_tour4-300x193.jpg 300w, https:\/\/coquetiers.com\/WPCoquetie\/wp-content\/uploads\/2020\/12\/allee_de_la_tour4-768x494.jpg 768w\" sizes=\"(max-width: 300px) 100vw, 300px\"\" srcset=\"https:\/\/coquetiers.com\/WPCoquetie\/wp-content\/uploads\/2020\/12\/allee_de_la_tour4-300x193.jpg 300w, https:\/\/coquetiers.com\/WPCoquetie\/wp-content\/uploads\/2020\/12\/allee_de_la_tour4-768x494.jpg 768w, https:\/\/coquetiers.com\/WPCoquetie\/wp-content\/uploads\/2020\/12\/allee_de_la_tour4.jpg 1000w\" \/>\n\t\t<div class=\"figc\">\n\t\t\t<div class=\"figc-inner\">\n\t\t\t\t\t\t\t\t\t<div class='jtg-title'>Etablissement d'Aviculture, 3 all\u00e9e de la Tour<\/div>\n\t\t\t\t\t\t\t\t\t\t\t\t\t<p class=\"description\">Un \u00e9tablissement d'aviculture (\u00e9levage de volailles) se trouvait au 3 de l'all\u00e9e de la Tour. L'histoire ne dit pas si cette \u00e9levage avait un lien avec le nom du quartier des Coquetiers :-). A noter \u00e9galement la faute d'orthographe tr\u00e8s fr\u00e9quente sur \"Villemonble\"...<\/p>\n\t\t\t\t\t\t\t\t\t\t\t<\/div>\n\t\t<\/div>\n\n\t<\/div>\n\n<\/div><div class=\"modula-item effect-pufrobo\" data-width=\"12\" data-height=\"9\" >\n\t<div class=\"modula-item-overlay\"><\/div>\n\n\t<div class=\"modula-item-content\">\n\n\t\t\t\t\n\t\t\t\t\t<a data-image-id=\"407\" rel=\"jtg-399\" data-caption=\"C&#039;est une carte postale mal localis\u00e9e. A l&#039;\u00e9poque ce sont les photographes qui localisaient leurs prises de vues ! Il s&#039;agit non pas de l&#039;all\u00e9e de la Tour \u00e0 Villemomble mais du quartier Mainguy \u00e0 Bondy, rue Paul Vaillant Couturier.\nLa pharmacie, \u00e0 gauche de la photo, \u00e9tait orn\u00e9e d&#039;une jolie tour octogonale. Les deux grandes b\u00e2tisses \u00e0 deux \u00e9tages en second plan sont l&#039;\u00e9cole primaire Mainguy. \" aria-label=\"Open image in lightbox\" class=\"tile-inner modula-item-link\"><\/a>\n\t\t\n\t\t<img loading=\"lazy\" decoding=\"async\" class=\"pic wp-image-407\"  data-valign=\"middle\" data-halign=\"center\" alt=\"All\u00e9e de la tour - Plut\u00f4t Mainguy \u00e0 Bondy\" data-full=\"https:\/\/coquetiers.com\/WPCoquetie\/wp-content\/uploads\/2020\/12\/Allee-de-la-tour-1.jpg\" title=\"All\u00e9e de la tour - Plut\u00f4t Mainguy \u00e0 Bondy !\" width=\"300\" height=\"193\" src=\"https:\/\/coquetiers.com\/WPCoquetie\/wp-content\/uploads\/2020\/12\/Allee-de-la-tour-1-300x193.jpg\" data-src=\"https:\/\/coquetiers.com\/WPCoquetie\/wp-content\/uploads\/2020\/12\/Allee-de-la-tour-1-300x193.jpg\" data-caption=\"C&#039;est une carte postale mal localis\u00e9e. A l&#039;\u00e9poque ce sont les photographes qui localisaient leurs prises de vues ! Il s&#039;agit non pas de l&#039;all\u00e9e de la Tour \u00e0 Villemomble mais du quartier Mainguy \u00e0 Bondy, rue Paul Vaillant Couturier.\nLa pharmacie, \u00e0 gauche de la photo, \u00e9tait orn\u00e9e d&#039;une jolie tour octogonale. Les deux grandes b\u00e2tisses \u00e0 deux \u00e9tages en second plan sont l&#039;\u00e9cole primaire Mainguy. \"srcset=\"https:\/\/coquetiers.com\/WPCoquetie\/wp-content\/uploads\/2020\/12\/Allee-de-la-tour-1.jpg 1963w, https:\/\/coquetiers.com\/WPCoquetie\/wp-content\/uploads\/2020\/12\/Allee-de-la-tour-1-300x193.jpg 300w, https:\/\/coquetiers.com\/WPCoquetie\/wp-content\/uploads\/2020\/12\/Allee-de-la-tour-1-1024x658.jpg 1024w, https:\/\/coquetiers.com\/WPCoquetie\/wp-content\/uploads\/2020\/12\/Allee-de-la-tour-1-768x494.jpg 768w, https:\/\/coquetiers.com\/WPCoquetie\/wp-content\/uploads\/2020\/12\/Allee-de-la-tour-1-1536x987.jpg 1536w, https:\/\/coquetiers.com\/WPCoquetie\/wp-content\/uploads\/2020\/12\/Allee-de-la-tour-1-1568x1008.jpg 1568w\" sizes=\"(max-width: 300px) 100vw, 300px\"\" srcset=\"https:\/\/coquetiers.com\/WPCoquetie\/wp-content\/uploads\/2020\/12\/Allee-de-la-tour-1-300x193.jpg 300w, https:\/\/coquetiers.com\/WPCoquetie\/wp-content\/uploads\/2020\/12\/Allee-de-la-tour-1-1024x658.jpg 1024w, https:\/\/coquetiers.com\/WPCoquetie\/wp-content\/uploads\/2020\/12\/Allee-de-la-tour-1-768x494.jpg 768w, https:\/\/coquetiers.com\/WPCoquetie\/wp-content\/uploads\/2020\/12\/Allee-de-la-tour-1-1536x987.jpg 1536w, https:\/\/coquetiers.com\/WPCoquetie\/wp-content\/uploads\/2020\/12\/Allee-de-la-tour-1-1568x1008.jpg 1568w, https:\/\/coquetiers.com\/WPCoquetie\/wp-content\/uploads\/2020\/12\/Allee-de-la-tour-1.jpg 1963w\" \/>\n\t\t<div class=\"figc\">\n\t\t\t<div class=\"figc-inner\">\n\t\t\t\t\t\t\t\t\t<div class='jtg-title'>All\u00e9e de la tour - Plut\u00f4t Mainguy \u00e0 Bondy !<\/div>\n\t\t\t\t\t\t\t\t\t\t\t\t\t<p class=\"description\">C'est une carte postale mal localis\u00e9e. A l'\u00e9poque ce sont les photographes qui localisaient leurs prises de vues ! Il s'agit non pas de l'all\u00e9e de la Tour \u00e0 Villemomble mais du quartier Mainguy \u00e0 Bondy, rue Paul Vaillant Couturier.\nLa pharmacie, \u00e0 gauche de la photo, \u00e9tait orn\u00e9e d'une jolie tour octogonale. Les deux grandes b\u00e2tisses \u00e0 deux \u00e9tages en second plan sont l'\u00e9cole primaire Mainguy. <\/p>\n\t\t\t\t\t\t\t\t\t\t\t<\/div>\n\t\t<\/div>\n\n\t<\/div>\n\n<\/div>\t\t\n\t<\/div>\n\n\t\n\t\n\t<script type=\"application\/ld+json\">\n\t{\n\t\t\"@context\": \"http:\/\/schema.org\",\n\t\t\"@type\"   : \"ImageGallery\",\n\t\t\"id\"      : \"https:\/\/coquetiers.com\/WPCoquetie\",\n\t\t\"url\"     : \"https:\/\/coquetiers.com\/WPCoquetie\"\n\t}\n\n    <\/script>\n\n\t\n<\/div>","protected":false},"excerpt":{"rendered":"<p>L&rsquo;All\u00e9e de la Tour est la limite du quartier des Coquetiers de Villemomble avec Pavillons sous Bois. Cette All\u00e9e est bord\u00e9e de grandes parcelles, de villas bourgeoises. Elle s&rsquo;\u00e9tend des deux c\u00f4t\u00e9s de la voie ferr\u00e9e.<\/p>\n","protected":false},"author":1,"featured_media":0,"parent":0,"menu_order":0,"comment_status":"closed","ping_status":"closed","template":"","meta":{"footnotes":""},"_links":{"self":[{"href":"https:\/\/coquetiers.com\/WPCoquetie\/index.php?rest_route=\/wp\/v2\/pages\/392"}],"collection":[{"href":"https:\/\/coquetiers.com\/WPCoquetie\/index.php?rest_route=\/wp\/v2\/pages"}],"about":[{"href":"https:\/\/coquetiers.com\/WPCoquetie\/index.php?rest_route=\/wp\/v2\/types\/page"}],"author":[{"embeddable":true,"href":"https:\/\/coquetiers.com\/WPCoquetie\/index.php?rest_route=\/wp\/v2\/users\/1"}],"replies":[{"embeddable":true,"href":"https:\/\/coquetiers.com\/WPCoquetie\/index.php?rest_route=%2Fwp%2Fv2%2Fcomments&post=392"}],"version-history":[{"count":4,"href":"https:\/\/coquetiers.com\/WPCoquetie\/index.php?rest_route=\/wp\/v2\/pages\/392\/revisions"}],"predecessor-version":[{"id":567,"href":"https:\/\/coquetiers.com\/WPCoquetie\/index.php?rest_route=\/wp\/v2\/pages\/392\/revisions\/567"}],"wp:attachment":[{"href":"https:\/\/coquetiers.com\/WPCoquetie\/index.php?rest_route=%2Fwp%2Fv2%2Fmedia&parent=392"}],"curies":[{"name":"wp","href":"https:\/\/api.w.org\/{rel}","templated":true}]}}