{"id":555,"date":"2023-12-27T08:48:22","date_gmt":"2023-12-27T07:48:22","guid":{"rendered":"https:\/\/coquetiers.com\/WPCoquetie\/?page_id=555"},"modified":"2023-12-27T20:26:23","modified_gmt":"2023-12-27T19:26:23","slug":"allee-du-rendez-vous","status":"publish","type":"page","link":"https:\/\/coquetiers.com\/WPCoquetie\/?page_id=555","title":{"rendered":"All\u00e9e du Rendez-vous"},"content":{"rendered":"\n<div class=\"wp-block-columns is-layout-flex wp-container-core-columns-layout-1 wp-block-columns-is-layout-flex\">\n<div class=\"wp-block-column is-layout-flow wp-block-column-is-layout-flow\" style=\"flex-basis:33.33%\">\n<figure class=\"wp-block-image size-full is-resized\"><img loading=\"lazy\" decoding=\"async\" src=\"https:\/\/coquetiers.com\/WPCoquetie\/wp-content\/uploads\/2023\/12\/Plan-Allee-du-rendez-vous-1.gif\" alt=\"\" class=\"wp-image-563\" width=\"287\" height=\"218\"\/><\/figure>\n<\/div>\n\n\n\n<div class=\"wp-block-column is-vertically-aligned-top is-layout-flow wp-block-column-is-layout-flow\" style=\"flex-basis:66.66%\">\n<p>L&rsquo;All\u00e9e du Rendez-vous est situ\u00e9e \u00e0 Pavillons sous Bois, C&rsquo;est la Halte situ\u00e9e apr\u00e8s celle de l&rsquo;All\u00e9e de la Tour, en allant vers Livry Gargan. Les grandes parcelles ont \u00e9t\u00e9 divis\u00e9es, de nombreux pavillons des ann\u00e9es 70-80 ont transform\u00e9 ce quartier. Quelque villas caract\u00e9ristiques de la fin du 19\u00e8me si\u00e8cle sont encore dress\u00e9es.<\/p>\n<\/div>\n<\/div>\n\n\n<style>#jtg-546 .modula-item { box-shadow: #ffffff 0px 0px 6px; }#jtg-546 .modula-item .jtg-social a, .lightbox-socials.jtg-social a{ color: #ffffff }#jtg-546 .modula-item .jtg-social svg, .lightbox-socials.jtg-social svg { height: 16px; width: 16px }#jtg-546 .modula-item .jtg-social a:not(:last-child), .lightbox-socials.jtg-social a:not(:last-child) { margin-right: 10px }#jtg-546 .modula-item .figc {color:#ffffff;}#jtg-546 .modula-item .figc .jtg-title {  font-size: 36px; }#jtg-546 .modula-item .modula-item-content { transform: scale(1) }#jtg-546 .modula-items .figc p.description { font-size:16px; }#jtg-546 .modula-items .figc p.description { color:#ffffff;}#jtg-546 .modula-items .figc .jtg-title { color:#ffffff; }#jtg-546.modula-gallery .modula-item > a, #jtg-546.modula-gallery .modula-item, #jtg-546.modula-gallery .modula-item-content > a:not(.modula-no-follow) { cursor:zoom-in; } #jtg-546.modula-gallery .modula-item-content .modula-no-follow { cursor: default; } @media screen and (max-width:480px){#jtg-546 .modula-item .figc .jtg-title {  font-size: 13px; }#jtg-546 .modula-items .figc p.description { color:#ffffff;font-size:10px; }}<\/style>\n<!-- Gallery Container -->\n<div  id=\"jtg-546\" class=\"modula modula-gallery modula-custom-grid\" data-config=\"{&quot;height&quot;:0,&quot;tabletHeight&quot;:0,&quot;mobileHeight&quot;:0,&quot;desktopHeight&quot;:0,&quot;enableTwitter&quot;:false,&quot;enableWhatsapp&quot;:false,&quot;enableFacebook&quot;:false,&quot;enablePinterest&quot;:false,&quot;enableLinkedin&quot;:false,&quot;enableEmail&quot;:false,&quot;randomFactor&quot;:0,&quot;type&quot;:&quot;custom-grid&quot;,&quot;columns&quot;:12,&quot;gutter&quot;:10,&quot;mobileGutter&quot;:10,&quot;tabletGutter&quot;:10,&quot;desktopGutter&quot;:10,&quot;enableResponsive&quot;:&quot;0&quot;,&quot;tabletColumns&quot;:&quot;2&quot;,&quot;mobileColumns&quot;:&quot;1&quot;,&quot;lazyLoad&quot;:&quot;0&quot;,&quot;lightboxOpts&quot;:{&quot;loop&quot;:false,&quot;arrows&quot;:true,&quot;toolbar&quot;:true,&quot;keyboard&quot;:true,&quot;wheel&quot;:false,&quot;buttons&quot;:[&quot;close&quot;],&quot;hash&quot;:false,&quot;lang&quot;:&quot;en&quot;,&quot;touch&quot;:false,&quot;protect&quot;:false,&quot;i18n&quot;:{&quot;en&quot;:{&quot;CLOSE&quot;:&quot;Close&quot;,&quot;NEXT&quot;:&quot;Next&quot;,&quot;PREV&quot;:&quot;Previous&quot;,&quot;Error&quot;:&quot;The requested content cannot be loaded. Please try again later.&quot;,&quot;PLAY_START&quot;:&quot;Start slideshow&quot;,&quot;PLAY_STOP&quot;:&quot;Pause slideshow&quot;,&quot;FULL_SCREEN&quot;:&quot;Full screen&quot;,&quot;THUMBS&quot;:&quot;Thumbnails&quot;,&quot;DOWNLOAD&quot;:&quot;Download&quot;,&quot;SHARE&quot;:&quot;Share&quot;,&quot;ZOOM&quot;:&quot;Zoom&quot;}},&quot;clickSlide&quot;:false,&quot;clickOutside&quot;:false,&quot;dblclickContent&quot;:false,&quot;dblclickSlide&quot;:false,&quot;dblclickOutside&quot;:false,&quot;clickContent&quot;:false,&quot;baseTpl&quot;:&quot;&lt;div class=\\&quot;modula-fancybox-container modula-lightbox-jtg-546\\&quot; role=\\&quot;dialog\\&quot; tabindex=\\&quot;-1\\&quot;&gt;&lt;div class=\\&quot;modula-fancybox-bg\\&quot;&gt;&lt;\\\/div&gt;&lt;div class=\\&quot;modula-fancybox-inner\\&quot;&gt;&lt;div class=\\&quot;modula-fancybox-infobar\\&quot;&gt;&lt;span data-fancybox-index&gt;&lt;\\\/span&gt;&nbsp;\\\/&nbsp;&lt;span data-fancybox-count&gt;&lt;\\\/span&gt;&lt;\\\/div&gt;&lt;div class=\\&quot;modula-fancybox-toolbar\\&quot;&gt;{{buttons}}&lt;\\\/div&gt;&lt;div class=\\&quot;modula-fancybox-navigation\\&quot;&gt;{{arrows}}&lt;\\\/div&gt;&lt;div class=\\&quot;modula-fancybox-stage\\&quot;&gt;&lt;\\\/div&gt;&lt;div class=\\&quot;modula-fancybox-caption\\&quot;&gt;&lt;div class=\\&quot;modula-fancybox-caption__body\\&quot;&gt;&lt;\\\/div&gt;&lt;\\\/div&gt;&lt;\\\/div&gt;&lt;\\\/div&gt;&quot;},&quot;inView&quot;:false,&quot;email_subject&quot;:&quot;Check out this awesome image !!&quot;,&quot;email_message&quot;:&quot;Here is the link to the image : %%image_link%% and this is the link to the gallery : %%gallery_link%%&quot;,&quot;lightbox&quot;:&quot;fancybox&quot;}\">\n\n\t\n\t<!-- Items Container -->\n\t<div  class=\"modula-items\">\n\t\t<div class=\"modula-item effect-pufrobo\" data-width=\"12\" data-height=\"8\" >\n\t<div class=\"modula-item-overlay\"><\/div>\n\n\t<div class=\"modula-item-content\">\n\n\t\t\t\t\n\t\t\t\t\t<a data-image-id=\"549\" rel=\"jtg-546\" data-caption=\"Pavillons sous Bois est une ville qui date du 3 janvier 1905, auparavant, cette ville \u00e9tait appel\u00e9e Bondy For\u00eat car jusqu&#039;au 19\u00e8me si\u00e8cle, la For\u00eat de Bondy occupait la plupart des lieux. A noter que cette villa, mi ch\u00e2teau m\u00e9di\u00e9val, avec sa tour cr\u00e9nel\u00e9e d\u00e9cor\u00e9e par de fausses fissures existe toujours aujourd&#039;hui, les arbres ont bien pouss\u00e9, elle est moins visible de la rue aujourd&#039;hui.\" aria-label=\"Open image in lightbox\" class=\"tile-inner modula-item-link\"><\/a>\n\t\t\n\t\t<img loading=\"lazy\" decoding=\"async\" class=\"pic wp-image-549\"  data-valign=\"middle\" data-halign=\"center\" alt=\"\" data-full=\"https:\/\/coquetiers.com\/WPCoquetie\/wp-content\/uploads\/2023\/12\/Allee_Rendez-vous_02_bdef.jpg\" title=\"All\u00e9e du Rendez-vous, quais de la Halte\" width=\"300\" height=\"191\" src=\"https:\/\/coquetiers.com\/WPCoquetie\/wp-content\/uploads\/2023\/12\/Allee_Rendez-vous_02_bdef-300x191.jpg\" data-src=\"https:\/\/coquetiers.com\/WPCoquetie\/wp-content\/uploads\/2023\/12\/Allee_Rendez-vous_02_bdef-300x191.jpg\" data-caption=\"Pavillons sous Bois est une ville qui date du 3 janvier 1905, auparavant, cette ville \u00e9tait appel\u00e9e Bondy For\u00eat car jusqu&#039;au 19\u00e8me si\u00e8cle, la For\u00eat de Bondy occupait la plupart des lieux. A noter que cette villa, mi ch\u00e2teau m\u00e9di\u00e9val, avec sa tour cr\u00e9nel\u00e9e d\u00e9cor\u00e9e par de fausses fissures existe toujours aujourd&#039;hui, les arbres ont bien pouss\u00e9, elle est moins visible de la rue aujourd&#039;hui.\"srcset=\"https:\/\/coquetiers.com\/WPCoquetie\/wp-content\/uploads\/2023\/12\/Allee_Rendez-vous_02_bdef.jpg 1000w, https:\/\/coquetiers.com\/WPCoquetie\/wp-content\/uploads\/2023\/12\/Allee_Rendez-vous_02_bdef-300x191.jpg 300w, https:\/\/coquetiers.com\/WPCoquetie\/wp-content\/uploads\/2023\/12\/Allee_Rendez-vous_02_bdef-768x489.jpg 768w\" sizes=\"(max-width: 300px) 100vw, 300px\"\" srcset=\"https:\/\/coquetiers.com\/WPCoquetie\/wp-content\/uploads\/2023\/12\/Allee_Rendez-vous_02_bdef-300x191.jpg 300w, https:\/\/coquetiers.com\/WPCoquetie\/wp-content\/uploads\/2023\/12\/Allee_Rendez-vous_02_bdef-768x489.jpg 768w, https:\/\/coquetiers.com\/WPCoquetie\/wp-content\/uploads\/2023\/12\/Allee_Rendez-vous_02_bdef.jpg 1000w\" \/>\n\t\t<div class=\"figc\">\n\t\t\t<div class=\"figc-inner\">\n\t\t\t\t\t\t\t\t\t<div class='jtg-title'>All\u00e9e du Rendez-vous, quais de la Halte<\/div>\n\t\t\t\t\t\t\t\t\t\t\t\t\t<p class=\"description\">Pavillons sous Bois est une ville qui date du 3 janvier 1905, auparavant, cette ville \u00e9tait appel\u00e9e Bondy For\u00eat car jusqu'au 19\u00e8me si\u00e8cle, la For\u00eat de Bondy occupait la plupart des lieux. A noter que cette villa, mi ch\u00e2teau m\u00e9di\u00e9val, avec sa tour cr\u00e9nel\u00e9e d\u00e9cor\u00e9e par de fausses fissures existe toujours aujourd'hui, les arbres ont bien pouss\u00e9, elle est moins visible de la rue aujourd'hui.<\/p>\n\t\t\t\t\t\t\t\t\t\t\t<\/div>\n\t\t<\/div>\n\n\t<\/div>\n\n<\/div><div class=\"modula-item effect-pufrobo\" data-width=\"12\" data-height=\"8\" >\n\t<div class=\"modula-item-overlay\"><\/div>\n\n\t<div class=\"modula-item-content\">\n\n\t\t\t\t\n\t\t\t\t\t<a data-image-id=\"548\" rel=\"jtg-546\" data-caption=\"Nous retrouvons la villa \u00e0 tours sur la gauche et le point de vue permet de discerner en deuxi\u00e8me plan les deux tours de la villa qui borde l&#039;all\u00e9e Franklin. Cette carte doit dater d&#039;environ 1910.\" aria-label=\"Open image in lightbox\" class=\"tile-inner modula-item-link\"><\/a>\n\t\t\n\t\t<img loading=\"lazy\" decoding=\"async\" class=\"pic wp-image-548\"  data-valign=\"middle\" data-halign=\"center\" alt=\"\" data-full=\"https:\/\/coquetiers.com\/WPCoquetie\/wp-content\/uploads\/2023\/12\/Allee_Rendez-vous_01_bdef.jpg\" title=\"All\u00e9e du Rendez-vous, vue en hauteur\" width=\"300\" height=\"191\" src=\"https:\/\/coquetiers.com\/WPCoquetie\/wp-content\/uploads\/2023\/12\/Allee_Rendez-vous_01_bdef-300x191.jpg\" data-src=\"https:\/\/coquetiers.com\/WPCoquetie\/wp-content\/uploads\/2023\/12\/Allee_Rendez-vous_01_bdef-300x191.jpg\" data-caption=\"Nous retrouvons la villa \u00e0 tours sur la gauche et le point de vue permet de discerner en deuxi\u00e8me plan les deux tours de la villa qui borde l&#039;all\u00e9e Franklin. Cette carte doit dater d&#039;environ 1910.\"srcset=\"https:\/\/coquetiers.com\/WPCoquetie\/wp-content\/uploads\/2023\/12\/Allee_Rendez-vous_01_bdef.jpg 1000w, https:\/\/coquetiers.com\/WPCoquetie\/wp-content\/uploads\/2023\/12\/Allee_Rendez-vous_01_bdef-300x191.jpg 300w, https:\/\/coquetiers.com\/WPCoquetie\/wp-content\/uploads\/2023\/12\/Allee_Rendez-vous_01_bdef-768x489.jpg 768w\" sizes=\"(max-width: 300px) 100vw, 300px\"\" srcset=\"https:\/\/coquetiers.com\/WPCoquetie\/wp-content\/uploads\/2023\/12\/Allee_Rendez-vous_01_bdef-300x191.jpg 300w, https:\/\/coquetiers.com\/WPCoquetie\/wp-content\/uploads\/2023\/12\/Allee_Rendez-vous_01_bdef-768x489.jpg 768w, https:\/\/coquetiers.com\/WPCoquetie\/wp-content\/uploads\/2023\/12\/Allee_Rendez-vous_01_bdef.jpg 1000w\" \/>\n\t\t<div class=\"figc\">\n\t\t\t<div class=\"figc-inner\">\n\t\t\t\t\t\t\t\t\t<div class='jtg-title'>All\u00e9e du Rendez-vous, vue en hauteur<\/div>\n\t\t\t\t\t\t\t\t\t\t\t\t\t<p class=\"description\">Nous retrouvons la villa \u00e0 tours sur la gauche et le point de vue permet de discerner en deuxi\u00e8me plan les deux tours de la villa qui borde l'all\u00e9e Franklin. Cette carte doit dater d'environ 1910.<\/p>\n\t\t\t\t\t\t\t\t\t\t\t<\/div>\n\t\t<\/div>\n\n\t<\/div>\n\n<\/div><div class=\"modula-item effect-pufrobo\" data-width=\"12\" data-height=\"8\" >\n\t<div class=\"modula-item-overlay\"><\/div>\n\n\t<div class=\"modula-item-content\">\n\n\t\t\t\t\n\t\t\t\t\t<a data-image-id=\"550\" rel=\"jtg-546\" data-caption=\"Nous sommes \u00e0 proximit\u00e9 de la Halte du Rendez-vous, la photo est prise en direction du Raincy (All\u00e9e Val\u00e8re Lefebvre). Le couple des propri\u00e9taires posent fi\u00e8rement devant leur jolie meuli\u00e8re qui existe bien encore aujourd&#039;hui, au num\u00e9ro 27.\" aria-label=\"Open image in lightbox\" class=\"tile-inner modula-item-link\"><\/a>\n\t\t\n\t\t<img loading=\"lazy\" decoding=\"async\" class=\"pic wp-image-550\"  data-valign=\"middle\" data-halign=\"center\" alt=\"\" data-full=\"https:\/\/coquetiers.com\/WPCoquetie\/wp-content\/uploads\/2023\/12\/Allee_Rendez-vous_03_bdef.jpg\" title=\"All\u00e9e du Rendez-vous, vue sur les voies\" width=\"300\" height=\"192\" src=\"https:\/\/coquetiers.com\/WPCoquetie\/wp-content\/uploads\/2023\/12\/Allee_Rendez-vous_03_bdef-300x192.jpg\" data-src=\"https:\/\/coquetiers.com\/WPCoquetie\/wp-content\/uploads\/2023\/12\/Allee_Rendez-vous_03_bdef-300x192.jpg\" data-caption=\"Nous sommes \u00e0 proximit\u00e9 de la Halte du Rendez-vous, la photo est prise en direction du Raincy (All\u00e9e Val\u00e8re Lefebvre). Le couple des propri\u00e9taires posent fi\u00e8rement devant leur jolie meuli\u00e8re qui existe bien encore aujourd&#039;hui, au num\u00e9ro 27.\"srcset=\"https:\/\/coquetiers.com\/WPCoquetie\/wp-content\/uploads\/2023\/12\/Allee_Rendez-vous_03_bdef.jpg 1000w, https:\/\/coquetiers.com\/WPCoquetie\/wp-content\/uploads\/2023\/12\/Allee_Rendez-vous_03_bdef-300x192.jpg 300w, https:\/\/coquetiers.com\/WPCoquetie\/wp-content\/uploads\/2023\/12\/Allee_Rendez-vous_03_bdef-768x492.jpg 768w\" sizes=\"(max-width: 300px) 100vw, 300px\"\" srcset=\"https:\/\/coquetiers.com\/WPCoquetie\/wp-content\/uploads\/2023\/12\/Allee_Rendez-vous_03_bdef-300x192.jpg 300w, https:\/\/coquetiers.com\/WPCoquetie\/wp-content\/uploads\/2023\/12\/Allee_Rendez-vous_03_bdef-768x492.jpg 768w, https:\/\/coquetiers.com\/WPCoquetie\/wp-content\/uploads\/2023\/12\/Allee_Rendez-vous_03_bdef.jpg 1000w\" \/>\n\t\t<div class=\"figc\">\n\t\t\t<div class=\"figc-inner\">\n\t\t\t\t\t\t\t\t\t<div class='jtg-title'>All\u00e9e du Rendez-vous, vue sur les voies<\/div>\n\t\t\t\t\t\t\t\t\t\t\t\t\t<p class=\"description\">Nous sommes \u00e0 proximit\u00e9 de la Halte du Rendez-vous, la photo est prise en direction du Raincy (All\u00e9e Val\u00e8re Lefebvre). Le couple des propri\u00e9taires posent fi\u00e8rement devant leur jolie meuli\u00e8re qui existe bien encore aujourd'hui, au num\u00e9ro 27.<\/p>\n\t\t\t\t\t\t\t\t\t\t\t<\/div>\n\t\t<\/div>\n\n\t<\/div>\n\n<\/div><div class=\"modula-item effect-pufrobo\" data-width=\"12\" data-height=\"8\" >\n\t<div class=\"modula-item-overlay\"><\/div>\n\n\t<div class=\"modula-item-content\">\n\n\t\t\t\t\n\t\t\t\t\t<a data-image-id=\"551\" rel=\"jtg-546\" data-caption=\"Cette partie de l&#039;All\u00e9e du Rendez-vous est aujourd&#039;hui rebaptis\u00e9e rue John Kennedy. On constate bien en dernier plan les deux tours de la villa si caract\u00e9ristique. A remarquer \u00e9galement le nombre de chiens pr\u00e9sents sur cette carte postale. Cette partie de la rue a bien chang\u00e9 aujourd&#039;hui et il ne reste plus beaucoup des villas pr\u00e9sentes (remplac\u00e9es par des maisons plus r\u00e9centes ou des immeubles).\" aria-label=\"Open image in lightbox\" class=\"tile-inner modula-item-link\"><\/a>\n\t\t\n\t\t<img loading=\"lazy\" decoding=\"async\" class=\"pic wp-image-551\"  data-valign=\"middle\" data-halign=\"center\" alt=\"\" data-full=\"https:\/\/coquetiers.com\/WPCoquetie\/wp-content\/uploads\/2023\/12\/Allee_Rendez-vous_04_bdef.jpg\" title=\"All\u00e9e du Rendez-vous, aujourd&#039;hui rue John Kennedy\" width=\"300\" height=\"192\" src=\"https:\/\/coquetiers.com\/WPCoquetie\/wp-content\/uploads\/2023\/12\/Allee_Rendez-vous_04_bdef-300x192.jpg\" data-src=\"https:\/\/coquetiers.com\/WPCoquetie\/wp-content\/uploads\/2023\/12\/Allee_Rendez-vous_04_bdef-300x192.jpg\" data-caption=\"Cette partie de l&#039;All\u00e9e du Rendez-vous est aujourd&#039;hui rebaptis\u00e9e rue John Kennedy. On constate bien en dernier plan les deux tours de la villa si caract\u00e9ristique. A remarquer \u00e9galement le nombre de chiens pr\u00e9sents sur cette carte postale. Cette partie de la rue a bien chang\u00e9 aujourd&#039;hui et il ne reste plus beaucoup des villas pr\u00e9sentes (remplac\u00e9es par des maisons plus r\u00e9centes ou des immeubles).\"srcset=\"https:\/\/coquetiers.com\/WPCoquetie\/wp-content\/uploads\/2023\/12\/Allee_Rendez-vous_04_bdef.jpg 1000w, https:\/\/coquetiers.com\/WPCoquetie\/wp-content\/uploads\/2023\/12\/Allee_Rendez-vous_04_bdef-300x192.jpg 300w, https:\/\/coquetiers.com\/WPCoquetie\/wp-content\/uploads\/2023\/12\/Allee_Rendez-vous_04_bdef-768x492.jpg 768w\" sizes=\"(max-width: 300px) 100vw, 300px\"\" srcset=\"https:\/\/coquetiers.com\/WPCoquetie\/wp-content\/uploads\/2023\/12\/Allee_Rendez-vous_04_bdef-300x192.jpg 300w, https:\/\/coquetiers.com\/WPCoquetie\/wp-content\/uploads\/2023\/12\/Allee_Rendez-vous_04_bdef-768x492.jpg 768w, https:\/\/coquetiers.com\/WPCoquetie\/wp-content\/uploads\/2023\/12\/Allee_Rendez-vous_04_bdef.jpg 1000w\" \/>\n\t\t<div class=\"figc\">\n\t\t\t<div class=\"figc-inner\">\n\t\t\t\t\t\t\t\t\t<div class='jtg-title'>All\u00e9e du Rendez-vous, aujourd'hui rue John Kennedy<\/div>\n\t\t\t\t\t\t\t\t\t\t\t\t\t<p class=\"description\">Cette partie de l'All\u00e9e du Rendez-vous est aujourd'hui rebaptis\u00e9e rue John Kennedy. On constate bien en dernier plan les deux tours de la villa si caract\u00e9ristique. A remarquer \u00e9galement le nombre de chiens pr\u00e9sents sur cette carte postale. Cette partie de la rue a bien chang\u00e9 aujourd'hui et il ne reste plus beaucoup des villas pr\u00e9sentes (remplac\u00e9es par des maisons plus r\u00e9centes ou des immeubles).<\/p>\n\t\t\t\t\t\t\t\t\t\t\t<\/div>\n\t\t<\/div>\n\n\t<\/div>\n\n<\/div>\t\t\n\t<\/div>\n\n\t\n\t\n\t<script type=\"application\/ld+json\">\n\t{\n\t\t\"@context\": \"http:\/\/schema.org\",\n\t\t\"@type\"   : \"ImageGallery\",\n\t\t\"id\"      : \"https:\/\/coquetiers.com\/WPCoquetie\",\n\t\t\"url\"     : \"https:\/\/coquetiers.com\/WPCoquetie\"\n\t}\n\n    <\/script>\n\n\t\n<\/div>","protected":false},"excerpt":{"rendered":"<p>L&rsquo;All\u00e9e du Rendez-vous est situ\u00e9e \u00e0 Pavillons sous Bois, C&rsquo;est la Halte situ\u00e9e apr\u00e8s celle de l&rsquo;All\u00e9e de la Tour, en allant vers Livry Gargan. Les grandes parcelles ont \u00e9t\u00e9 divis\u00e9es, de nombreux pavillons des ann\u00e9es 70-80 ont transform\u00e9 ce quartier. Quelque villas caract\u00e9ristiques de la fin du 19\u00e8me si\u00e8cle sont encore dress\u00e9es.<\/p>\n","protected":false},"author":1,"featured_media":0,"parent":0,"menu_order":0,"comment_status":"closed","ping_status":"closed","template":"","meta":{"footnotes":""},"_links":{"self":[{"href":"https:\/\/coquetiers.com\/WPCoquetie\/index.php?rest_route=\/wp\/v2\/pages\/555"}],"collection":[{"href":"https:\/\/coquetiers.com\/WPCoquetie\/index.php?rest_route=\/wp\/v2\/pages"}],"about":[{"href":"https:\/\/coquetiers.com\/WPCoquetie\/index.php?rest_route=\/wp\/v2\/types\/page"}],"author":[{"embeddable":true,"href":"https:\/\/coquetiers.com\/WPCoquetie\/index.php?rest_route=\/wp\/v2\/users\/1"}],"replies":[{"embeddable":true,"href":"https:\/\/coquetiers.com\/WPCoquetie\/index.php?rest_route=%2Fwp%2Fv2%2Fcomments&post=555"}],"version-history":[{"count":7,"href":"https:\/\/coquetiers.com\/WPCoquetie\/index.php?rest_route=\/wp\/v2\/pages\/555\/revisions"}],"predecessor-version":[{"id":583,"href":"https:\/\/coquetiers.com\/WPCoquetie\/index.php?rest_route=\/wp\/v2\/pages\/555\/revisions\/583"}],"wp:attachment":[{"href":"https:\/\/coquetiers.com\/WPCoquetie\/index.php?rest_route=%2Fwp%2Fv2%2Fmedia&parent=555"}],"curies":[{"name":"wp","href":"https:\/\/api.w.org\/{rel}","templated":true}]}}