{"id":582,"date":"2023-12-28T09:04:09","date_gmt":"2023-12-28T08:04:09","guid":{"rendered":"https:\/\/coquetiers.com\/WPCoquetie\/?page_id=582"},"modified":"2023-12-28T09:08:42","modified_gmt":"2023-12-28T08:08:42","slug":"halte-magne-et-maison-piette","status":"publish","type":"page","link":"https:\/\/coquetiers.com\/WPCoquetie\/?page_id=582","title":{"rendered":"Halte Magne et Maison Piette"},"content":{"rendered":"\n<div class=\"wp-block-columns is-layout-flex wp-container-core-columns-layout-1 wp-block-columns-is-layout-flex\">\n<div class=\"wp-block-column is-layout-flow wp-block-column-is-layout-flow\" style=\"flex-basis:33.33%\">\n<figure class=\"wp-block-image size-full is-resized\"><img loading=\"lazy\" decoding=\"async\" src=\"https:\/\/coquetiers.com\/WPCoquetie\/wp-content\/uploads\/2023\/12\/halte_magne_02.gif\" alt=\"\" class=\"wp-image-584\" width=\"239\" height=\"261\"\/><\/figure>\n<\/div>\n\n\n\n<div class=\"wp-block-column is-vertically-aligned-top is-layout-flow wp-block-column-is-layout-flow\" style=\"flex-basis:66.66%\">\n<p>L&rsquo;All\u00e9e du Rendez-vous est situ\u00e9e \u00e0 Pavillons sous Bois, C&rsquo;est la Halte situ\u00e9e apr\u00e8s celle de l&rsquo;All\u00e9e de la Tour, en allant vers Livry Gargan. Les grandes parcelles ont \u00e9t\u00e9 divis\u00e9es, de nombreux pavillons des ann\u00e9es 70-80 ont transform\u00e9 ce quartier. Quelque villas caract\u00e9ristiques de la fin du 19\u00e8me si\u00e8cle sont encore dress\u00e9es.<\/p>\n<\/div>\n<\/div>\n\n\n<style>#jtg-573 .modula-item { box-shadow: #ffffff 0px 0px 6px; }#jtg-573 .modula-item .jtg-social a, .lightbox-socials.jtg-social a{ color: #ffffff }#jtg-573 .modula-item .jtg-social svg, .lightbox-socials.jtg-social svg { height: 16px; width: 16px }#jtg-573 .modula-item .jtg-social a:not(:last-child), .lightbox-socials.jtg-social a:not(:last-child) { margin-right: 10px }#jtg-573 .modula-item .figc {color:#ffffff;}#jtg-573 .modula-item .figc .jtg-title {  font-size: 36px; }#jtg-573 .modula-item .modula-item-content { transform: scale(1) }#jtg-573 .modula-items .figc p.description { font-size:16px; }#jtg-573 .modula-items .figc p.description { color:#ffffff;}#jtg-573.modula-gallery .modula-item > a, #jtg-573.modula-gallery .modula-item, #jtg-573.modula-gallery .modula-item-content > a:not(.modula-no-follow) { cursor:zoom-in; } #jtg-573.modula-gallery .modula-item-content .modula-no-follow { cursor: default; } @media screen and (max-width:480px){#jtg-573 .modula-item .figc .jtg-title {  font-size: 13px; }#jtg-573 .modula-items .figc p.description { color:#ffffff;font-size:10px; }}<\/style>\n<!-- Gallery Container -->\n<div  id=\"jtg-573\" class=\"modula modula-gallery modula-custom-grid\" data-config=\"{&quot;height&quot;:0,&quot;tabletHeight&quot;:0,&quot;mobileHeight&quot;:0,&quot;desktopHeight&quot;:0,&quot;enableTwitter&quot;:false,&quot;enableWhatsapp&quot;:false,&quot;enableFacebook&quot;:false,&quot;enablePinterest&quot;:false,&quot;enableLinkedin&quot;:false,&quot;enableEmail&quot;:false,&quot;randomFactor&quot;:0,&quot;type&quot;:&quot;custom-grid&quot;,&quot;columns&quot;:12,&quot;gutter&quot;:10,&quot;mobileGutter&quot;:10,&quot;tabletGutter&quot;:10,&quot;desktopGutter&quot;:10,&quot;enableResponsive&quot;:&quot;0&quot;,&quot;tabletColumns&quot;:&quot;2&quot;,&quot;mobileColumns&quot;:&quot;1&quot;,&quot;lazyLoad&quot;:&quot;0&quot;,&quot;lightboxOpts&quot;:{&quot;loop&quot;:false,&quot;arrows&quot;:true,&quot;toolbar&quot;:true,&quot;keyboard&quot;:true,&quot;wheel&quot;:false,&quot;buttons&quot;:[&quot;close&quot;],&quot;hash&quot;:false,&quot;lang&quot;:&quot;en&quot;,&quot;touch&quot;:false,&quot;protect&quot;:false,&quot;i18n&quot;:{&quot;en&quot;:{&quot;CLOSE&quot;:&quot;Close&quot;,&quot;NEXT&quot;:&quot;Next&quot;,&quot;PREV&quot;:&quot;Previous&quot;,&quot;Error&quot;:&quot;The requested content cannot be loaded. Please try again later.&quot;,&quot;PLAY_START&quot;:&quot;Start slideshow&quot;,&quot;PLAY_STOP&quot;:&quot;Pause slideshow&quot;,&quot;FULL_SCREEN&quot;:&quot;Full screen&quot;,&quot;THUMBS&quot;:&quot;Thumbnails&quot;,&quot;DOWNLOAD&quot;:&quot;Download&quot;,&quot;SHARE&quot;:&quot;Share&quot;,&quot;ZOOM&quot;:&quot;Zoom&quot;}},&quot;clickSlide&quot;:false,&quot;clickOutside&quot;:false,&quot;dblclickContent&quot;:false,&quot;dblclickSlide&quot;:false,&quot;dblclickOutside&quot;:false,&quot;clickContent&quot;:false,&quot;baseTpl&quot;:&quot;&lt;div class=\\&quot;modula-fancybox-container modula-lightbox-jtg-573\\&quot; role=\\&quot;dialog\\&quot; tabindex=\\&quot;-1\\&quot;&gt;&lt;div class=\\&quot;modula-fancybox-bg\\&quot;&gt;&lt;\\\/div&gt;&lt;div class=\\&quot;modula-fancybox-inner\\&quot;&gt;&lt;div class=\\&quot;modula-fancybox-infobar\\&quot;&gt;&lt;span data-fancybox-index&gt;&lt;\\\/span&gt;&nbsp;\\\/&nbsp;&lt;span data-fancybox-count&gt;&lt;\\\/span&gt;&lt;\\\/div&gt;&lt;div class=\\&quot;modula-fancybox-toolbar\\&quot;&gt;{{buttons}}&lt;\\\/div&gt;&lt;div class=\\&quot;modula-fancybox-navigation\\&quot;&gt;{{arrows}}&lt;\\\/div&gt;&lt;div class=\\&quot;modula-fancybox-stage\\&quot;&gt;&lt;\\\/div&gt;&lt;div class=\\&quot;modula-fancybox-caption\\&quot;&gt;&lt;div class=\\&quot;modula-fancybox-caption__body\\&quot;&gt;&lt;\\\/div&gt;&lt;\\\/div&gt;&lt;\\\/div&gt;&lt;\\\/div&gt;&quot;},&quot;inView&quot;:false,&quot;email_subject&quot;:&quot;Check out this awesome image !!&quot;,&quot;email_message&quot;:&quot;Here is the link to the image : %%image_link%% and this is the link to the gallery : %%gallery_link%%&quot;,&quot;lightbox&quot;:&quot;fancybox&quot;}\">\n\n\t\n\t<!-- Items Container -->\n\t<div  class=\"modula-items\">\n\t\t<div class=\"modula-item effect-pufrobo\" data-width=\"12\" data-height=\"8\" >\n\t<div class=\"modula-item-overlay\"><\/div>\n\n\t<div class=\"modula-item-content\">\n\n\t\t\t\t\n\t\t\t\t\t<a data-image-id=\"319\" rel=\"jtg-573\" data-caption=\"Autre Caf\u00e9 du Carrefour Magne, la Maison Piette fait H\u00f4tel et Caf\u00e9, mais ne propose pas de terrasse. En arri\u00e8re plan la Halte Magne (et non pas la Gare des Coquetiers) qui succ\u00e9dait \u00e0 la gare des Coquetiers sur la ligne Bondy-Livry Gargan. Date approximative 1920.\" aria-label=\"Open image in lightbox\" class=\"tile-inner modula-item-link\"><\/a>\n\t\t\n\t\t<img loading=\"lazy\" decoding=\"async\" class=\"pic wp-image-319\"  data-valign=\"middle\" data-halign=\"center\" alt=\"Maison Piette et Halte Magne\" data-full=\"https:\/\/coquetiers.com\/WPCoquetie\/wp-content\/uploads\/2020\/12\/rond_point_galieni_1.jpg\" title=\"Maison Piette et Halte Magne\" width=\"300\" height=\"197\" src=\"https:\/\/coquetiers.com\/WPCoquetie\/wp-content\/uploads\/2020\/12\/rond_point_galieni_1-300x197.jpg\" data-src=\"https:\/\/coquetiers.com\/WPCoquetie\/wp-content\/uploads\/2020\/12\/rond_point_galieni_1-300x197.jpg\" data-caption=\"Autre Caf\u00e9 du Carrefour Magne, la Maison Piette fait H\u00f4tel et Caf\u00e9, mais ne propose pas de terrasse. En arri\u00e8re plan la Halte Magne (et non pas la Gare des Coquetiers) qui succ\u00e9dait \u00e0 la gare des Coquetiers sur la ligne Bondy-Livry Gargan. Date approximative 1920.\"srcset=\"https:\/\/coquetiers.com\/WPCoquetie\/wp-content\/uploads\/2020\/12\/rond_point_galieni_1.jpg 1000w, https:\/\/coquetiers.com\/WPCoquetie\/wp-content\/uploads\/2020\/12\/rond_point_galieni_1-300x197.jpg 300w, https:\/\/coquetiers.com\/WPCoquetie\/wp-content\/uploads\/2020\/12\/rond_point_galieni_1-768x504.jpg 768w\" sizes=\"(max-width: 300px) 100vw, 300px\"\" srcset=\"https:\/\/coquetiers.com\/WPCoquetie\/wp-content\/uploads\/2020\/12\/rond_point_galieni_1-300x197.jpg 300w, https:\/\/coquetiers.com\/WPCoquetie\/wp-content\/uploads\/2020\/12\/rond_point_galieni_1-768x504.jpg 768w, https:\/\/coquetiers.com\/WPCoquetie\/wp-content\/uploads\/2020\/12\/rond_point_galieni_1.jpg 1000w\" \/>\n\t\t<div class=\"figc\">\n\t\t\t<div class=\"figc-inner\">\n\t\t\t\t\t\t\t\t\t<div class='jtg-title'>Maison Piette et Halte Magne<\/div>\n\t\t\t\t\t\t\t\t\t\t\t\t\t<p class=\"description\">Autre Caf\u00e9 du Carrefour Magne, la Maison Piette fait H\u00f4tel et Caf\u00e9, mais ne propose pas de terrasse. En arri\u00e8re plan la Halte Magne (et non pas la Gare des Coquetiers) qui succ\u00e9dait \u00e0 la gare des Coquetiers sur la ligne Bondy-Livry Gargan. Date approximative 1920.<\/p>\n\t\t\t\t\t\t\t\t\t\t\t<\/div>\n\t\t<\/div>\n\n\t<\/div>\n\n<\/div><div class=\"modula-item effect-pufrobo\" data-width=\"12\" data-height=\"9\" >\n\t<div class=\"modula-item-overlay\"><\/div>\n\n\t<div class=\"modula-item-content\">\n\n\t\t\t\t\n\t\t\t\t\t<a data-image-id=\"581\" rel=\"jtg-573\" data-caption=\"Cette carte date des ann\u00e9es 20, la Maison Piette fait toujours office de Caf\u00e9\/Bar. Plusierus boutiques de quartier animent le boulevard d&#039;Aulnay.\" aria-label=\"Open image in lightbox\" class=\"tile-inner modula-item-link\"><\/a>\n\t\t\n\t\t<img loading=\"lazy\" decoding=\"async\" class=\"pic wp-image-581\"  data-valign=\"middle\" data-halign=\"center\" alt=\"\" data-full=\"https:\/\/coquetiers.com\/WPCoquetie\/wp-content\/uploads\/2023\/12\/Carrefour_Gallieni09.jpg\" title=\"Maison Piette et Halte Magne\" width=\"300\" height=\"184\" src=\"https:\/\/coquetiers.com\/WPCoquetie\/wp-content\/uploads\/2023\/12\/Carrefour_Gallieni09-300x184.jpg\" data-src=\"https:\/\/coquetiers.com\/WPCoquetie\/wp-content\/uploads\/2023\/12\/Carrefour_Gallieni09-300x184.jpg\" data-caption=\"Cette carte date des ann\u00e9es 20, la Maison Piette fait toujours office de Caf\u00e9\/Bar. Plusierus boutiques de quartier animent le boulevard d&#039;Aulnay.\"srcset=\"https:\/\/coquetiers.com\/WPCoquetie\/wp-content\/uploads\/2023\/12\/Carrefour_Gallieni09.jpg 1000w, https:\/\/coquetiers.com\/WPCoquetie\/wp-content\/uploads\/2023\/12\/Carrefour_Gallieni09-300x184.jpg 300w, https:\/\/coquetiers.com\/WPCoquetie\/wp-content\/uploads\/2023\/12\/Carrefour_Gallieni09-768x472.jpg 768w\" sizes=\"(max-width: 300px) 100vw, 300px\"\" srcset=\"https:\/\/coquetiers.com\/WPCoquetie\/wp-content\/uploads\/2023\/12\/Carrefour_Gallieni09-300x184.jpg 300w, https:\/\/coquetiers.com\/WPCoquetie\/wp-content\/uploads\/2023\/12\/Carrefour_Gallieni09-768x472.jpg 768w, https:\/\/coquetiers.com\/WPCoquetie\/wp-content\/uploads\/2023\/12\/Carrefour_Gallieni09.jpg 1000w\" \/>\n\t\t<div class=\"figc\">\n\t\t\t<div class=\"figc-inner\">\n\t\t\t\t\t\t\t\t\t<div class='jtg-title'>Maison Piette et Halte Magne<\/div>\n\t\t\t\t\t\t\t\t\t\t\t\t\t<p class=\"description\">Cette carte date des ann\u00e9es 20, la Maison Piette fait toujours office de Caf\u00e9\/Bar. Plusierus boutiques de quartier animent le boulevard d'Aulnay.<\/p>\n\t\t\t\t\t\t\t\t\t\t\t<\/div>\n\t\t<\/div>\n\n\t<\/div>\n\n<\/div><div class=\"modula-item effect-pufrobo\" data-width=\"12\" data-height=\"8\" >\n\t<div class=\"modula-item-overlay\"><\/div>\n\n\t<div class=\"modula-item-content\">\n\n\t\t\t\t\n\t\t\t\t\t<a data-image-id=\"580\" rel=\"jtg-573\" data-caption=\"Cette carte peu anim\u00e9e permet de discerner la panneau publicitaire de l&#039;Agence des Coquetiers. Cette agence immobili\u00e8re (situ\u00e9e \u00e0 l&#039;angle du boulevard d&#039;Aulnay et de la rue Gambetta) a d\u00fb \u00eatre tr\u00e8s prosp\u00e8re au regard du nombre de d\u00e9coupes de lots dans le quartier. Le bois situ\u00e9 derri\u00e8re la Maison Cottin (rue Leo Desjardins actuelle) n&#039;\u00e9tait pas encore viabilis\u00e9.\" aria-label=\"Open image in lightbox\" class=\"tile-inner modula-item-link\"><\/a>\n\t\t\n\t\t<img loading=\"lazy\" decoding=\"async\" class=\"pic wp-image-580\"  data-valign=\"middle\" data-halign=\"center\" alt=\"\" data-full=\"https:\/\/coquetiers.com\/WPCoquetie\/wp-content\/uploads\/2023\/12\/Carrefour_Gallieni08.jpg\" title=\"Boulevard d&#039;Aulnay et Halte Magne, vue large\" width=\"300\" height=\"184\" src=\"https:\/\/coquetiers.com\/WPCoquetie\/wp-content\/uploads\/2023\/12\/Carrefour_Gallieni08-300x184.jpg\" data-src=\"https:\/\/coquetiers.com\/WPCoquetie\/wp-content\/uploads\/2023\/12\/Carrefour_Gallieni08-300x184.jpg\" data-caption=\"Cette carte peu anim\u00e9e permet de discerner la panneau publicitaire de l&#039;Agence des Coquetiers. Cette agence immobili\u00e8re (situ\u00e9e \u00e0 l&#039;angle du boulevard d&#039;Aulnay et de la rue Gambetta) a d\u00fb \u00eatre tr\u00e8s prosp\u00e8re au regard du nombre de d\u00e9coupes de lots dans le quartier. Le bois situ\u00e9 derri\u00e8re la Maison Cottin (rue Leo Desjardins actuelle) n&#039;\u00e9tait pas encore viabilis\u00e9.\"srcset=\"https:\/\/coquetiers.com\/WPCoquetie\/wp-content\/uploads\/2023\/12\/Carrefour_Gallieni08.jpg 1000w, https:\/\/coquetiers.com\/WPCoquetie\/wp-content\/uploads\/2023\/12\/Carrefour_Gallieni08-300x184.jpg 300w, https:\/\/coquetiers.com\/WPCoquetie\/wp-content\/uploads\/2023\/12\/Carrefour_Gallieni08-768x472.jpg 768w\" sizes=\"(max-width: 300px) 100vw, 300px\"\" srcset=\"https:\/\/coquetiers.com\/WPCoquetie\/wp-content\/uploads\/2023\/12\/Carrefour_Gallieni08-300x184.jpg 300w, https:\/\/coquetiers.com\/WPCoquetie\/wp-content\/uploads\/2023\/12\/Carrefour_Gallieni08-768x472.jpg 768w, https:\/\/coquetiers.com\/WPCoquetie\/wp-content\/uploads\/2023\/12\/Carrefour_Gallieni08.jpg 1000w\" \/>\n\t\t<div class=\"figc\">\n\t\t\t<div class=\"figc-inner\">\n\t\t\t\t\t\t\t\t\t<div class='jtg-title'>Boulevard d'Aulnay et Halte Magne, vue large<\/div>\n\t\t\t\t\t\t\t\t\t\t\t\t\t<p class=\"description\">Cette carte peu anim\u00e9e permet de discerner la panneau publicitaire de l'Agence des Coquetiers. Cette agence immobili\u00e8re (situ\u00e9e \u00e0 l'angle du boulevard d'Aulnay et de la rue Gambetta) a d\u00fb \u00eatre tr\u00e8s prosp\u00e8re au regard du nombre de d\u00e9coupes de lots dans le quartier. Le bois situ\u00e9 derri\u00e8re la Maison Cottin (rue Leo Desjardins actuelle) n'\u00e9tait pas encore viabilis\u00e9.<\/p>\n\t\t\t\t\t\t\t\t\t\t\t<\/div>\n\t\t<\/div>\n\n\t<\/div>\n\n<\/div><div class=\"modula-item effect-pufrobo\" data-width=\"12\" data-height=\"8\" >\n\t<div class=\"modula-item-overlay\"><\/div>\n\n\t<div class=\"modula-item-content\">\n\n\t\t\t\t\n\t\t\t\t\t<a data-image-id=\"388\" rel=\"jtg-573\" data-caption=\"Depuis 1918, l&#039;avenue Magne a \u00e9t\u00e9 rebaptis\u00e9e avenue Gallieni en m\u00e9moire du g\u00e9n\u00e9ral et de ses exploits militaires. La Gare de l&#039;Avenue Gallieni se tient \u00e0 la place de la Halte Magne. Le b\u00e2timent de la gare est semblable \u00e0 celui de la Gare des Coquetiers (qui deviendra b\u00e2timent class\u00e9 ce qui permettra d&#039;\u00e9viter sa d\u00e9molition). Date approximative 1920.\" aria-label=\"Open image in lightbox\" class=\"tile-inner modula-item-link\"><\/a>\n\t\t\n\t\t<img loading=\"lazy\" decoding=\"async\" class=\"pic wp-image-388\"  data-valign=\"middle\" data-halign=\"center\" alt=\"Gare de l&#039;avenue Gallieni\" data-full=\"https:\/\/coquetiers.com\/WPCoquetie\/wp-content\/uploads\/2020\/12\/HalteMagne.jpg\" title=\"Gare de l&#039;avenue Gallieni\" width=\"300\" height=\"192\" src=\"https:\/\/coquetiers.com\/WPCoquetie\/wp-content\/uploads\/2020\/12\/HalteMagne-300x192.jpg\" data-src=\"https:\/\/coquetiers.com\/WPCoquetie\/wp-content\/uploads\/2020\/12\/HalteMagne-300x192.jpg\" data-caption=\"Depuis 1918, l&#039;avenue Magne a \u00e9t\u00e9 rebaptis\u00e9e avenue Gallieni en m\u00e9moire du g\u00e9n\u00e9ral et de ses exploits militaires. La Gare de l&#039;Avenue Gallieni se tient \u00e0 la place de la Halte Magne. Le b\u00e2timent de la gare est semblable \u00e0 celui de la Gare des Coquetiers (qui deviendra b\u00e2timent class\u00e9 ce qui permettra d&#039;\u00e9viter sa d\u00e9molition). Date approximative 1920.\"srcset=\"https:\/\/coquetiers.com\/WPCoquetie\/wp-content\/uploads\/2020\/12\/HalteMagne.jpg 1930w, https:\/\/coquetiers.com\/WPCoquetie\/wp-content\/uploads\/2020\/12\/HalteMagne-300x192.jpg 300w, https:\/\/coquetiers.com\/WPCoquetie\/wp-content\/uploads\/2020\/12\/HalteMagne-1024x655.jpg 1024w, https:\/\/coquetiers.com\/WPCoquetie\/wp-content\/uploads\/2020\/12\/HalteMagne-768x491.jpg 768w, https:\/\/coquetiers.com\/WPCoquetie\/wp-content\/uploads\/2020\/12\/HalteMagne-1536x982.jpg 1536w, https:\/\/coquetiers.com\/WPCoquetie\/wp-content\/uploads\/2020\/12\/HalteMagne-1568x1003.jpg 1568w\" sizes=\"(max-width: 300px) 100vw, 300px\"\" srcset=\"https:\/\/coquetiers.com\/WPCoquetie\/wp-content\/uploads\/2020\/12\/HalteMagne-300x192.jpg 300w, https:\/\/coquetiers.com\/WPCoquetie\/wp-content\/uploads\/2020\/12\/HalteMagne-1024x655.jpg 1024w, https:\/\/coquetiers.com\/WPCoquetie\/wp-content\/uploads\/2020\/12\/HalteMagne-768x491.jpg 768w, https:\/\/coquetiers.com\/WPCoquetie\/wp-content\/uploads\/2020\/12\/HalteMagne-1536x982.jpg 1536w, https:\/\/coquetiers.com\/WPCoquetie\/wp-content\/uploads\/2020\/12\/HalteMagne-1568x1003.jpg 1568w, https:\/\/coquetiers.com\/WPCoquetie\/wp-content\/uploads\/2020\/12\/HalteMagne.jpg 1930w\" \/>\n\t\t<div class=\"figc\">\n\t\t\t<div class=\"figc-inner\">\n\t\t\t\t\t\t\t\t\t<div class='jtg-title'>Gare de l'avenue Gallieni<\/div>\n\t\t\t\t\t\t\t\t\t\t\t\t\t<p class=\"description\">Depuis 1918, l'avenue Magne a \u00e9t\u00e9 rebaptis\u00e9e avenue Gallieni en m\u00e9moire du g\u00e9n\u00e9ral et de ses exploits militaires. La Gare de l'Avenue Gallieni se tient \u00e0 la place de la Halte Magne. Le b\u00e2timent de la gare est semblable \u00e0 celui de la Gare des Coquetiers (qui deviendra b\u00e2timent class\u00e9 ce qui permettra d'\u00e9viter sa d\u00e9molition). Date approximative 1920.<\/p>\n\t\t\t\t\t\t\t\t\t\t\t<\/div>\n\t\t<\/div>\n\n\t<\/div>\n\n<\/div><div class=\"modula-item effect-pufrobo\" data-width=\"12\" data-height=\"7\" >\n\t<div class=\"modula-item-overlay\"><\/div>\n\n\t<div class=\"modula-item-content\">\n\n\t\t\t\t\n\t\t\t\t\t<a data-image-id=\"321\" rel=\"jtg-573\" data-caption=\"A gauche, la salle du Caf\u00e9 de M. Le Bourhis, \u00e0 droite une agence immobili\u00e8re appartenant \u00e0 M. Gacoin. En face, c&#039;est la rue Leo Desjardins. A noter qu&#039;apr\u00e8s avoir \u00e9t\u00e9 un caf\u00e9, une agence immobili\u00e8re, la boutique abrite depuis tr\u00e8s longtemps une pharmacie.\" aria-label=\"Open image in lightbox\" class=\"tile-inner modula-item-link\"><\/a>\n\t\t\n\t\t<img loading=\"lazy\" decoding=\"async\" class=\"pic wp-image-321\"  data-valign=\"middle\" data-halign=\"center\" alt=\"Agence Immobili\u00e8re Gacoin\" data-full=\"https:\/\/coquetiers.com\/WPCoquetie\/wp-content\/uploads\/2020\/12\/rond_point_galieni_3.jpg\" title=\"Agence Immobili\u00e8re Gacoin\" width=\"300\" height=\"195\" src=\"https:\/\/coquetiers.com\/WPCoquetie\/wp-content\/uploads\/2020\/12\/rond_point_galieni_3-300x195.jpg\" data-src=\"https:\/\/coquetiers.com\/WPCoquetie\/wp-content\/uploads\/2020\/12\/rond_point_galieni_3-300x195.jpg\" data-caption=\"A gauche, la salle du Caf\u00e9 de M. Le Bourhis, \u00e0 droite une agence immobili\u00e8re appartenant \u00e0 M. Gacoin. En face, c&#039;est la rue Leo Desjardins. A noter qu&#039;apr\u00e8s avoir \u00e9t\u00e9 un caf\u00e9, une agence immobili\u00e8re, la boutique abrite depuis tr\u00e8s longtemps une pharmacie.\"srcset=\"https:\/\/coquetiers.com\/WPCoquetie\/wp-content\/uploads\/2020\/12\/rond_point_galieni_3.jpg 1000w, https:\/\/coquetiers.com\/WPCoquetie\/wp-content\/uploads\/2020\/12\/rond_point_galieni_3-300x195.jpg 300w, https:\/\/coquetiers.com\/WPCoquetie\/wp-content\/uploads\/2020\/12\/rond_point_galieni_3-768x499.jpg 768w\" sizes=\"(max-width: 300px) 100vw, 300px\"\" srcset=\"https:\/\/coquetiers.com\/WPCoquetie\/wp-content\/uploads\/2020\/12\/rond_point_galieni_3-300x195.jpg 300w, https:\/\/coquetiers.com\/WPCoquetie\/wp-content\/uploads\/2020\/12\/rond_point_galieni_3-768x499.jpg 768w, https:\/\/coquetiers.com\/WPCoquetie\/wp-content\/uploads\/2020\/12\/rond_point_galieni_3.jpg 1000w\" \/>\n\t\t<div class=\"figc\">\n\t\t\t<div class=\"figc-inner\">\n\t\t\t\t\t\t\t\t\t<div class='jtg-title'>Agence Immobili\u00e8re Gacoin<\/div>\n\t\t\t\t\t\t\t\t\t\t\t\t\t<p class=\"description\">A gauche, la salle du Caf\u00e9 de M. Le Bourhis, \u00e0 droite une agence immobili\u00e8re appartenant \u00e0 M. Gacoin. En face, c'est la rue Leo Desjardins. A noter qu'apr\u00e8s avoir \u00e9t\u00e9 un caf\u00e9, une agence immobili\u00e8re, la boutique abrite depuis tr\u00e8s longtemps une pharmacie.<\/p>\n\t\t\t\t\t\t\t\t\t\t\t<\/div>\n\t\t<\/div>\n\n\t<\/div>\n\n<\/div><div class=\"modula-item effect-pufrobo\" data-width=\"12\" data-height=\"8\" >\n\t<div class=\"modula-item-overlay\"><\/div>\n\n\t<div class=\"modula-item-content\">\n\n\t\t\t\t\n\t\t\t\t\t<a data-image-id=\"368\" rel=\"jtg-573\" data-caption=\"La Maison Le Bourhis a \u00e9t\u00e9 revendue, le caf\u00e9 s&#039;appelle \u00e0 pr\u00e9sent (et toujours) l&#039;Etincelle. Cet \u00e9tablissement ne fait plus h\u00f4tel, le marbre rose de la devanture est toujours d&#039;actualit\u00e9. L&#039;entr\u00e9e ne se fait plus que par la partie Tabac, sur l&#039;avenue Gallieni. Date approximative, ann\u00e9es 70.\" aria-label=\"Open image in lightbox\" class=\"tile-inner modula-item-link\"><\/a>\n\t\t\n\t\t<img loading=\"lazy\" decoding=\"async\" class=\"pic wp-image-368\"  data-valign=\"middle\" data-halign=\"center\" alt=\"Bar l&#039;Etincelle\" data-full=\"https:\/\/coquetiers.com\/WPCoquetie\/wp-content\/uploads\/2020\/12\/Ettincelle_Gallieni.jpg\" title=\"Bar l&#039;Etincelle, ann\u00e9es 70\" width=\"300\" height=\"206\" src=\"https:\/\/coquetiers.com\/WPCoquetie\/wp-content\/uploads\/2020\/12\/Ettincelle_Gallieni-300x206.jpg\" data-src=\"https:\/\/coquetiers.com\/WPCoquetie\/wp-content\/uploads\/2020\/12\/Ettincelle_Gallieni-300x206.jpg\" data-caption=\"La Maison Le Bourhis a \u00e9t\u00e9 revendue, le caf\u00e9 s&#039;appelle \u00e0 pr\u00e9sent (et toujours) l&#039;Etincelle. Cet \u00e9tablissement ne fait plus h\u00f4tel, le marbre rose de la devanture est toujours d&#039;actualit\u00e9. L&#039;entr\u00e9e ne se fait plus que par la partie Tabac, sur l&#039;avenue Gallieni. Date approximative, ann\u00e9es 70.\"srcset=\"https:\/\/coquetiers.com\/WPCoquetie\/wp-content\/uploads\/2020\/12\/Ettincelle_Gallieni.jpg 1500w, https:\/\/coquetiers.com\/WPCoquetie\/wp-content\/uploads\/2020\/12\/Ettincelle_Gallieni-300x206.jpg 300w, https:\/\/coquetiers.com\/WPCoquetie\/wp-content\/uploads\/2020\/12\/Ettincelle_Gallieni-1024x705.jpg 1024w, https:\/\/coquetiers.com\/WPCoquetie\/wp-content\/uploads\/2020\/12\/Ettincelle_Gallieni-768x528.jpg 768w\" sizes=\"(max-width: 300px) 100vw, 300px\"\" srcset=\"https:\/\/coquetiers.com\/WPCoquetie\/wp-content\/uploads\/2020\/12\/Ettincelle_Gallieni-300x206.jpg 300w, https:\/\/coquetiers.com\/WPCoquetie\/wp-content\/uploads\/2020\/12\/Ettincelle_Gallieni-1024x705.jpg 1024w, https:\/\/coquetiers.com\/WPCoquetie\/wp-content\/uploads\/2020\/12\/Ettincelle_Gallieni-768x528.jpg 768w, https:\/\/coquetiers.com\/WPCoquetie\/wp-content\/uploads\/2020\/12\/Ettincelle_Gallieni.jpg 1500w\" \/>\n\t\t<div class=\"figc\">\n\t\t\t<div class=\"figc-inner\">\n\t\t\t\t\t\t\t\t\t<div class='jtg-title'>Bar l'Etincelle, ann\u00e9es 70<\/div>\n\t\t\t\t\t\t\t\t\t\t\t\t\t<p class=\"description\">La Maison Le Bourhis a \u00e9t\u00e9 revendue, le caf\u00e9 s'appelle \u00e0 pr\u00e9sent (et toujours) l'Etincelle. Cet \u00e9tablissement ne fait plus h\u00f4tel, le marbre rose de la devanture est toujours d'actualit\u00e9. L'entr\u00e9e ne se fait plus que par la partie Tabac, sur l'avenue Gallieni. Date approximative, ann\u00e9es 70.<\/p>\n\t\t\t\t\t\t\t\t\t\t\t<\/div>\n\t\t<\/div>\n\n\t<\/div>\n\n<\/div><div class=\"modula-item effect-pufrobo\" data-width=\"12\" data-height=\"8\" >\n\t<div class=\"modula-item-overlay\"><\/div>\n\n\t<div class=\"modula-item-content\">\n\n\t\t\t\t\n\t\t\t\t\t<a data-image-id=\"325\" rel=\"jtg-573\" data-caption=\"Le Caf\u00e9 l&#039;Etincelle \u00e0 gauche, et la pharmacie \u00e0 droite\" aria-label=\"Open image in lightbox\" class=\"tile-inner modula-item-link\"><\/a>\n\t\t\n\t\t<img loading=\"lazy\" decoding=\"async\" class=\"pic wp-image-325\"  data-valign=\"middle\" data-halign=\"center\" alt=\"\" data-full=\"https:\/\/coquetiers.com\/WPCoquetie\/wp-content\/uploads\/2020\/12\/rond_point_galieni_3-1.jpg\" title=\"Rue Leo Desjardins, Ann\u00e9es 2000\" width=\"300\" height=\"225\" src=\"https:\/\/coquetiers.com\/WPCoquetie\/wp-content\/uploads\/2020\/12\/rond_point_galieni_3-1-300x225.jpg\" data-src=\"https:\/\/coquetiers.com\/WPCoquetie\/wp-content\/uploads\/2020\/12\/rond_point_galieni_3-1-300x225.jpg\" data-caption=\"Le Caf\u00e9 l&#039;Etincelle \u00e0 gauche, et la pharmacie \u00e0 droite\"srcset=\"https:\/\/coquetiers.com\/WPCoquetie\/wp-content\/uploads\/2020\/12\/rond_point_galieni_3-1.jpg 600w, https:\/\/coquetiers.com\/WPCoquetie\/wp-content\/uploads\/2020\/12\/rond_point_galieni_3-1-300x225.jpg 300w\" sizes=\"(max-width: 300px) 100vw, 300px\"\" srcset=\"https:\/\/coquetiers.com\/WPCoquetie\/wp-content\/uploads\/2020\/12\/rond_point_galieni_3-1-300x225.jpg 300w, https:\/\/coquetiers.com\/WPCoquetie\/wp-content\/uploads\/2020\/12\/rond_point_galieni_3-1.jpg 600w\" \/>\n\t\t<div class=\"figc\">\n\t\t\t<div class=\"figc-inner\">\n\t\t\t\t\t\t\t\t\t<div class='jtg-title'>Rue Leo Desjardins, Ann\u00e9es 2000<\/div>\n\t\t\t\t\t\t\t\t\t\t\t\t\t<p class=\"description\">Le Caf\u00e9 l'Etincelle \u00e0 gauche, et la pharmacie \u00e0 droite<\/p>\n\t\t\t\t\t\t\t\t\t\t\t<\/div>\n\t\t<\/div>\n\n\t<\/div>\n\n<\/div>\t\t\n\t<\/div>\n\n\t\n\t\n\t<script type=\"application\/ld+json\">\n\t{\n\t\t\"@context\": \"http:\/\/schema.org\",\n\t\t\"@type\"   : \"ImageGallery\",\n\t\t\"id\"      : \"https:\/\/coquetiers.com\/WPCoquetie\",\n\t\t\"url\"     : \"https:\/\/coquetiers.com\/WPCoquetie\"\n\t}\n\n    <\/script>\n\n\t\n<\/div>","protected":false},"excerpt":{"rendered":"<p>L&rsquo;All\u00e9e du Rendez-vous est situ\u00e9e \u00e0 Pavillons sous Bois, C&rsquo;est la Halte situ\u00e9e apr\u00e8s celle de l&rsquo;All\u00e9e de la Tour, en allant vers Livry Gargan. Les grandes parcelles ont \u00e9t\u00e9 divis\u00e9es, de nombreux pavillons des ann\u00e9es 70-80 ont transform\u00e9 ce quartier. Quelque villas caract\u00e9ristiques de la fin du 19\u00e8me si\u00e8cle sont encore dress\u00e9es.<\/p>\n","protected":false},"author":1,"featured_media":0,"parent":0,"menu_order":0,"comment_status":"closed","ping_status":"closed","template":"","meta":{"footnotes":""},"_links":{"self":[{"href":"https:\/\/coquetiers.com\/WPCoquetie\/index.php?rest_route=\/wp\/v2\/pages\/582"}],"collection":[{"href":"https:\/\/coquetiers.com\/WPCoquetie\/index.php?rest_route=\/wp\/v2\/pages"}],"about":[{"href":"https:\/\/coquetiers.com\/WPCoquetie\/index.php?rest_route=\/wp\/v2\/types\/page"}],"author":[{"embeddable":true,"href":"https:\/\/coquetiers.com\/WPCoquetie\/index.php?rest_route=\/wp\/v2\/users\/1"}],"replies":[{"embeddable":true,"href":"https:\/\/coquetiers.com\/WPCoquetie\/index.php?rest_route=%2Fwp%2Fv2%2Fcomments&post=582"}],"version-history":[{"count":2,"href":"https:\/\/coquetiers.com\/WPCoquetie\/index.php?rest_route=\/wp\/v2\/pages\/582\/revisions"}],"predecessor-version":[{"id":589,"href":"https:\/\/coquetiers.com\/WPCoquetie\/index.php?rest_route=\/wp\/v2\/pages\/582\/revisions\/589"}],"wp:attachment":[{"href":"https:\/\/coquetiers.com\/WPCoquetie\/index.php?rest_route=%2Fwp%2Fv2%2Fmedia&parent=582"}],"curies":[{"name":"wp","href":"https:\/\/api.w.org\/{rel}","templated":true}]}}