{"id":98,"date":"2020-11-01T16:04:53","date_gmt":"2020-11-01T15:04:53","guid":{"rendered":"http:\/\/coquetiers.com\/WPCoquetie\/?page_id=98"},"modified":"2023-12-29T09:47:04","modified_gmt":"2023-12-29T08:47:04","slug":"pages-daccueil","status":"publish","type":"page","link":"https:\/\/coquetiers.com\/WPCoquetie\/","title":{"rendered":"Bienvenue aux Coquetiers !"},"content":{"rendered":"\n<div class=\"wp-block-cover alignfull is-light has-custom-content-position is-position-top-center is-style-default\" style=\"min-height:659px\"><span aria-hidden=\"true\" class=\"wp-block-cover__background has-green-background-color has-background-dim-0 has-background-dim\"><\/span><img loading=\"lazy\" decoding=\"async\" width=\"826\" height=\"397\" class=\"wp-block-cover__image-background wp-image-415\" alt=\"\" src=\"https:\/\/coquetiers.com\/WPCoquetie\/wp-content\/uploads\/2020\/12\/BandeauSIte3-1.jpg\" style=\"object-position:50% 6%\" data-object-fit=\"cover\" data-object-position=\"50% 6%\" srcset=\"https:\/\/coquetiers.com\/WPCoquetie\/wp-content\/uploads\/2020\/12\/BandeauSIte3-1.jpg 826w, https:\/\/coquetiers.com\/WPCoquetie\/wp-content\/uploads\/2020\/12\/BandeauSIte3-1-300x144.jpg 300w, https:\/\/coquetiers.com\/WPCoquetie\/wp-content\/uploads\/2020\/12\/BandeauSIte3-1-768x369.jpg 768w\" sizes=\"(max-width: 826px) 100vw, 826px\" \/><div class=\"wp-block-cover__inner-container is-layout-flow wp-block-cover-is-layout-flow\">\n<p class=\"has-text-align-center has-text-color\" style=\"color:#fffffa;font-size:62px;line-height:1.1\"><\/p>\n<\/div><\/div>\n\n\n\n<p class=\"has-drop-cap\">Habitant Villemomble depuis des ann\u00e9es, j&rsquo;ai eu la chance de devenir propri\u00e9taire d&rsquo;une maison de ce quartier au nom si atypique : \u00ab\u00a0les Coquetiers\u00a0\u00bb. Souhaitant comprendre l&rsquo;histoire de ces rues organis\u00e9es autour d&rsquo;une ligne de train (aujourd&rsquo;hui remplac\u00e9e par le Tram T4), j&rsquo;ai commenc\u00e9 \u00e0 collectionner les cartes postales anciennes, il y a une vingtaine d&rsquo;ann\u00e9es.<\/p>\n\n\n\n<p class=\"has-text-align-center has-large-font-size\"><em><span style=\"background-color:rgba(0, 0, 0, 0)\" class=\"has-inline-color has-accent-color\">La mise \u00e0 jour de D\u00e9cembre 2023 me permet d&rsquo;afficher<\/span><\/em><br><em><span style=\"background-color:rgba(0, 0, 0, 0)\" class=\"has-inline-color has-accent-color\"><strong>100 cartes postales<\/strong><\/span><\/em><br><em><span style=\"background-color:rgba(0, 0, 0, 0)\" class=\"has-inline-color has-accent-color\">sur ce site, profitez-en bien !!!<\/span><\/em><\/p>\n\n\n\n<p><em><span style=\"background-color:rgba(0, 0, 0, 0)\" class=\"has-inline-color has-accent-color\"><strong>Vous pouvez les t\u00e9l\u00e9charger, elles sont libres de droits. Je peux \u00e9galement vous les fournir en haute d\u00e9finition sur demande. N&rsquo;h\u00e9sitez pas \u00e0 laisser des commentaires sur les cartes postales qui vous int\u00e9ressent, \u00e0 t\u00e9moigner de votre v\u00e9cu dans ce quartier !<\/strong><\/span><\/em><\/p>\n\n\n\n<p><\/p>\n\n\n<div class=\"wp-block-image is-style-default\">\n<figure class=\"aligncenter size-large\"><a href=\"https:\/\/coquetiers.com\/WPCoquetie\/?page_id=224\"><img loading=\"lazy\" decoding=\"async\" width=\"314\" height=\"54\" src=\"https:\/\/coquetiers.com\/WPCoquetie\/wp-content\/uploads\/2020\/12\/Commencez.gif\" alt=\"\" class=\"wp-image-296\"\/><\/a><\/figure><\/div>","protected":false},"excerpt":{"rendered":"<p>Habitant Villemomble depuis des ann\u00e9es, j&rsquo;ai eu la chance de devenir propri\u00e9taire d&rsquo;une maison de ce quartier au nom si atypique : \u00ab\u00a0les Coquetiers\u00a0\u00bb. Souhaitant comprendre l&rsquo;histoire de ces rues organis\u00e9es autour d&rsquo;une ligne de train (aujourd&rsquo;hui remplac\u00e9e par le Tram T4), j&rsquo;ai commenc\u00e9 \u00e0 collectionner les cartes postales anciennes, il y a une vingtaine&hellip; <a class=\"more-link\" href=\"https:\/\/coquetiers.com\/WPCoquetie\/\">Poursuivre la lecture <span class=\"screen-reader-text\">Bienvenue aux Coquetiers !<\/span><\/a><\/p>\n","protected":false},"author":1,"featured_media":0,"parent":0,"menu_order":0,"comment_status":"open","ping_status":"closed","template":"","meta":{"footnotes":""},"_links":{"self":[{"href":"https:\/\/coquetiers.com\/WPCoquetie\/index.php?rest_route=\/wp\/v2\/pages\/98"}],"collection":[{"href":"https:\/\/coquetiers.com\/WPCoquetie\/index.php?rest_route=\/wp\/v2\/pages"}],"about":[{"href":"https:\/\/coquetiers.com\/WPCoquetie\/index.php?rest_route=\/wp\/v2\/types\/page"}],"author":[{"embeddable":true,"href":"https:\/\/coquetiers.com\/WPCoquetie\/index.php?rest_route=\/wp\/v2\/users\/1"}],"replies":[{"embeddable":true,"href":"https:\/\/coquetiers.com\/WPCoquetie\/index.php?rest_route=%2Fwp%2Fv2%2Fcomments&post=98"}],"version-history":[{"count":43,"href":"https:\/\/coquetiers.com\/WPCoquetie\/index.php?rest_route=\/wp\/v2\/pages\/98\/revisions"}],"predecessor-version":[{"id":600,"href":"https:\/\/coquetiers.com\/WPCoquetie\/index.php?rest_route=\/wp\/v2\/pages\/98\/revisions\/600"}],"wp:attachment":[{"href":"https:\/\/coquetiers.com\/WPCoquetie\/index.php?rest_route=%2Fwp%2Fv2%2Fmedia&parent=98"}],"curies":[{"name":"wp","href":"https:\/\/api.w.org\/{rel}","templated":true}]}}